{"id":5840,"date":"2023-08-06T08:26:17","date_gmt":"2023-08-06T05:26:17","guid":{"rendered":"https:\/\/www.cncmarketi.com\/index.php\/product\/plastik-mfi-eriyik-akis-indeksleyicisi-mfr-eriyik-akis-indeksi-test-cihazi\/"},"modified":"2023-08-06T08:58:15","modified_gmt":"2023-08-06T05:58:15","slug":"plastik-mfi-eriyik-akis-indeksleyicisi-mfr-eriyik-akis-indeksi-test-cihazi","status":"publish","type":"product","link":"https:\/\/www.cncmarketi.com\/index.php\/product\/plastik-mfi-eriyik-akis-indeksleyicisi-mfr-eriyik-akis-indeksi-test-cihazi\/","title":{"rendered":"Plastik MFI eriyik ak\u0131\u015f indeksleyicisi, MFR eriyik ak\u0131\u015f indeksi test cihaz\u0131"},"content":{"rendered":"<p>\u63cf\u8ff0<br \/>\nSummary:<br \/>\nMelt Flow Index Tester, Plastic Melt Flow Rate Test Instrument used to measure the thermoplastic resin melt mass flow rate (MFR), melt flow rate (MVR) volume and the density of the melt, it is not only applicable to the high melting temperature of polycarbonate, nylon, fluorine plastic, aromatic sulfones engineering plastics, also applies to polyethylene, polystyrene, polypropylene, ABS resin, poly formaldehyde resin with lower melting temperature, such as plastic test, widely used in plastic raw materials, products, petroleum and chemical industries, and related colleges and universities, scientific research units and the commodity inspection department.<br \/>\nStandards:<br \/>\nGB\/T3682-2000,ISO1133-97, ASTM1238<br \/>\nFeatures:<br \/>\n1.Using advanced electronic measurement technology, liquid crystal display test results, the micro printer output results and calculating the quality of the melt flow rate (MFR) or melt volume flow rate (MVR) (note: single determination value and many times the average of the cutting material).<br \/>\n2.Tester compact structure, beautiful, the control system can real time measurement and display temperature numerical, has the upper limit temperature protection, constant temperature sound reminders, response time tip etc. Function. The use of advanced PID control technology and high speed and high resolution sampling circuit, make the machine in constant temperature is the following characteristics:<br \/>\nA: heating speed, the dinky overshoot.<br \/>\nB: constant temperature and high precision.<br \/>\nC: in the packing after, can quickly restored constant temperature condition.<br \/>\nCheap 380V Customized Tablet MFI Tester can be used for ABS, polystyrene, polyethylene, polypropylene, polyamide, fiber, resin, acrylate, POM, fluorine plastic, polycarbonate and other plastic materials, the melt flow rate (MFR) or themelt volume flow rate (MVR) to be determined.<br \/>\nAdvantage of our Melt Flow Index Tester, Plastic Melt Flow Rate Test Instrument<br \/>\nFast heating speed, very small overshoot.<br \/>\nHigh precision of constant temperature.<br \/>\nCan accelerate recover to constant temperature condition after padding.<br \/>\nCan use manual and automatic material trimming test method.<br \/>\nLCD display, equipment with built-in micro printer, test result can be printed autocratically.<br \/>\nEtc..<br \/>\nMain Parameters:<br \/>\nModel<br \/>\nNG-XNR400<br \/>\nNG-XNR400T<br \/>\nDisplay<br \/>\nLCD<br \/>\nTOUCH SCREEN<br \/>\nTest Method<br \/>\nMELT MASS FLOW RATE (MFR)<br \/>\nSize of barrel<br \/>\nDiameter: 9.55\u00b10.025mm ; length: 160 mm<br \/>\nThe piston head diameter<br \/>\n9.475\u00b10.01 mm<br \/>\nInside diameter of die<br \/>\n2.095 mm; length 8\u00b10.025 mm<br \/>\nTemperature range<br \/>\nroom temperature~450\u00b0C<br \/>\nTemperature display resolution<br \/>\n0.1\u00b0C<br \/>\nAccuracy<br \/>\n\u00b10.2\u00b0C<br \/>\nMeasuring range<br \/>\n0~30mm<br \/>\nPower<br \/>\n220V\u00b110% 50HZ<\/p>\n","protected":false},"excerpt":{"rendered":"<p>\u63cf\u8ff0 Summary: Melt Flow Index Tester, Plastic Melt Flow Rate Test Instrument used to measure the thermoplastic resin melt mass flow rate (MFR), melt flow&#8230;<\/p>\n","protected":false},"featured_media":5834,"comment_status":"open","ping_status":"closed","template":"","meta":[],"etheme_brands":[{"term_id":67,"name":"Newgoer","slug":"newgoer","term_group":0,"term_taxonomy_id":67,"taxonomy":"brand","description":"","parent":0,"count":271,"filter":"raw"}],"product_cat":[64],"product_tag":[],"_links":{"self":[{"href":"https:\/\/www.cncmarketi.com\/index.php\/wp-json\/wp\/v2\/product\/5840"}],"collection":[{"href":"https:\/\/www.cncmarketi.com\/index.php\/wp-json\/wp\/v2\/product"}],"about":[{"href":"https:\/\/www.cncmarketi.com\/index.php\/wp-json\/wp\/v2\/types\/product"}],"replies":[{"embeddable":true,"href":"https:\/\/www.cncmarketi.com\/index.php\/wp-json\/wp\/v2\/comments?post=5840"}],"version-history":[{"count":0,"href":"https:\/\/www.cncmarketi.com\/index.php\/wp-json\/wp\/v2\/product\/5840\/revisions"}],"wp:featuredmedia":[{"embeddable":true,"href":"https:\/\/www.cncmarketi.com\/index.php\/wp-json\/wp\/v2\/media\/5834"}],"wp:attachment":[{"href":"https:\/\/www.cncmarketi.com\/index.php\/wp-json\/wp\/v2\/media?parent=5840"}],"wp:term":[{"taxonomy":"brand","embeddable":true,"href":"https:\/\/www.cncmarketi.com\/index.php\/wp-json\/wp\/v2\/etheme_brands?post=5840"},{"taxonomy":"product_cat","embeddable":true,"href":"https:\/\/www.cncmarketi.com\/index.php\/wp-json\/wp\/v2\/product_cat?post=5840"},{"taxonomy":"product_tag","embeddable":true,"href":"https:\/\/www.cncmarketi.com\/index.php\/wp-json\/wp\/v2\/product_tag?post=5840"}],"curies":[{"name":"wp","href":"https:\/\/api.w.org\/{rel}","templated":true}]}}