{"id":5826,"date":"2023-08-06T08:25:55","date_gmt":"2023-08-06T05:25:55","guid":{"rendered":"https:\/\/www.cncmarketi.com\/index.php\/product\/plastik-filmler-ve-carsaf-sarkac-etki-direnc-test-cihazi-sarkac-penetrasyon-direnc-test-cihazi\/"},"modified":"2023-08-06T08:58:15","modified_gmt":"2023-08-06T05:58:15","slug":"plastik-filmler-ve-carsaf-sarkac-etki-direnc-test-cihazi-sarkac-penetrasyon-direnc-test-cihazi","status":"publish","type":"product","link":"https:\/\/www.cncmarketi.com\/index.php\/product\/plastik-filmler-ve-carsaf-sarkac-etki-direnc-test-cihazi-sarkac-penetrasyon-direnc-test-cihazi\/","title":{"rendered":"Plastik Filmler ve \u00c7ar\u015faf Sarka\u00e7 Etki Diren\u00e7 Test Cihaz\u0131, Sarka\u00e7 Penetrasyon Diren\u00e7 Test Cihaz\u0131"},"content":{"rendered":"<p>Plastic Films and Sheets Pendulum Impact Resistance Tester, Pendulum Penetration Resistance Tester<br \/>\nModel<br \/>\nNG-611<br \/>\nMOQ<br \/>\n1 Set<br \/>\nLead Time<br \/>\n3-15 Working Days<br \/>\nCountry of Origin<br \/>\nChina<br \/>\nPackage<br \/>\nStandard Export Wooden Box<br \/>\nOEM &#038; ODM<br \/>\nSupport<br \/>\n\u63cf\u8ff0<br \/>\n\u7528\u6237\u8bc4\u8bba (0)<br \/>\n\u63cf\u8ff0<br \/>\nSummary:<br \/>\nFilm Pendulum Impact Tester is professionally applicable to the determination of impact<br \/>\nresistance properties of pendulum of plastic films, sheets, composite films, aluminum foils and other materials.<br \/>\nPrinciple\uff1a<br \/>\nThe impact resistance of films could be obtained by measuring the energy consumed by hemispheric impact head to make films ruptured, under the certain impacting conditions.<br \/>\nApplication:<br \/>\nBasic Applications<br \/>\n\u00b7 Including plastic films, sheets and composite films e.g. PE\/PP composite films, aluminized films, aluminum plastic composite films, nylon films for food and drug packages<br \/>\n\u00b7 Including paper and paper board, e.g. aluminized paper for cigarette packages and Tetra Pak materials<br \/>\nExtended Applications<br \/>\n\u00b7 Test range could be extended to 5J<br \/>\nStandards\uff1a<br \/>\nThis instrument conforms to various national and international standards:<br \/>\nGB 8809-88, ASTM D3420, NF T54-116<br \/>\nFeatures:<br \/>\nAdjustable range and electronic measurement support various combinations of non-standard test conditions<br \/>\nPneumatic specimen clamping, pendulum release mechanism and horizontal adjustment system effectively reduce the errors caused by manual operation<br \/>\nThe system provides automatic statistics of testing data for users\u2019 convenient viewing<br \/>\nThe instrument is controlled by micro-computer, with LCD, menu interface and PVC operation panel.<br \/>\nSpecifications:<br \/>\nImpact Energy<br \/>\n1 J, 2 J, 3 J (Standard)<br \/>\nResolution<br \/>\n0.001 J<br \/>\nImpact Head Size<br \/>\n\u042425.4 mm, \u042419 mm, \u042412.7 mm (Customization is available)<br \/>\nSpecimen Clamp Diameter<br \/>\n\u042489 mm, \u042460 mm<br \/>\nSpecimen Size<br \/>\n100 mm x 100 mm or \u0424100 mm<br \/>\nGas Supply Pressure<br \/>\n0.6 MPa (outside of supply scope)<br \/>\nPort Size<br \/>\n\u04246 mm PU Tubing<br \/>\nInstrument Dimension<br \/>\n600 mm (L) x 390 mm (W) x 600 mm (H)<br \/>\nPower Supply<br \/>\n220VAC 50Hz \/ 120VAC 60Hz<br \/>\nNet Weight<br \/>\n64 kg<\/p>\n","protected":false},"excerpt":{"rendered":"<p>Plastic Films and Sheets Pendulum Impact Resistance Tester, Pendulum Penetration Resistance Tester Model NG-611 MOQ 1 Set Lead Time 3-15 Working Days Country of Origin&#8230;<\/p>\n","protected":false},"featured_media":5820,"comment_status":"open","ping_status":"closed","template":"","meta":[],"etheme_brands":[{"term_id":67,"name":"Newgoer","slug":"newgoer","term_group":0,"term_taxonomy_id":67,"taxonomy":"brand","description":"","parent":0,"count":271,"filter":"raw"}],"product_cat":[64],"product_tag":[],"_links":{"self":[{"href":"https:\/\/www.cncmarketi.com\/index.php\/wp-json\/wp\/v2\/product\/5826"}],"collection":[{"href":"https:\/\/www.cncmarketi.com\/index.php\/wp-json\/wp\/v2\/product"}],"about":[{"href":"https:\/\/www.cncmarketi.com\/index.php\/wp-json\/wp\/v2\/types\/product"}],"replies":[{"embeddable":true,"href":"https:\/\/www.cncmarketi.com\/index.php\/wp-json\/wp\/v2\/comments?post=5826"}],"version-history":[{"count":0,"href":"https:\/\/www.cncmarketi.com\/index.php\/wp-json\/wp\/v2\/product\/5826\/revisions"}],"wp:featuredmedia":[{"embeddable":true,"href":"https:\/\/www.cncmarketi.com\/index.php\/wp-json\/wp\/v2\/media\/5820"}],"wp:attachment":[{"href":"https:\/\/www.cncmarketi.com\/index.php\/wp-json\/wp\/v2\/media?parent=5826"}],"wp:term":[{"taxonomy":"brand","embeddable":true,"href":"https:\/\/www.cncmarketi.com\/index.php\/wp-json\/wp\/v2\/etheme_brands?post=5826"},{"taxonomy":"product_cat","embeddable":true,"href":"https:\/\/www.cncmarketi.com\/index.php\/wp-json\/wp\/v2\/product_cat?post=5826"},{"taxonomy":"product_tag","embeddable":true,"href":"https:\/\/www.cncmarketi.com\/index.php\/wp-json\/wp\/v2\/product_tag?post=5826"}],"curies":[{"name":"wp","href":"https:\/\/api.w.org\/{rel}","templated":true}]}}