{"id":5812,"date":"2023-08-06T08:25:42","date_gmt":"2023-08-06T05:25:42","guid":{"rendered":"https:\/\/www.cncmarketi.com\/index.php\/product\/kagit-schopper-hava-gecirgenlik-test-cihazi\/"},"modified":"2023-08-06T08:58:15","modified_gmt":"2023-08-06T05:58:15","slug":"kagit-schopper-hava-gecirgenlik-test-cihazi","status":"publish","type":"product","link":"https:\/\/www.cncmarketi.com\/index.php\/product\/kagit-schopper-hava-gecirgenlik-test-cihazi\/","title":{"rendered":"Ka\u011f\u0131t Schopper Hava Ge\u00e7irgenlik Test Cihaz\u0131"},"content":{"rendered":"<p>Paper Schopper Air Permeability Tester<br \/>\nModel<br \/>\nNG-616<br \/>\nMOQ<br \/>\n1 Set<br \/>\nLead Time<br \/>\n3-15 Working Days<br \/>\nCountry of Origin<br \/>\nChina<br \/>\nPackage<br \/>\nStandard Export Wooden Box<br \/>\nOEM &#038; ODM<br \/>\nSupport<br \/>\n\u63cf\u8ff0<br \/>\n\u7528\u6237\u8bc4\u8bba (0)<br \/>\n\u63cf\u8ff0<br \/>\nSummary:<br \/>\nThe instrument is suitable for the determination of medium air permeability range of 0-1000ml\/min paper and board. The structure parameters and technical properties of the instrument are in accordance with relevant standards and requirements of QB\/ T1667-98 \u201cpaper and cardboard breath-ability tester\u201d and GB\/ T458-1989 \u201cpaper and cardboard breath-ability determination method\u201d (Schopper).<br \/>\nStandard:<br \/>\nISO5636: Paper and board \u2014 Determination of Air Permeance (Medium range)<br \/>\nGB\/T458: Paper and board \u2014 Air Permeance Tester<br \/>\nFeatures:<br \/>\nAccurate test result;<br \/>\nWith excellent durability<br \/>\nEasy and convenient to operate;<br \/>\nCan get the test result through the formula (Ps=V\/P . t) (Ps: air permeance (\u03bcm\/(Pa\u00b7s),<br \/>\n5: volume of air passing through the test piece(ml), \u0394P: pressure difference (kPa), t: test time(s).<br \/>\nSpecifications:<br \/>\nTest range<br \/>\nA: 0~1000ml\/min (Standard)<br \/>\n(B: 0~5000ml\/min ; C: 0~10000ml\/min ;<br \/>\nD: 0~100000ml\/min Optional)<br \/>\nAir permeance area<br \/>\n(10.0\u00b10.2)cm2<br \/>\nAccuracy of pressure difference<br \/>\n1\u00b10.01kpa<br \/>\nAccuracy of air flow<br \/>\n\u00b11ml (\u2264100ml), \u00b15ml (>100ml)<br \/>\nClamp ring inside diameter<br \/>\n35.68\u00b10.05mm<br \/>\nWorking temperature<br \/>\n00\u00b0C\u00b135\u00b0C, \uff1c85%RH<br \/>\nSize<br \/>\n400 \u00d7 300 \u00d7 1230mm<br \/>\nWeight approx.<br \/>\n40kg<\/p>\n","protected":false},"excerpt":{"rendered":"<p>Paper Schopper Air Permeability Tester Model NG-616 MOQ 1 Set Lead Time 3-15 Working Days Country of Origin China Package Standard Export Wooden Box OEM&#8230;<\/p>\n","protected":false},"featured_media":5809,"comment_status":"open","ping_status":"closed","template":"","meta":[],"etheme_brands":[{"term_id":67,"name":"Newgoer","slug":"newgoer","term_group":0,"term_taxonomy_id":67,"taxonomy":"brand","description":"","parent":0,"count":271,"filter":"raw"}],"product_cat":[64],"product_tag":[],"_links":{"self":[{"href":"https:\/\/www.cncmarketi.com\/index.php\/wp-json\/wp\/v2\/product\/5812"}],"collection":[{"href":"https:\/\/www.cncmarketi.com\/index.php\/wp-json\/wp\/v2\/product"}],"about":[{"href":"https:\/\/www.cncmarketi.com\/index.php\/wp-json\/wp\/v2\/types\/product"}],"replies":[{"embeddable":true,"href":"https:\/\/www.cncmarketi.com\/index.php\/wp-json\/wp\/v2\/comments?post=5812"}],"version-history":[{"count":0,"href":"https:\/\/www.cncmarketi.com\/index.php\/wp-json\/wp\/v2\/product\/5812\/revisions"}],"wp:featuredmedia":[{"embeddable":true,"href":"https:\/\/www.cncmarketi.com\/index.php\/wp-json\/wp\/v2\/media\/5809"}],"wp:attachment":[{"href":"https:\/\/www.cncmarketi.com\/index.php\/wp-json\/wp\/v2\/media?parent=5812"}],"wp:term":[{"taxonomy":"brand","embeddable":true,"href":"https:\/\/www.cncmarketi.com\/index.php\/wp-json\/wp\/v2\/etheme_brands?post=5812"},{"taxonomy":"product_cat","embeddable":true,"href":"https:\/\/www.cncmarketi.com\/index.php\/wp-json\/wp\/v2\/product_cat?post=5812"},{"taxonomy":"product_tag","embeddable":true,"href":"https:\/\/www.cncmarketi.com\/index.php\/wp-json\/wp\/v2\/product_tag?post=5812"}],"curies":[{"name":"wp","href":"https:\/\/api.w.org\/{rel}","templated":true}]}}