{"id":5808,"date":"2023-08-06T08:25:39","date_gmt":"2023-08-06T05:25:39","guid":{"rendered":"https:\/\/www.cncmarketi.com\/index.php\/product\/paket-karton-sikistirma-test-makinesi-oluklu-kutu-sikistirma-test-cihazi\/"},"modified":"2023-08-06T08:58:15","modified_gmt":"2023-08-06T05:58:15","slug":"paket-karton-sikistirma-test-makinesi-oluklu-kutu-sikistirma-test-cihazi","status":"publish","type":"product","link":"https:\/\/www.cncmarketi.com\/index.php\/product\/paket-karton-sikistirma-test-makinesi-oluklu-kutu-sikistirma-test-cihazi\/","title":{"rendered":"Paket karton s\u0131k\u0131\u015ft\u0131rma test makinesi, oluklu kutu s\u0131k\u0131\u015ft\u0131rma test cihaz\u0131"},"content":{"rendered":"<p>\u63cf\u8ff0<br \/>\nSummary:<br \/>\nThe box compression tester is designed for testing compressive strength on corrugated boxes\/cartons<br \/>\naccording to international standards. Compressive strength or compression strength is the capacity of<br \/>\na material to withstand loads tending to reduce size. For finished packages, compression test can be used<br \/>\nto measure compressive resistance, deformation and stacking capability.<br \/>\nPrinciple:<br \/>\nThe corrugated box or packaging to be tested must be placed centered in the lower plate of the compression tester. When the test begins, the upper plate will displace downward and a load will begin to be applied to the specimen. This force is captured by means of the three load cells located under the lower plate. When the system detects the sample breaking, the upper plate returns to the initial position at the maximum speed.<br \/>\nStandard:<br \/>\nIndustrial Standard: GB\/T4857.4 GB\/T4857.16 ISO2872,ASTM D642<br \/>\nManufacturing Standard: GB\/T16491,TAPPI-T804,JIS-Z0212<br \/>\nThe Box compression tester is conform ISTA 6 \u2013 Amazon.com<br \/>\nFeatures:<br \/>\nAdopting windows platform, and all the parameter settings can be processed in the dialog box, and<br \/>\nthis compression testing equipment operates easily;<br \/>\nUsing a single-screen operation; do not need to switch the screen;<br \/>\nWith three languages in Simplified Chinese, Traditional Chinese and English, the software interface can be switched easily;<br \/>\nThe pattern of test reports can be self-designated; test data can be displayed directly in the main screen;<br \/>\nChoosing translational, comparative mode at the same time to make a number of curve data comparison;<br \/>\nWith a variety of measurement units, Measure In Imperial &#038; Metric are switchable;<br \/>\nWith self-return &#038; auto-correction function;<br \/>\nWith automatic magnification function, in order to achieve the most appropriate size of the graphics;<br \/>\nWith the user-defined Test methods; with experimental data analysis function;<br \/>\nBox compression tester can do test of compression, bending, pressure holding &#038; fatigue.<br \/>\nWith high precision and accuracy and reasonable price, box compression testing machine can test the crush instantaneously and stop automatically.<br \/>\nSpecifications.<br \/>\nItem<br \/>\nCOMPUTER CONTROL<br \/>\nCOMPRESSION TESTER<br \/>\nTOUCH SCREEN CONTROL<br \/>\nCOMPRESSION TESTER<br \/>\nModel<br \/>\nNG-602A \/ DZ-602A4<br \/>\nNG-602C<br \/>\nNG-602T<br \/>\nMax. Force<br \/>\n1000kg, 2000kg, 3000kg, 5000kg<br \/>\nTest Space<br \/>\n800*800*800mm \/ 1000*1000*1000mm \/ 1200*1200*1200mm \/ 1500*1500*1500mm<br \/>\n(Or Specified)<br \/>\nLoad cell<br \/>\nOne Sensor \/ Four Sensor<br \/>\nOne Sensor<br \/>\nOne Sensor<br \/>\nControl system<br \/>\nComputer<br \/>\nTouch Screen<br \/>\nMotor<br \/>\nServo Motor<br \/>\nInverter Motor<br \/>\nInverter Motor<br \/>\nUnit(Switchable)<br \/>\nKgf, lbf, N, kN, kPa, Mpa<br \/>\nLoad resolution<br \/>\n1\/250,000<br \/>\n1\/100,000<br \/>\n1\/100,000<br \/>\nLoad accuracy<br \/>\nWithin\u00b10.25%<br \/>\nWithin\u00b10.5%<br \/>\nWithin\u00b10.5%<br \/>\nTest speed<br \/>\nStandard 10 \u00b13mm\/min (0.1~200mm\/min adjustable)<br \/>\nSafety features<br \/>\nE-Stop<br \/>\nOver-load protection<br \/>\nUpper and lower limit switches<br \/>\nLoad sensor with automatic retreat<br \/>\nApplications<br \/>\nComputer Control Box Compression Test Machine can make compression tests of packages (boxes) or packing and determine their piling up resistance (for storage and transport). These tests are called B.C.T. (Box Compression Test).<br \/>\nComputer Control Box Compression Test Machine can operate in five ways<br \/>\nDeformation under defined load: Test deformation under defined load of various corrugated cartons and beehive crates<br \/>\nLoad under defined deformation: Test load under defined deformation of various corrugated cartons and beehive crates<br \/>\nMaximum load: test the maximum load of various corrugated cartons and beehive crates<br \/>\nStacking test: stack test of various corrugated cartons and beehive crates<br \/>\nCyclic test: dynamic strain according to strength &#038; stroke<br \/>\nControl system<br \/>\nPackage Compression Test Machine be equipped with button type microcomputer control test system.so compression testing machine can display screen dynamic, sample deformation, real-time pressure, and the starting pressure. and limit stroke protection, overload protection, and fault clew and other intelligent configuration, to ensure the safety of the user\u2019s operation<br \/>\nForce Measurements<br \/>\nCompression test machine adopts Panasonic servo motor, test speed: (0.1-200) mm\/min (computer arbitrary adjustment), maximum test Force in 2000KG (20KN) load decomposition in 1\/250,000 range, load accuracy: \u00b1 0.25%; unit switch: kgf, IBF, N, kn, T and other units conversion. The upper and lower stroke limit device.<br \/>\nSpeed Control<br \/>\nComputer-controlled motherboard touch screen, the computer adopts TM2101 advanced computer system software control, Windows mode operation, accurate test speed range in: (0.1-200) mm\/min (computer arbitrary adjustment), load decomposition degree: 1\/250,000, load accuracy: \u00b1 0.25%, overload emergency shutdown safety device.<br \/>\nSoftware<br \/>\nThe TM2101 software is designed purposely for computer controlled compression testing machine, used for tension, compress, bend, shear, tearing andpeel test. With the personal computer and interface plate, it could collect, save, process and print test result. Further it can calculate multiple parameters, i.e. maximum force, yield strength, average peel force maximum deformation, yielding point and elastic modulus; this system is featured in curve process, multi-sensor support, image interface, flexible data process and powerful system function.<\/p>\n","protected":false},"excerpt":{"rendered":"<p>\u63cf\u8ff0 Summary: The box compression tester is designed for testing compressive strength on corrugated boxes\/cartons according to international standards. Compressive strength or compression strength is&#8230;<\/p>\n","protected":false},"featured_media":5802,"comment_status":"open","ping_status":"closed","template":"","meta":[],"etheme_brands":[{"term_id":67,"name":"Newgoer","slug":"newgoer","term_group":0,"term_taxonomy_id":67,"taxonomy":"brand","description":"","parent":0,"count":271,"filter":"raw"}],"product_cat":[64],"product_tag":[],"_links":{"self":[{"href":"https:\/\/www.cncmarketi.com\/index.php\/wp-json\/wp\/v2\/product\/5808"}],"collection":[{"href":"https:\/\/www.cncmarketi.com\/index.php\/wp-json\/wp\/v2\/product"}],"about":[{"href":"https:\/\/www.cncmarketi.com\/index.php\/wp-json\/wp\/v2\/types\/product"}],"replies":[{"embeddable":true,"href":"https:\/\/www.cncmarketi.com\/index.php\/wp-json\/wp\/v2\/comments?post=5808"}],"version-history":[{"count":0,"href":"https:\/\/www.cncmarketi.com\/index.php\/wp-json\/wp\/v2\/product\/5808\/revisions"}],"wp:featuredmedia":[{"embeddable":true,"href":"https:\/\/www.cncmarketi.com\/index.php\/wp-json\/wp\/v2\/media\/5802"}],"wp:attachment":[{"href":"https:\/\/www.cncmarketi.com\/index.php\/wp-json\/wp\/v2\/media?parent=5808"}],"wp:term":[{"taxonomy":"brand","embeddable":true,"href":"https:\/\/www.cncmarketi.com\/index.php\/wp-json\/wp\/v2\/etheme_brands?post=5808"},{"taxonomy":"product_cat","embeddable":true,"href":"https:\/\/www.cncmarketi.com\/index.php\/wp-json\/wp\/v2\/product_cat?post=5808"},{"taxonomy":"product_tag","embeddable":true,"href":"https:\/\/www.cncmarketi.com\/index.php\/wp-json\/wp\/v2\/product_tag?post=5808"}],"curies":[{"name":"wp","href":"https:\/\/api.w.org\/{rel}","templated":true}]}}