{"id":5801,"date":"2023-08-06T08:25:30","date_gmt":"2023-08-06T05:25:30","guid":{"rendered":"https:\/\/www.cncmarketi.com\/index.php\/product\/kagit-patlama-mukavemeti-test-makinesi-karton-icin-mullen-patlama-mukavemeti-test-cihazi\/"},"modified":"2023-08-06T08:58:15","modified_gmt":"2023-08-06T05:58:15","slug":"kagit-patlama-mukavemeti-test-makinesi-karton-icin-mullen-patlama-mukavemeti-test-cihazi","status":"publish","type":"product","link":"https:\/\/www.cncmarketi.com\/index.php\/product\/kagit-patlama-mukavemeti-test-makinesi-karton-icin-mullen-patlama-mukavemeti-test-cihazi\/","title":{"rendered":"Ka\u011f\u0131t patlama mukavemeti test makinesi, karton i\u00e7in mullen patlama mukavemeti test cihaz\u0131"},"content":{"rendered":"<p>Paper Bursting Strength Testing Machine, Mullen Bursting Strength Tester for Cardboard<br \/>\nModel<br \/>\nNG-601<br \/>\nMOQ<br \/>\n1 Set<br \/>\nLead Time<br \/>\n3-15 Working Days<br \/>\nCountry of Origin<br \/>\nChina<br \/>\nPackage<br \/>\nStandard Export Wooden Box<br \/>\nOEM &#038; ODM<br \/>\nSupport<br \/>\n\u63cf\u8ff0<br \/>\n\u7528\u6237\u8bc4\u8bba (0)<br \/>\n\u63cf\u8ff0<br \/>\nSummary:<br \/>\nPaper Bursting Strength Tester is fit for products which are packaged by corrugated paper such as electronic instruments, electric ware, hardwares, bike, valise, food, shoe, furniture etc, to test the bursting-resistance strength of paper box; it can also test cloth and synthetic leather.<br \/>\nThe GT-7013-ADP type of bursting strength tester is adapted with signal output of pressure. While specimen is breaking, the max. breaking value will be kept with the alarm buzzer &#038; alert light automatically. Its Accuracy has promoted 20 times more than the traditional gauge.<br \/>\nStandards:<br \/>\nJIS-L1004,L1018,L1031,K6328,P8131,P8112,ASTM-D2210,TAPPI T403,<br \/>\nISO2759-2001, GB\/T1539<br \/>\nFeatures:<br \/>\nLarge touch screen controller<br \/>\nEquipped with printer. Print the test result immediately.<br \/>\nClamping ring material is stainless steel. Durable, fine mechanical property, green product and corrosion resistance are much better than other material.<br \/>\nThe structure is specially designed and high precision of test results.<br \/>\nThe equipment is easy and quick operations.<br \/>\nSpecifications:<br \/>\nBursting strength range<br \/>\n250~5600kPa<br \/>\nResolution<br \/>\n1 kPa<br \/>\nAccuracy<br \/>\n\u00b10.5%FS<br \/>\nPressure speed<br \/>\n170\u00b110ml\/min<br \/>\nSpecimen clumping force<br \/>\nmore than 690kPa<br \/>\nClamping ring diameter<br \/>\n31.5mm<br \/>\nPower<br \/>\nAC220 V\u00b110%,50Hz<br \/>\nDimension<br \/>\n445\u00d7425\u00d7555mm<\/p>\n","protected":false},"excerpt":{"rendered":"<p>Paper Bursting Strength Testing Machine, Mullen Bursting Strength Tester for Cardboard Model NG-601 MOQ 1 Set Lead Time 3-15 Working Days Country of Origin China&#8230;<\/p>\n","protected":false},"featured_media":5795,"comment_status":"open","ping_status":"closed","template":"","meta":[],"etheme_brands":[{"term_id":67,"name":"Newgoer","slug":"newgoer","term_group":0,"term_taxonomy_id":67,"taxonomy":"brand","description":"","parent":0,"count":271,"filter":"raw"}],"product_cat":[64],"product_tag":[],"_links":{"self":[{"href":"https:\/\/www.cncmarketi.com\/index.php\/wp-json\/wp\/v2\/product\/5801"}],"collection":[{"href":"https:\/\/www.cncmarketi.com\/index.php\/wp-json\/wp\/v2\/product"}],"about":[{"href":"https:\/\/www.cncmarketi.com\/index.php\/wp-json\/wp\/v2\/types\/product"}],"replies":[{"embeddable":true,"href":"https:\/\/www.cncmarketi.com\/index.php\/wp-json\/wp\/v2\/comments?post=5801"}],"version-history":[{"count":0,"href":"https:\/\/www.cncmarketi.com\/index.php\/wp-json\/wp\/v2\/product\/5801\/revisions"}],"wp:featuredmedia":[{"embeddable":true,"href":"https:\/\/www.cncmarketi.com\/index.php\/wp-json\/wp\/v2\/media\/5795"}],"wp:attachment":[{"href":"https:\/\/www.cncmarketi.com\/index.php\/wp-json\/wp\/v2\/media?parent=5801"}],"wp:term":[{"taxonomy":"brand","embeddable":true,"href":"https:\/\/www.cncmarketi.com\/index.php\/wp-json\/wp\/v2\/etheme_brands?post=5801"},{"taxonomy":"product_cat","embeddable":true,"href":"https:\/\/www.cncmarketi.com\/index.php\/wp-json\/wp\/v2\/product_cat?post=5801"},{"taxonomy":"product_tag","embeddable":true,"href":"https:\/\/www.cncmarketi.com\/index.php\/wp-json\/wp\/v2\/product_tag?post=5801"}],"curies":[{"name":"wp","href":"https:\/\/api.w.org\/{rel}","templated":true}]}}