{"id":5794,"date":"2023-08-06T08:25:19","date_gmt":"2023-08-06T05:25:19","guid":{"rendered":"https:\/\/www.cncmarketi.com\/index.php\/product\/kagit-ve-karton-bukme-sertligi-direnci-test-makinesi\/"},"modified":"2023-08-06T08:58:15","modified_gmt":"2023-08-06T05:58:15","slug":"kagit-ve-karton-bukme-sertligi-direnci-test-makinesi","status":"publish","type":"product","link":"https:\/\/www.cncmarketi.com\/index.php\/product\/kagit-ve-karton-bukme-sertligi-direnci-test-makinesi\/","title":{"rendered":"Ka\u011f\u0131t ve karton b\u00fckme sertli\u011fi direnci test makinesi"},"content":{"rendered":"<p>Paper and Cardboard Bending Stiffness Resistance Testing Machine<br \/>\nModel<br \/>\nNG-610<br \/>\nMOQ<br \/>\n1 Set<br \/>\nLead Time<br \/>\n3-15 Working Days<br \/>\nCountry of Origin<br \/>\nChina<br \/>\nPackage<br \/>\nStandard Export Wooden Box<br \/>\nOEM &#038; ODM<br \/>\nSupport<br \/>\n\u63cf\u8ff0<br \/>\n\u7528\u6237\u8bc4\u8bba (0)<br \/>\n\u63cf\u8ff0<br \/>\nSummary:<br \/>\nPaper Bending Stiffness Tester is one muti-function stiffness tester.You can set test angle range. It adopted touch screen with a real-time display function of stiffness and time curve, to<br \/>\nuse touch screen has the advantages of simple operation, convenient. Our Bending Stillness<br \/>\nTester was originally developed to produce a more concise, consistent measurement for the<br \/>\npaper board industry. As well as used in a variety of industries including personal products,paper, flexible films, packaging and non-wovens.<br \/>\nFeatures:<br \/>\nAdopt high precision load sensor, the error can be controlled within 1%.<br \/>\n\u25cf LCD screen operation system, Aluminum control panel<br \/>\n\u25cf Check or delete the testing records randomly<br \/>\n\u25cf Thermal printer, fast and clear printing<br \/>\n\u25cf Calculate, count and print the testing result automatically<br \/>\n\u25cf The angle can be set between (1 ~ 90) \u00b0.<br \/>\nTest time is within a predetermined range (3s ~ 35s) arbitrarily set.<br \/>\nStandards:<br \/>\nGB\/T 23144 \u201cGeneral Principles for the Determination of Static Bending Stiffness of Paper and Paperboard\u201d;<br \/>\nGB\/T 22364 \u201cDetermination of bending stiffness of paper and board\u201d;<br \/>\nISO 5628 \u201cPaper and board \u2013 Determination of static bending stiffness \u2013 General principles\u201d;<br \/>\nISO 2493 \u201cPaper and board \u2013 Determination of bending stiffness\u201d.<br \/>\nSpecifications:<br \/>\nMeasurement range<br \/>\n15~1000 mN<br \/>\nMeasurement thickness<br \/>\n0~2mm<br \/>\nResolution<br \/>\n0.1mN<br \/>\nBending length<br \/>\n(50\/25\/20\/15\/10\/5) \u00b1 0.1mm<br \/>\nBending angle<br \/>\n(\u00b1 7.5 \u00b0 or \u00b1 15 degree) \u00b1 0.3 degree (1 to 90 degree)<br \/>\nTest speed<br \/>\n200 \u00b0 \u00b1 20 \u00b0 \/ min<br \/>\nPrint output<br \/>\nModular integrated thermal printer<br \/>\nData Display<br \/>\n5.7in LCD with graph display<br \/>\nWeight<br \/>\n15 Kg<br \/>\nOptional Accessories:<br \/>\nIt need Cardboard Stiffness Sampler for 15\u00b0 stiffness and 90\u00b0 Crease &#038; Stiffness testing.<br \/>\nSampling size\uff1a70\u00d738\u00b10.1 mm mm\uff08stiffness sample\uff09<br \/>\nSampling size\uff1a38\u00d736 mm\uff08crease stiffness sample\uff09<br \/>\nSampling thickness\uff1a\uff1c1mm<\/p>\n","protected":false},"excerpt":{"rendered":"<p>Paper and Cardboard Bending Stiffness Resistance Testing Machine Model NG-610 MOQ 1 Set Lead Time 3-15 Working Days Country of Origin China Package Standard Export&#8230;<\/p>\n","protected":false},"featured_media":5788,"comment_status":"open","ping_status":"closed","template":"","meta":[],"etheme_brands":[{"term_id":67,"name":"Newgoer","slug":"newgoer","term_group":0,"term_taxonomy_id":67,"taxonomy":"brand","description":"","parent":0,"count":271,"filter":"raw"}],"product_cat":[64],"product_tag":[],"_links":{"self":[{"href":"https:\/\/www.cncmarketi.com\/index.php\/wp-json\/wp\/v2\/product\/5794"}],"collection":[{"href":"https:\/\/www.cncmarketi.com\/index.php\/wp-json\/wp\/v2\/product"}],"about":[{"href":"https:\/\/www.cncmarketi.com\/index.php\/wp-json\/wp\/v2\/types\/product"}],"replies":[{"embeddable":true,"href":"https:\/\/www.cncmarketi.com\/index.php\/wp-json\/wp\/v2\/comments?post=5794"}],"version-history":[{"count":0,"href":"https:\/\/www.cncmarketi.com\/index.php\/wp-json\/wp\/v2\/product\/5794\/revisions"}],"wp:featuredmedia":[{"embeddable":true,"href":"https:\/\/www.cncmarketi.com\/index.php\/wp-json\/wp\/v2\/media\/5788"}],"wp:attachment":[{"href":"https:\/\/www.cncmarketi.com\/index.php\/wp-json\/wp\/v2\/media?parent=5794"}],"wp:term":[{"taxonomy":"brand","embeddable":true,"href":"https:\/\/www.cncmarketi.com\/index.php\/wp-json\/wp\/v2\/etheme_brands?post=5794"},{"taxonomy":"product_cat","embeddable":true,"href":"https:\/\/www.cncmarketi.com\/index.php\/wp-json\/wp\/v2\/product_cat?post=5794"},{"taxonomy":"product_tag","embeddable":true,"href":"https:\/\/www.cncmarketi.com\/index.php\/wp-json\/wp\/v2\/product_tag?post=5794"}],"curies":[{"name":"wp","href":"https:\/\/api.w.org\/{rel}","templated":true}]}}