{"id":5780,"date":"2023-08-06T08:25:00","date_gmt":"2023-08-06T05:25:00","guid":{"rendered":"https:\/\/www.cncmarketi.com\/index.php\/product\/paket-cift-kanatli-hassas-damla-test-makinesi-paket-damla-etkisi-test-cihazi\/"},"modified":"2023-08-06T08:58:15","modified_gmt":"2023-08-06T05:58:15","slug":"paket-cift-kanatli-hassas-damla-test-makinesi-paket-damla-etkisi-test-cihazi","status":"publish","type":"product","link":"https:\/\/www.cncmarketi.com\/index.php\/product\/paket-cift-kanatli-hassas-damla-test-makinesi-paket-damla-etkisi-test-cihazi\/","title":{"rendered":"Paket \u00e7ift kanatl\u0131 hassas damla test makinesi, paket damla etkisi test cihaz\u0131"},"content":{"rendered":"<p>Package Double Wing Precision Drop Testing Machine, Package Drop Impact Tester<br \/>\nModel<br \/>\nNG-604A\/td><br \/>\nMOQ<br \/>\n1 Set<br \/>\nLead Time<br \/>\n3-15 Working Days<br \/>\nCountry of Origin<br \/>\nChina<br \/>\nPackage<br \/>\nStandard Export Wooden Box<br \/>\nOEM &#038; ODM<br \/>\nSupport<br \/>\n\u63cf\u8ff0<br \/>\n\u7528\u6237\u8bc4\u8bba (0)<br \/>\n\u63cf\u8ff0<br \/>\nSummary:<br \/>\nCarton drop shock test machine used to test the damage and impact of packaged products by the free fall, including packing containers Ling, angle, surface can be tested, it mainly used to assess withstand drops of product packaging parts in the transport and loading, thereby improving and<br \/>\nperfecting package design.<br \/>\nDrop test for packaged products in simulating different edges, corners, surface at different heights and fall to the ground situation, then assess the damage to the product and its components. It can withstand the fall height and impact-resistant strength. Product thereby can be improved according to the actual situation and the scope of national standards, to tell us to improve the packaging design.<br \/>\nApplicable:<br \/>\nThe machine is widely used to test a variety of products packaged in the handling or transportation to test the caused damage inside the product, and for the prevention of pesticide in advance, can use the machine to be tested is expected to arrive the best solution, so as<br \/>\nto minimize transit losses, and to assess the impact of electronic components dropping resistance by the strength in the handling; packaging containers Ling, angle, surface reliability of the equipment.<br \/>\nStandards:<br \/>\nASTM D5276, ISO 2248, JIS Z0202-87, GB\/T4857.5-92<br \/>\nFeatures:<br \/>\nUnique swing arm mechanism design, swing arm break away from acceleration more than 3 G\/SEC.<br \/>\nWith double column guide and hydraulic buffer absorb residual swing arm force, movements smooth, reliable, low noise.<br \/>\nDamping screw lifting mechanism, preventing drop institution unexpectedly glide.<br \/>\nPneumatic automatic chain, preventing swing arm unusual break away.<br \/>\nExtensible support bracket and baseboard.<br \/>\nSolid steel plate type.<br \/>\nSpecifications<br \/>\nModel<br \/>\nNG-604A Double Wing Packing Drop Impact Test Machine<br \/>\nTest Height<br \/>\n400~1500cm adjustable<br \/>\nMax load of specimen<br \/>\n80Kg<br \/>\nMax size of specimen<br \/>\n800*800*1000mm<br \/>\nBottom Size<br \/>\n1400*1200*20mm<br \/>\nDrop Error<br \/>\n\u00b15mm<br \/>\nDrop Plane Error<br \/>\n<1\u00b0\nDrop bottom medium\nSteel Plate\nFall and lift mode\nElectric rise and fall\nPower\n380V 50HZ\nDimension\n1570\u00d71000\u00d72050 mm(L\u00d7W\u00d7H)\n<\/p>\n","protected":false},"excerpt":{"rendered":"<p>Package Double Wing Precision Drop Testing Machine, Package Drop Impact Tester Model NG-604A\/td> MOQ 1 Set Lead Time 3-15 Working Days Country of Origin China&#8230;<\/p>\n","protected":false},"featured_media":5774,"comment_status":"open","ping_status":"closed","template":"","meta":[],"etheme_brands":[{"term_id":67,"name":"Newgoer","slug":"newgoer","term_group":0,"term_taxonomy_id":67,"taxonomy":"brand","description":"","parent":0,"count":271,"filter":"raw"}],"product_cat":[64],"product_tag":[],"_links":{"self":[{"href":"https:\/\/www.cncmarketi.com\/index.php\/wp-json\/wp\/v2\/product\/5780"}],"collection":[{"href":"https:\/\/www.cncmarketi.com\/index.php\/wp-json\/wp\/v2\/product"}],"about":[{"href":"https:\/\/www.cncmarketi.com\/index.php\/wp-json\/wp\/v2\/types\/product"}],"replies":[{"embeddable":true,"href":"https:\/\/www.cncmarketi.com\/index.php\/wp-json\/wp\/v2\/comments?post=5780"}],"version-history":[{"count":0,"href":"https:\/\/www.cncmarketi.com\/index.php\/wp-json\/wp\/v2\/product\/5780\/revisions"}],"wp:featuredmedia":[{"embeddable":true,"href":"https:\/\/www.cncmarketi.com\/index.php\/wp-json\/wp\/v2\/media\/5774"}],"wp:attachment":[{"href":"https:\/\/www.cncmarketi.com\/index.php\/wp-json\/wp\/v2\/media?parent=5780"}],"wp:term":[{"taxonomy":"brand","embeddable":true,"href":"https:\/\/www.cncmarketi.com\/index.php\/wp-json\/wp\/v2\/etheme_brands?post=5780"},{"taxonomy":"product_cat","embeddable":true,"href":"https:\/\/www.cncmarketi.com\/index.php\/wp-json\/wp\/v2\/product_cat?post=5780"},{"taxonomy":"product_tag","embeddable":true,"href":"https:\/\/www.cncmarketi.com\/index.php\/wp-json\/wp\/v2\/product_tag?post=5780"}],"curies":[{"name":"wp","href":"https:\/\/api.w.org\/{rel}","templated":true}]}}