{"id":5773,"date":"2023-08-06T08:24:51","date_gmt":"2023-08-06T05:24:51","guid":{"rendered":"https:\/\/www.cncmarketi.com\/index.php\/product\/salinim-asinma-test-cihazi-wyzenbeek-kumas-tekstil-asinma-test-makinesi\/"},"modified":"2023-08-06T08:58:15","modified_gmt":"2023-08-06T05:58:15","slug":"salinim-asinma-test-cihazi-wyzenbeek-kumas-tekstil-asinma-test-makinesi","status":"publish","type":"product","link":"https:\/\/www.cncmarketi.com\/index.php\/product\/salinim-asinma-test-cihazi-wyzenbeek-kumas-tekstil-asinma-test-makinesi\/","title":{"rendered":"Sal\u0131n\u0131m a\u015f\u0131nma test cihaz\u0131, wyzenbeek kuma\u015f tekstil a\u015f\u0131nma test makinesi"},"content":{"rendered":"<p>Oscillatory Abrasion Tester, Wyzenbeek Fabric Textile Abrasion Testing Machine<br \/>\nModel<br \/>\nNG-WS01<br \/>\nMOQ<br \/>\n1 Set<br \/>\nLead Time<br \/>\n3-15 Working Days<br \/>\nCountry of Origin<br \/>\nChina<br \/>\nPackage<br \/>\nStandard Export Wooden Box<br \/>\nOEM &#038; ODM<br \/>\nSupport<br \/>\n\u63cf\u8ff0<br \/>\n\u7528\u6237\u8bc4\u8bba (0)<br \/>\n\u63cf\u8ff0<br \/>\nSummary:<br \/>\nOscillatory Wyzenbeek Abrasion Tester to determine the abrasion resistance of fabric. It complies with<br \/>\nASTM D4157. Modern ergonomic design to determine the abrasion resistance of fabrics when rubbed against a standard abradant or a wire mesh screen with a backward and forward motion over a curved<br \/>\nsurface. Wyzenbeek abrasion tester applies to automotive and furniture industry fabric manufacturers working to US Standards Motor driven with 4 abrasion heads and electronic digital counter to control the number of cycles.<br \/>\nTest Method:<br \/>\nASTM D4157: Standard Test Method for Abrasion Resistance of Textile Fabrics (Oscillatory Cylinder Method)<br \/>\nDouble rubs are a measure of how resistant fabric is to abrasive forces. The vast majority of fabrics list them, and they help to determine what fabric is most suitable for the specific purpose you require. Double rubs are determined by an automated test known as the Wyzenbeek Test (also referred to as the Wyzenbeek Method).<br \/>\nAccording to wikipedia, in the US, the Wyzenbeek test is often used instead of the Martindale.<br \/>\nFollowing the Association for Contract Textiles Guidelines for General Contract Upholstery using a Wyzenbeek Abrasion Tester- Oscillatory Cylinder Method<br \/>\nCovers the determination of the abrasion resistance of woven textile fabrics using the Oscillatory Cylinder Tester. May not be usable for some fabric constructions.<br \/>\nSample is conditioned and run in atmospheric conditions for textiles<br \/>\n#10 Cotton Duck abradant; using a tension of 4lbs and a compression force of 3lbs<br \/>\nAt least 2 specimens in the warp and 2 specimens in the filling direction are tested<br \/>\nThe number of double rub cycles achieved before two yarn breaks occur or \u201cnoticeable wear\u201d is observed is recorded as the fabric\u2019s abrasion rating<br \/>\nFeatures of our Wyzenbeek Abrasion Test Machine:<br \/>\nRobust mechanical components are constructed of Aluminum and Stainless Steel<br \/>\nDurable Powder Coat and Anodized finishes<br \/>\nHigh Quality THK Precision Bearings.<br \/>\nProgrammable count-up controller with automatic stop<br \/>\nAdjustable jog and test speed controls<br \/>\nSupply voltages vary and must be specified at time of purchase<br \/>\nHigh quality brushless electric motor<br \/>\nSpecifications:<br \/>\nTesting stations<br \/>\n4 groups<br \/>\nTesting speed<br \/>\n90\u00b11 r\/min<br \/>\nAbrasion platform arc<br \/>\nArc: 76 mm Length:300mm<br \/>\nAbrasion stroke<br \/>\n76\u00b12mm<br \/>\nAbrasion head<br \/>\nBottom pressure head 50*50mm, Arc R80mm<br \/>\nTension on sample<br \/>\n4 lbf (17.8N), adjustable<br \/>\nLoad on sample<br \/>\n3 lbf (13.4N), adjustable<br \/>\nDimension of sample<br \/>\n73*245mm<br \/>\nVacuum cleaner<br \/>\n\u22644cfm<br \/>\nPower<br \/>\n220V 50Hz<br \/>\nStandard accessories<br \/>\n1 pack of rubber pad<br \/>\n1 pack of Wyzenbeek metal net<br \/>\n1 standard grinding material, #10 cotton canvas<br \/>\n1 fine sandpaper<br \/>\n1 nylon brus<br \/>\nNEWGOER is a professional manufacturer for various test equipment, we denote ourselves to making best quality products and service for providing you a suitable solutions!<br \/>\nWe focus on every details of product quality and precision.<\/p>\n","protected":false},"excerpt":{"rendered":"<p>Oscillatory Abrasion Tester, Wyzenbeek Fabric Textile Abrasion Testing Machine Model NG-WS01 MOQ 1 Set Lead Time 3-15 Working Days Country of Origin China Package Standard&#8230;<\/p>\n","protected":false},"featured_media":5767,"comment_status":"open","ping_status":"closed","template":"","meta":[],"etheme_brands":[{"term_id":67,"name":"Newgoer","slug":"newgoer","term_group":0,"term_taxonomy_id":67,"taxonomy":"brand","description":"","parent":0,"count":271,"filter":"raw"}],"product_cat":[64],"product_tag":[],"_links":{"self":[{"href":"https:\/\/www.cncmarketi.com\/index.php\/wp-json\/wp\/v2\/product\/5773"}],"collection":[{"href":"https:\/\/www.cncmarketi.com\/index.php\/wp-json\/wp\/v2\/product"}],"about":[{"href":"https:\/\/www.cncmarketi.com\/index.php\/wp-json\/wp\/v2\/types\/product"}],"replies":[{"embeddable":true,"href":"https:\/\/www.cncmarketi.com\/index.php\/wp-json\/wp\/v2\/comments?post=5773"}],"version-history":[{"count":0,"href":"https:\/\/www.cncmarketi.com\/index.php\/wp-json\/wp\/v2\/product\/5773\/revisions"}],"wp:featuredmedia":[{"embeddable":true,"href":"https:\/\/www.cncmarketi.com\/index.php\/wp-json\/wp\/v2\/media\/5767"}],"wp:attachment":[{"href":"https:\/\/www.cncmarketi.com\/index.php\/wp-json\/wp\/v2\/media?parent=5773"}],"wp:term":[{"taxonomy":"brand","embeddable":true,"href":"https:\/\/www.cncmarketi.com\/index.php\/wp-json\/wp\/v2\/etheme_brands?post=5773"},{"taxonomy":"product_cat","embeddable":true,"href":"https:\/\/www.cncmarketi.com\/index.php\/wp-json\/wp\/v2\/product_cat?post=5773"},{"taxonomy":"product_tag","embeddable":true,"href":"https:\/\/www.cncmarketi.com\/index.php\/wp-json\/wp\/v2\/product_tag?post=5773"}],"curies":[{"name":"wp","href":"https:\/\/api.w.org\/{rel}","templated":true}]}}