{"id":5739,"date":"2023-08-06T08:24:13","date_gmt":"2023-08-06T05:24:13","guid":{"rendered":"https:\/\/www.cncmarketi.com\/index.php\/product\/optik-gorme-goruntu-olcum-sistemi-2d-video-olcum-makinesi\/"},"modified":"2023-08-06T08:58:49","modified_gmt":"2023-08-06T05:58:49","slug":"optik-gorme-goruntu-olcum-sistemi-2d-video-olcum-makinesi","status":"publish","type":"product","link":"https:\/\/www.cncmarketi.com\/index.php\/product\/optik-gorme-goruntu-olcum-sistemi-2d-video-olcum-makinesi\/","title":{"rendered":"Optik G\u00f6rme G\u00f6r\u00fcnt\u00fc \u00d6l\u00e7\u00fcm Sistemi, 2D Video \u00d6l\u00e7\u00fcm Makinesi"},"content":{"rendered":"<p>\u63cf\u8ff0<br \/>\nSummary:<br \/>\nProfessional clamping methods, allows you to test accurate and productive.Using optical principles, non-contact test measurements;Applicable to all areas for the purpose of twocoordinate measurement; It is the best measurement solution for small, thin, soft and parts. Accurate measurement of points, lines, circles, angles, etc.And has a powerful report output function, high quality, economical, practical;<br \/>\nFeatures:<br \/>\nProfessional clamping methods, allows you to test accurate and productive.<br \/>\nHardware, main features:<br \/>\nThe design of precision transmission equipment enables rapid movement.<br \/>\nHigh-precision marble base and column frame are stable and reliable.<br \/>\nPrecision P-class linear guides and V-guides are highly linear.<br \/>\nEnsure machine accuracy and service life.<br \/>\nJapan Sony color CCD, has a higher clear measurement screen.<br \/>\nContour light, surface light, coaxial light (optional) Flexible lighting, high definition, extremely accurate measure.<br \/>\nGuiyang Xintian precision optical ruler is 0.001mm, which is very important for every 1\u03bcm.<br \/>\n2D software, function introduction:<br \/>\n\u203b Element measurement: measuring points, lines, circles, arcs, angles, ellipses, specifying points to measure rectangles, automatically identifying points, lines, circles, arcs.<br \/>\n\u203b Element structure: center point structure, intersection structure, midpoint structure, line structure, circle structure, angle structure.<br \/>\n\u203b Element presets: points, lines, circles, arcs.<br \/>\n\u203b Graphic processing: coordinate shifting, workpiece alignment. Any axis is squared and the coordinate system is reset.<br \/>\n\u203b Graphics zoom, graphics zoom, graphics shift, graphics print graphics selected, unchecked, graphics deleted.<br \/>\n\u203b Set zoom, graph zoom out, graph print circle select, uncheck, graph delete.<br \/>\n\u203b Set the grayscale, saturation, contrast, and image of the image to be saved in BMP format.<br \/>\n\u203b A variety of edge-finding modes, the computer automatically picks points, automatically recognizes the circle and the arc greatly improves the picking speed.<br \/>\n\u203b The image supports S terminal input; the image size is 640*480mm. Measurement data is sent directly to AutoCAD, and the measured graphics can be saved in dxf documents. Measurement data can be sent to WORD, Excel, for statistical analysis, you can draw a simple Xbar-S control chart, find Ca, and other parameters. Multi-language interface switching.<br \/>\nSpecifications :<br \/>\nModel<br \/>\nNG-YX2010<br \/>\nNG-YX3020<br \/>\nNG-YX4030<br \/>\nNG-YX5040<br \/>\nTest Range\uff08mm\uff09<br \/>\n200*100*200<br \/>\n300*200*200<br \/>\n400*300*200<br \/>\n500 *400*200<br \/>\nOverall dimension (mm)<br \/>\n525*677*9080<br \/>\n625*777*1080<br \/>\n725*877*1180<br \/>\n825*1077*1280<br \/>\nWorking stand size ( mm)<br \/>\n360*260<br \/>\n460*360<br \/>\n560*460<br \/>\n660*560<br \/>\nWeight (kg)<br \/>\n220 kg<br \/>\n280 kg<br \/>\n350 kg<br \/>\n420 kg<br \/>\nLoad bearing (kg)<br \/>\n20 kg<br \/>\n20 kg<br \/>\n20 kg<br \/>\n20 kg<br \/>\nmeasureing precision (um)<br \/>\nXY\uff083.0 + L \/ 200\uff09\u03bcm<br \/>\ngrating ruler resolution<br \/>\n1\u03bcm<br \/>\nguide rail<br \/>\nTaiwan brand, P grade<br \/>\nCamera<br \/>\nSONY color 1\/3\u2033 CCD camera<br \/>\nlight source<br \/>\nRim light<br \/>\nWhite LED luminance could be continous adjusted.<br \/>\nSurface light<br \/>\nWhite LED luminance could be continous<br \/>\nOptical lens<br \/>\nmanually continous zoom and electric postion lens (optional)<br \/>\nZoom ratio<br \/>\nOptical zoom ratio: 0.7-4.5 times, image zoom ratio: 30-225 times<br \/>\nwork distance<br \/>\n90 mm<br \/>\nSoftware<br \/>\nDL Measurement Software (DL Manual Edition)<br \/>\nmotion control<br \/>\nManual control<br \/>\nwork environment<br \/>\n\u203b Temperature : 20\u2103\u00b15\u2103<br \/>\n\u203b Temperature changes :\ufe642\u2103\/hr<br \/>\n\u203b Humidity range: 30-80%<br \/>\nVibration range \ufe640.002g and lower than 15Hz<br \/>\nPower<br \/>\n(electric equipment need be reliably close to ground, resistance need lower than 4 ohm.)<\/p>\n","protected":false},"excerpt":{"rendered":"<p>\u63cf\u8ff0 Summary: Professional clamping methods, allows you to test accurate and productive.Using optical principles, non-contact test measurements;Applicable to all areas for the purpose of twocoordinate&#8230;<\/p>\n","protected":false},"featured_media":5733,"comment_status":"open","ping_status":"closed","template":"","meta":[],"etheme_brands":[{"term_id":67,"name":"Newgoer","slug":"newgoer","term_group":0,"term_taxonomy_id":67,"taxonomy":"brand","description":"","parent":0,"count":271,"filter":"raw"}],"product_cat":[64],"product_tag":[],"_links":{"self":[{"href":"https:\/\/www.cncmarketi.com\/index.php\/wp-json\/wp\/v2\/product\/5739"}],"collection":[{"href":"https:\/\/www.cncmarketi.com\/index.php\/wp-json\/wp\/v2\/product"}],"about":[{"href":"https:\/\/www.cncmarketi.com\/index.php\/wp-json\/wp\/v2\/types\/product"}],"replies":[{"embeddable":true,"href":"https:\/\/www.cncmarketi.com\/index.php\/wp-json\/wp\/v2\/comments?post=5739"}],"version-history":[{"count":0,"href":"https:\/\/www.cncmarketi.com\/index.php\/wp-json\/wp\/v2\/product\/5739\/revisions"}],"wp:featuredmedia":[{"embeddable":true,"href":"https:\/\/www.cncmarketi.com\/index.php\/wp-json\/wp\/v2\/media\/5733"}],"wp:attachment":[{"href":"https:\/\/www.cncmarketi.com\/index.php\/wp-json\/wp\/v2\/media?parent=5739"}],"wp:term":[{"taxonomy":"brand","embeddable":true,"href":"https:\/\/www.cncmarketi.com\/index.php\/wp-json\/wp\/v2\/etheme_brands?post=5739"},{"taxonomy":"product_cat","embeddable":true,"href":"https:\/\/www.cncmarketi.com\/index.php\/wp-json\/wp\/v2\/product_cat?post=5739"},{"taxonomy":"product_tag","embeddable":true,"href":"https:\/\/www.cncmarketi.com\/index.php\/wp-json\/wp\/v2\/product_tag?post=5739"}],"curies":[{"name":"wp","href":"https:\/\/api.w.org\/{rel}","templated":true}]}}