{"id":5711,"date":"2023-08-06T08:23:40","date_gmt":"2023-08-06T05:23:40","guid":{"rendered":"https:\/\/www.cncmarketi.com\/index.php\/product\/cep-telefonu-kabugu-bukulme-test-cihazi-telefon-kapagi-burulma-yorgunluk-test-cihazi\/"},"modified":"2023-08-06T08:58:49","modified_gmt":"2023-08-06T05:58:49","slug":"cep-telefonu-kabugu-bukulme-test-cihazi-telefon-kapagi-burulma-yorgunluk-test-cihazi","status":"publish","type":"product","link":"https:\/\/www.cncmarketi.com\/index.php\/product\/cep-telefonu-kabugu-bukulme-test-cihazi-telefon-kapagi-burulma-yorgunluk-test-cihazi\/","title":{"rendered":"Cep telefonu kabu\u011fu b\u00fck\u00fclme test cihaz\u0131, telefon kapa\u011f\u0131 burulma yorgunluk test cihaz\u0131"},"content":{"rendered":"<p>Mobile Phone Shell Twisting Tester, Phone Cover Torsion Fatigue Tester<br \/>\nModel<br \/>\nNG-227<br \/>\nMOQ<br \/>\n1 Set<br \/>\nLead Time<br \/>\n3-15 Working Days<br \/>\nCountry of Origin<br \/>\nChina<br \/>\nPackage<br \/>\nStandard Export Wooden Box<br \/>\nOEM &#038; ODM<br \/>\nSupport<br \/>\n\u63cf\u8ff0<br \/>\n\u7528\u6237\u8bc4\u8bba (0)<br \/>\n\u63cf\u8ff0<br \/>\nSummary:<br \/>\nThis machine is used to detect the twist test of mobile phone (mobile phone case). It adopts PLC and HMT control system. It can set the torque value to test the twist life. After seeing whether the phone function or the shape of the phone case is normal, it is counted once and for all. The touch screen screen<br \/>\nis coordinated and displayed, and the operation is convenient. Meet the YD\/T 1539-2006 standard.<br \/>\nPurposes:<br \/>\nDurability of phone case.<br \/>\nAnti-distortion performance of internal structure.<br \/>\n3.Test procedure description<br \/>\nFeatures:<br \/>\nA device for testing the anti-distortion performance of a mobile phone.<br \/>\nHigh accuracy of torque control, real-time display of torque value, automatic control to maintain torque.<br \/>\nReasonable structure design, unique, suitable for different types of mobile phones.<br \/>\nStable operation, low noise, maintenance free.<br \/>\nActualize the servo motor;PLC control.<br \/>\nLarge touch screen interface control.<br \/>\nManual and automatic switching.<br \/>\nThe clamshell mobile phone can be opened to test the state.<br \/>\nTest Process:<br \/>\nDuring the simulation of the user\u2019s use, the phone case is tested by the twisted action.<br \/>\nOne end of the phone in the longitudinal direction is fixed in the twisting fixture, and the other end is placed floating (the bilateral gap is about 1mm) in the fixed fixture \u2192 the motor drives the twisting fixture to rotate in the reverse direction.<br \/>\nSpecification<br \/>\nItem<br \/>\nMobile Phone Torsion Test Machine<br \/>\nTest station<br \/>\n1<br \/>\nTest speed<br \/>\n0-30 times \/ min<br \/>\nTest times<br \/>\n0-9999999 times (can be set arbitrarily)<br \/>\nTorque setting range<br \/>\n0.3\uff5e4N.m\u00b10.5%FS<br \/>\nControl mode<br \/>\nTouch Screen Controller<br \/>\nOverall size of the machine<br \/>\n600*550*400mm<br \/>\nPower supply<br \/>\nAC220\/50HZ<br \/>\nWeight<br \/>\nabout 50kg<\/p>\n","protected":false},"excerpt":{"rendered":"<p>Mobile Phone Shell Twisting Tester, Phone Cover Torsion Fatigue Tester Model NG-227 MOQ 1 Set Lead Time 3-15 Working Days Country of Origin China Package&#8230;<\/p>\n","protected":false},"featured_media":5705,"comment_status":"open","ping_status":"closed","template":"","meta":[],"etheme_brands":[{"term_id":67,"name":"Newgoer","slug":"newgoer","term_group":0,"term_taxonomy_id":67,"taxonomy":"brand","description":"","parent":0,"count":271,"filter":"raw"}],"product_cat":[64],"product_tag":[],"_links":{"self":[{"href":"https:\/\/www.cncmarketi.com\/index.php\/wp-json\/wp\/v2\/product\/5711"}],"collection":[{"href":"https:\/\/www.cncmarketi.com\/index.php\/wp-json\/wp\/v2\/product"}],"about":[{"href":"https:\/\/www.cncmarketi.com\/index.php\/wp-json\/wp\/v2\/types\/product"}],"replies":[{"embeddable":true,"href":"https:\/\/www.cncmarketi.com\/index.php\/wp-json\/wp\/v2\/comments?post=5711"}],"version-history":[{"count":0,"href":"https:\/\/www.cncmarketi.com\/index.php\/wp-json\/wp\/v2\/product\/5711\/revisions"}],"wp:featuredmedia":[{"embeddable":true,"href":"https:\/\/www.cncmarketi.com\/index.php\/wp-json\/wp\/v2\/media\/5705"}],"wp:attachment":[{"href":"https:\/\/www.cncmarketi.com\/index.php\/wp-json\/wp\/v2\/media?parent=5711"}],"wp:term":[{"taxonomy":"brand","embeddable":true,"href":"https:\/\/www.cncmarketi.com\/index.php\/wp-json\/wp\/v2\/etheme_brands?post=5711"},{"taxonomy":"product_cat","embeddable":true,"href":"https:\/\/www.cncmarketi.com\/index.php\/wp-json\/wp\/v2\/product_cat?post=5711"},{"taxonomy":"product_tag","embeddable":true,"href":"https:\/\/www.cncmarketi.com\/index.php\/wp-json\/wp\/v2\/product_tag?post=5711"}],"curies":[{"name":"wp","href":"https:\/\/api.w.org\/{rel}","templated":true}]}}