{"id":5704,"date":"2023-08-06T08:23:34","date_gmt":"2023-08-06T05:23:34","guid":{"rendered":"https:\/\/www.cncmarketi.com\/index.php\/product\/cep-telefonu-sabit-basinc-yasam-test-cihazi-sabit-sikistirma-test-makinesi\/"},"modified":"2023-08-06T08:58:49","modified_gmt":"2023-08-06T05:58:49","slug":"cep-telefonu-sabit-basinc-yasam-test-cihazi-sabit-sikistirma-test-makinesi","status":"publish","type":"product","link":"https:\/\/www.cncmarketi.com\/index.php\/product\/cep-telefonu-sabit-basinc-yasam-test-cihazi-sabit-sikistirma-test-makinesi\/","title":{"rendered":"Cep Telefonu Sabit Bas\u0131n\u00e7 Ya\u015fam Test Cihaz\u0131, Sabit S\u0131k\u0131\u015ft\u0131rma Test Makinesi"},"content":{"rendered":"<p>Mobile Phone Hard Pressure Life Tester, Hard Compression Testing Machine<br \/>\nModel<br \/>\nNG-226<br \/>\nMOQ<br \/>\n1 Set<br \/>\nLead Time<br \/>\n3-15 Working Days<br \/>\nCountry of Origin<br \/>\nChina<br \/>\nPackage<br \/>\nStandard Export Wooden Box<br \/>\nOEM &#038; ODM<br \/>\nSupport<br \/>\n\u63cf\u8ff0<br \/>\n\u7528\u6237\u8bc4\u8bba (0)<br \/>\n\u63cf\u8ff0<br \/>\nSummary:<br \/>\nMobile Phone Hard Pressure Life Tester can simulate mobile phones and other products, imitate people repeated pressure life test, with a certain hardness of aluminum of round head, with cylinder to drive, adjustment of certain pressure 17 kg, determination to reach number after the damage.Meet YD\/T 1539-2006 standard.Mobile handsets were not packing, put on the form a complete set of battery boot lock the keyboard on the face, the hard life of pressure testing machine body and fixed bracket of axial vertically placed in the aluminum extrusion of round head 12 cm in length (250 + 10) N, 15-30 times per minute 1000 times, the frequency of the extrusion sample after the function, appearance and assembly shall comply with the requirements of related<br \/>\nstandard.The hand holding machine for folding, sliding and rotating structure should be tested under the closed \u2013 cap state.<br \/>\nTechnical parameters<br \/>\nProudct name<br \/>\nMobile Phone Hard Pressure Testing Machine<br \/>\nTest the largest sample<br \/>\n200cm*10cm, with adjustable height of 4cm<br \/>\nWorking frequency<br \/>\n10~60 times\/min<br \/>\nCalibration device<br \/>\none set<br \/>\npressure sensor<br \/>\n100kg<br \/>\nAlarm time<br \/>\n5-10 seconds (fixed)<br \/>\nPressure head<br \/>\nchoose round bar aluminum<br \/>\nMachine size<br \/>\nApprox 450*330*500mm<br \/>\nWeight<br \/>\nApprox 50kg<br \/>\nPower supply<br \/>\nAC220\/50HZ<\/p>\n","protected":false},"excerpt":{"rendered":"<p>Mobile Phone Hard Pressure Life Tester, Hard Compression Testing Machine Model NG-226 MOQ 1 Set Lead Time 3-15 Working Days Country of Origin China Package&#8230;<\/p>\n","protected":false},"featured_media":5698,"comment_status":"open","ping_status":"closed","template":"","meta":[],"etheme_brands":[{"term_id":67,"name":"Newgoer","slug":"newgoer","term_group":0,"term_taxonomy_id":67,"taxonomy":"brand","description":"","parent":0,"count":271,"filter":"raw"}],"product_cat":[64],"product_tag":[],"_links":{"self":[{"href":"https:\/\/www.cncmarketi.com\/index.php\/wp-json\/wp\/v2\/product\/5704"}],"collection":[{"href":"https:\/\/www.cncmarketi.com\/index.php\/wp-json\/wp\/v2\/product"}],"about":[{"href":"https:\/\/www.cncmarketi.com\/index.php\/wp-json\/wp\/v2\/types\/product"}],"replies":[{"embeddable":true,"href":"https:\/\/www.cncmarketi.com\/index.php\/wp-json\/wp\/v2\/comments?post=5704"}],"version-history":[{"count":0,"href":"https:\/\/www.cncmarketi.com\/index.php\/wp-json\/wp\/v2\/product\/5704\/revisions"}],"wp:featuredmedia":[{"embeddable":true,"href":"https:\/\/www.cncmarketi.com\/index.php\/wp-json\/wp\/v2\/media\/5698"}],"wp:attachment":[{"href":"https:\/\/www.cncmarketi.com\/index.php\/wp-json\/wp\/v2\/media?parent=5704"}],"wp:term":[{"taxonomy":"brand","embeddable":true,"href":"https:\/\/www.cncmarketi.com\/index.php\/wp-json\/wp\/v2\/etheme_brands?post=5704"},{"taxonomy":"product_cat","embeddable":true,"href":"https:\/\/www.cncmarketi.com\/index.php\/wp-json\/wp\/v2\/product_cat?post=5704"},{"taxonomy":"product_tag","embeddable":true,"href":"https:\/\/www.cncmarketi.com\/index.php\/wp-json\/wp\/v2\/product_tag?post=5704"}],"curies":[{"name":"wp","href":"https:\/\/api.w.org\/{rel}","templated":true}]}}