{"id":5690,"date":"2023-08-06T08:23:17","date_gmt":"2023-08-06T05:23:17","guid":{"rendered":"https:\/\/www.cncmarketi.com\/index.php\/product\/cep-telefonu-ucretsiz-damla-life-tester-point-yuz-kose-damlasi-test-cihazi\/"},"modified":"2023-08-06T08:58:49","modified_gmt":"2023-08-06T05:58:49","slug":"cep-telefonu-ucretsiz-damla-life-tester-point-yuz-kose-damlasi-test-cihazi","status":"publish","type":"product","link":"https:\/\/www.cncmarketi.com\/index.php\/product\/cep-telefonu-ucretsiz-damla-life-tester-point-yuz-kose-damlasi-test-cihazi\/","title":{"rendered":"Cep telefonu \u00dccretsiz Damla Life Tester, Point Y\u00fcz K\u00f6\u015fe Damlas\u0131 Test Cihaz\u0131"},"content":{"rendered":"<p>\u63cf\u8ff0<br \/>\nSummary:<br \/>\nMobile Phone Free Drop Test Machine is suitable for mobile phone (mobile phone), walkie talkie, electronic dictionary, building intercom phone, CD \/ MD \/ MP3 and other small consumer electronic products and parts of the free fall test; aircraft using pneumatic structure, Placed in the special fixture (adjustable stroke) clamp, press the drop button, the cylinder release, the specimen will be free fall test, drop height can be adjusted up and down, the height table can be found that the specimen drop height, the machine key components Reliable performance, a variety of drop floor available<br \/>\nFeatures:<br \/>\n1 Mobile Phone Free Drop Test Machine, Electric Drop Tester available for package face, corner, edge free drop testing.<br \/>\n2 With height digital display instrument and tracing height with encoder, so can measure the precision drop height.<br \/>\n3 The drop height tolerance within 2% or 10mm;<br \/>\n4 Adopt pneumatic structure, fix the specimen with special fixture (range adjustable), push the drop button, pneumatic cylinder open, specimen free dropping . The drop height controllable, and with height steel ruler which makes drop height available.<br \/>\nCorresponding Standard:<br \/>\nGB\/T 31485-2015,GB\/T 31241-2014,UN38.3,IEC62133,QC\/T743-201X,GB\/T 8897.4-2008<br \/>\nSpecifications:<br \/>\nItem<br \/>\nMobile Phone Free Drop Test Machine<br \/>\nDrop Height<br \/>\n300~2000mm<br \/>\nDrop method<br \/>\nFace, edge, corner dropping<br \/>\nMax Test Loading<br \/>\n5kg\u00b1100g<br \/>\nDrop floor material<br \/>\nA3 steel plate (Acrylic plate, marble plate, wooden plate optional )<br \/>\nLifting method<br \/>\nMotor lifting<br \/>\nClamping method<br \/>\nPneumatic dropping adsorption, any part can fall<br \/>\nDrop height scale<br \/>\n1mm<br \/>\nDrop floor dimension<br \/>\nW500 x D600 x H20mm(solid plate)<br \/>\nAir Source<br \/>\n<1mpa\nPower\n220V 50Hz\n<\/p>\n","protected":false},"excerpt":{"rendered":"<p>\u63cf\u8ff0 Summary: Mobile Phone Free Drop Test Machine is suitable for mobile phone (mobile phone), walkie talkie, electronic dictionary, building intercom phone, CD \/ MD&#8230;<\/p>\n","protected":false},"featured_media":5684,"comment_status":"open","ping_status":"closed","template":"","meta":[],"etheme_brands":[{"term_id":67,"name":"Newgoer","slug":"newgoer","term_group":0,"term_taxonomy_id":67,"taxonomy":"brand","description":"","parent":0,"count":271,"filter":"raw"}],"product_cat":[64],"product_tag":[],"_links":{"self":[{"href":"https:\/\/www.cncmarketi.com\/index.php\/wp-json\/wp\/v2\/product\/5690"}],"collection":[{"href":"https:\/\/www.cncmarketi.com\/index.php\/wp-json\/wp\/v2\/product"}],"about":[{"href":"https:\/\/www.cncmarketi.com\/index.php\/wp-json\/wp\/v2\/types\/product"}],"replies":[{"embeddable":true,"href":"https:\/\/www.cncmarketi.com\/index.php\/wp-json\/wp\/v2\/comments?post=5690"}],"version-history":[{"count":0,"href":"https:\/\/www.cncmarketi.com\/index.php\/wp-json\/wp\/v2\/product\/5690\/revisions"}],"wp:featuredmedia":[{"embeddable":true,"href":"https:\/\/www.cncmarketi.com\/index.php\/wp-json\/wp\/v2\/media\/5684"}],"wp:attachment":[{"href":"https:\/\/www.cncmarketi.com\/index.php\/wp-json\/wp\/v2\/media?parent=5690"}],"wp:term":[{"taxonomy":"brand","embeddable":true,"href":"https:\/\/www.cncmarketi.com\/index.php\/wp-json\/wp\/v2\/etheme_brands?post=5690"},{"taxonomy":"product_cat","embeddable":true,"href":"https:\/\/www.cncmarketi.com\/index.php\/wp-json\/wp\/v2\/product_cat?post=5690"},{"taxonomy":"product_tag","embeddable":true,"href":"https:\/\/www.cncmarketi.com\/index.php\/wp-json\/wp\/v2\/product_tag?post=5690"}],"curies":[{"name":"wp","href":"https:\/\/api.w.org\/{rel}","templated":true}]}}