{"id":5669,"date":"2023-08-06T08:22:53","date_gmt":"2023-08-06T05:22:53","guid":{"rendered":"https:\/\/www.cncmarketi.com\/index.php\/product\/cep-telefonu-tiklayin-lineation-tester-tiklayin-ve-lineation-life-test-makinesi\/"},"modified":"2023-08-06T08:58:49","modified_gmt":"2023-08-06T05:58:49","slug":"cep-telefonu-tiklayin-lineation-tester-tiklayin-ve-lineation-life-test-makinesi","status":"publish","type":"product","link":"https:\/\/www.cncmarketi.com\/index.php\/product\/cep-telefonu-tiklayin-lineation-tester-tiklayin-ve-lineation-life-test-makinesi\/","title":{"rendered":"Cep Telefonu T\u0131klay\u0131n Lineation Tester, T\u0131klay\u0131n ve Lineation Life Test Makinesi"},"content":{"rendered":"<p>\u63cf\u8ff0<br \/>\nApplication :<br \/>\nThis Machine is suitable for all kinds of mobile phone touch screen of resistance clicking crossed test , load weight 500g, 200g, 100g, 50g, 25g, 10g, with a stylus or the same material rubber stylus clicks or crossed a certain number of times on the touch screen is discriminated click on the effect of resistance crossed.<br \/>\nFeatures:<br \/>\nVersatile clamping methods, allowing you to test precise and effective.<br \/>\nLED digital display set counter, can be arbitrarily set the number of tests, the number of tests is straight forward and practical.<br \/>\nSpecification :<br \/>\nModel<br \/>\nNG-207<br \/>\nTest station<br \/>\nClick Testing * 2 + Lineation Testing * 2<br \/>\nTest load (g)<br \/>\n500,200,100,50,20,10g<br \/>\nTesting times<br \/>\n0-99999999 times<br \/>\nTest speed<br \/>\n0 to 80 beats \/ min<br \/>\nMachine Size<br \/>\n750 * 450 * 480mm<br \/>\nPower source<br \/>\n220V, 5A or designated<br \/>\nWeight<br \/>\nabout 55kg<br \/>\nStandard feature<br \/>\ntest fixture<\/p>\n","protected":false},"excerpt":{"rendered":"<p>\u63cf\u8ff0 Application : This Machine is suitable for all kinds of mobile phone touch screen of resistance clicking crossed test , load weight 500g, 200g,&#8230;<\/p>\n","protected":false},"featured_media":5663,"comment_status":"open","ping_status":"closed","template":"","meta":[],"etheme_brands":[{"term_id":67,"name":"Newgoer","slug":"newgoer","term_group":0,"term_taxonomy_id":67,"taxonomy":"brand","description":"","parent":0,"count":271,"filter":"raw"}],"product_cat":[64],"product_tag":[],"_links":{"self":[{"href":"https:\/\/www.cncmarketi.com\/index.php\/wp-json\/wp\/v2\/product\/5669"}],"collection":[{"href":"https:\/\/www.cncmarketi.com\/index.php\/wp-json\/wp\/v2\/product"}],"about":[{"href":"https:\/\/www.cncmarketi.com\/index.php\/wp-json\/wp\/v2\/types\/product"}],"replies":[{"embeddable":true,"href":"https:\/\/www.cncmarketi.com\/index.php\/wp-json\/wp\/v2\/comments?post=5669"}],"version-history":[{"count":0,"href":"https:\/\/www.cncmarketi.com\/index.php\/wp-json\/wp\/v2\/product\/5669\/revisions"}],"wp:featuredmedia":[{"embeddable":true,"href":"https:\/\/www.cncmarketi.com\/index.php\/wp-json\/wp\/v2\/media\/5663"}],"wp:attachment":[{"href":"https:\/\/www.cncmarketi.com\/index.php\/wp-json\/wp\/v2\/media?parent=5669"}],"wp:term":[{"taxonomy":"brand","embeddable":true,"href":"https:\/\/www.cncmarketi.com\/index.php\/wp-json\/wp\/v2\/etheme_brands?post=5669"},{"taxonomy":"product_cat","embeddable":true,"href":"https:\/\/www.cncmarketi.com\/index.php\/wp-json\/wp\/v2\/product_cat?post=5669"},{"taxonomy":"product_tag","embeddable":true,"href":"https:\/\/www.cncmarketi.com\/index.php\/wp-json\/wp\/v2\/product_tag?post=5669"}],"curies":[{"name":"wp","href":"https:\/\/api.w.org\/{rel}","templated":true}]}}