{"id":5662,"date":"2023-08-06T08:22:46","date_gmt":"2023-08-06T05:22:46","guid":{"rendered":"https:\/\/www.cncmarketi.com\/index.php\/product\/mit-kagit-katlama-dayaniklilik-test-makinesi-mit-yorgunluk-test-cihazi\/"},"modified":"2023-08-06T08:58:49","modified_gmt":"2023-08-06T05:58:49","slug":"mit-kagit-katlama-dayaniklilik-test-makinesi-mit-yorgunluk-test-cihazi","status":"publish","type":"product","link":"https:\/\/www.cncmarketi.com\/index.php\/product\/mit-kagit-katlama-dayaniklilik-test-makinesi-mit-yorgunluk-test-cihazi\/","title":{"rendered":"MIT Ka\u011f\u0131t Katlama Dayan\u0131kl\u0131l\u0131k Test Makinesi, MIT Yorgunluk Test Cihaz\u0131"},"content":{"rendered":"<p>\u63cf\u8ff0<br \/>\nIntroduction<br \/>\nPaper folding endurance tester used to test the folding endurance of paper,cardboard and other materials.The instrument used the folding clamp which can make it position automatically ,has high processing data functions like:not only a single sample and the corresponding two-fold the number of values (folding) for conversion, and multiple samples can statistics in the same group of experimental data, can test the statistics in the same group Kind of maximum, minimum, average and coefficient of variation, the data stored in the microcomputer, through the digital display.Besides adopted digital circuit with micro PC as the core; mechatronics technique,with precision motor servo control, precise positioning.High speed micro printed,Digit tube can show the measurement directly.Advanced technology ,completed functions,stable performance,easy to use are the advantages of the instrument which is the ideal testing machine for papermaking,packing,research and inspection.<br \/>\nFeatures :<br \/>\n1. The paper folding tester uses full computer control technology, and has high automation degree, open structure, simple and convenient operation, stable and reliable performance and high precision.<br \/>\n2. The paper folding tester has functions of full-automatic test, and intelligent judgment.<br \/>\n3. It can count and print test results, and save test data.<br \/>\n4. It uses Chinese graphic menu display operating interface, and high speed miniprinter.<br \/>\n5. The modern design concept of optical, mechanical and electronic integration has compact structure, beautiful appearance and convenient maintenance.<br \/>\nApplication :<br \/>\nIt is suitable to test fatigue strength of paper, paperboard and other sheet material, which thickness is less than 1mm<br \/>\nStandard :<br \/>\nISO 5626: Paper-determination of folding endurance<br \/>\nGB\/T 2679.5: Paper and board-determination of folding endurance (MIT tester)<br \/>\nGB\/457: Paper and board-determination of folding endurance<br \/>\nQB\/T 1049: Paper and board\u2014Tester of folding endurance<br \/>\nParameters:<br \/>\nMeasuring range<br \/>\n1~99999times<br \/>\nFolding angle<br \/>\n135\u00b0\u00b12\u00b0<br \/>\nFolding speed<br \/>\n(175\u00b110)time\/min<br \/>\nTension adjust range<br \/>\n4.9N~14.7N<br \/>\nFolding head specification<br \/>\n0.25mm,0.50mm,0.75mm,1.00mm<br \/>\nFolding head width<br \/>\n19\u00b11mm,<br \/>\nFolding radius<br \/>\nR0.38mm\u00b10.02mm<br \/>\nTension change of folding chuck rotating<br \/>\n\u2264 0.343N<br \/>\nPower<br \/>\nAC220V\u00b110% 50Hz<br \/>\nWork environment<br \/>\ntemperature0~40\u00b0C,relative humidity\u2264 85%<br \/>\nDimension<br \/>\n390 mm(L)\u00d7305 mm(W)\u00d7440 mm(H)<\/p>\n","protected":false},"excerpt":{"rendered":"<p>\u63cf\u8ff0 Introduction Paper folding endurance tester used to test the folding endurance of paper,cardboard and other materials.The instrument used the folding clamp which can make&#8230;<\/p>\n","protected":false},"featured_media":5656,"comment_status":"open","ping_status":"closed","template":"","meta":[],"etheme_brands":[{"term_id":67,"name":"Newgoer","slug":"newgoer","term_group":0,"term_taxonomy_id":67,"taxonomy":"brand","description":"","parent":0,"count":271,"filter":"raw"}],"product_cat":[64],"product_tag":[],"_links":{"self":[{"href":"https:\/\/www.cncmarketi.com\/index.php\/wp-json\/wp\/v2\/product\/5662"}],"collection":[{"href":"https:\/\/www.cncmarketi.com\/index.php\/wp-json\/wp\/v2\/product"}],"about":[{"href":"https:\/\/www.cncmarketi.com\/index.php\/wp-json\/wp\/v2\/types\/product"}],"replies":[{"embeddable":true,"href":"https:\/\/www.cncmarketi.com\/index.php\/wp-json\/wp\/v2\/comments?post=5662"}],"version-history":[{"count":0,"href":"https:\/\/www.cncmarketi.com\/index.php\/wp-json\/wp\/v2\/product\/5662\/revisions"}],"wp:featuredmedia":[{"embeddable":true,"href":"https:\/\/www.cncmarketi.com\/index.php\/wp-json\/wp\/v2\/media\/5656"}],"wp:attachment":[{"href":"https:\/\/www.cncmarketi.com\/index.php\/wp-json\/wp\/v2\/media?parent=5662"}],"wp:term":[{"taxonomy":"brand","embeddable":true,"href":"https:\/\/www.cncmarketi.com\/index.php\/wp-json\/wp\/v2\/etheme_brands?post=5662"},{"taxonomy":"product_cat","embeddable":true,"href":"https:\/\/www.cncmarketi.com\/index.php\/wp-json\/wp\/v2\/product_cat?post=5662"},{"taxonomy":"product_tag","embeddable":true,"href":"https:\/\/www.cncmarketi.com\/index.php\/wp-json\/wp\/v2\/product_tag?post=5662"}],"curies":[{"name":"wp","href":"https:\/\/api.w.org\/{rel}","templated":true}]}}