{"id":5655,"date":"2023-08-06T08:22:39","date_gmt":"2023-08-06T05:22:39","guid":{"rendered":"https:\/\/www.cncmarketi.com\/index.php\/product\/metal-algilama-guvenlik-kapisi-metal-guvenlik-kontrolu-kapi-sicakligi-tarayicisi\/"},"modified":"2023-08-06T08:58:49","modified_gmt":"2023-08-06T05:58:49","slug":"metal-algilama-guvenlik-kapisi-metal-guvenlik-kontrolu-kapi-sicakligi-tarayicisi","status":"publish","type":"product","link":"https:\/\/www.cncmarketi.com\/index.php\/product\/metal-algilama-guvenlik-kapisi-metal-guvenlik-kontrolu-kapi-sicakligi-tarayicisi\/","title":{"rendered":"Metal Alg\u0131lama G\u00fcvenlik Kap\u0131s\u0131, Metal G\u00fcvenlik Kontrol\u00fc Kap\u0131 S\u0131cakl\u0131\u011f\u0131 Taray\u0131c\u0131s\u0131"},"content":{"rendered":"<p>Metal Detection Security Gate, Metal Safety Check Door Temperature Scanner<br \/>\nModel<br \/>\nNG-8810<br \/>\nMOQ<br \/>\n1 Set<br \/>\nLead Time<br \/>\n3-15 Working Days<br \/>\nCountry of Origin<br \/>\nChina<br \/>\nPackage<br \/>\nStandard Export Wooden Box<br \/>\nOEM &#038; ODM<br \/>\nSupport<br \/>\n\u63cf\u8ff0<br \/>\n\u7528\u6237\u8bc4\u8bba (0)<br \/>\n\u63cf\u8ff0<br \/>\nSummary:<br \/>\nTemperature scanner and metal detection integrated system is an accurate and convenient detection device for detecting human body temperature and metal detection combined. It uses a non-contact body temperature preliminary screening method, which has a fast detection speed and can prevent personnel from being exposed to cross infection. At the same time, the common 7-inch LCD screen can display the measured temperature, the temperature of the alert, the number of alert, the number of people passing through, and the number of compensations. When a person passes through the security inspection channel, if the person\u2019s body temperature exceeds a preset temperature or carry metal, the system will automatically alarm. If the body temperature is normal, the normal body temperature value will be displayed on the screen in real time.<br \/>\nFeatures:<br \/>\nTWO Sensors Non-contact temperature scanner: about 10-15 cm away from the probe, and the forehead\/wrist temperature can be detected.<br \/>\nSix Metal Detect zones, and suspicious objects can be accurately displayed in correspondence.<br \/>\nLED Display doorpost light can display alarm zone visually and sound and light alarm at the same time.<br \/>\nHigh sensitivity:a piece of coin metal can be detected, and the influence of belt buckles, leather shoes, bras can be ruled out, and more than 200 grams of copper, aluminum, zinc and other metals or controlled knives and guns can be detected.Additional functions: optional remote control can be used to control parameters, reserve switching signals, and can be connected to computers, cameras, three rollers, etc.<br \/>\nHarmless: Harmless to cardiac pacemaker wearers, pregnant women, and magnetic media.<br \/>\nSpecifications:<br \/>\nTemperature Scanner Part<br \/>\nDetection distance<br \/>\nForehead, wrist 5-15CM<br \/>\nTemperature measurement range<br \/>\n30\u2103\uff5e42\u2103<br \/>\nMinimum resolution<br \/>\n0.1\u2103<br \/>\nTemperature measurement module<br \/>\nMELEXIS<br \/>\nTemperature measurement accuracy<br \/>\n\u00b10.5\u2103\uff08Indoor Temperature\uff09<br \/>\nRepeat accuracy<br \/>\n\u00b10.2\u2103<br \/>\nResponse time<br \/>\n0.1S<br \/>\nMeasure time<br \/>\n0.5S-1.5S<br \/>\nDisplay<br \/>\n7 inch color touch screen<br \/>\nWorking environment<br \/>\n-10\u2103\u250035\u2103<br \/>\nExternal power<br \/>\n220V 50Hz<br \/>\nTunnel Dimension<br \/>\n2000(H)) x 700(W) x 550(D) mm<br \/>\nWhole Dimension<br \/>\n2202(H) x 820(W) x 550(D) mm<br \/>\nMetal Detection Part<br \/>\nWorking frequency<br \/>\n7.8\uff5e8.2KHz<br \/>\nDetection sensitivity<br \/>\n\u03a620MM Iron Ball<br \/>\nDetection location<br \/>\nLeft and right six detecting zones<br \/>\nDetection sensitivity<br \/>\n6 zones<\/p>\n","protected":false},"excerpt":{"rendered":"<p>Metal Detection Security Gate, Metal Safety Check Door Temperature Scanner Model NG-8810 MOQ 1 Set Lead Time 3-15 Working Days Country of Origin China Package&#8230;<\/p>\n","protected":false},"featured_media":5649,"comment_status":"open","ping_status":"closed","template":"","meta":[],"etheme_brands":[{"term_id":67,"name":"Newgoer","slug":"newgoer","term_group":0,"term_taxonomy_id":67,"taxonomy":"brand","description":"","parent":0,"count":271,"filter":"raw"}],"product_cat":[64],"product_tag":[],"_links":{"self":[{"href":"https:\/\/www.cncmarketi.com\/index.php\/wp-json\/wp\/v2\/product\/5655"}],"collection":[{"href":"https:\/\/www.cncmarketi.com\/index.php\/wp-json\/wp\/v2\/product"}],"about":[{"href":"https:\/\/www.cncmarketi.com\/index.php\/wp-json\/wp\/v2\/types\/product"}],"replies":[{"embeddable":true,"href":"https:\/\/www.cncmarketi.com\/index.php\/wp-json\/wp\/v2\/comments?post=5655"}],"version-history":[{"count":0,"href":"https:\/\/www.cncmarketi.com\/index.php\/wp-json\/wp\/v2\/product\/5655\/revisions"}],"wp:featuredmedia":[{"embeddable":true,"href":"https:\/\/www.cncmarketi.com\/index.php\/wp-json\/wp\/v2\/media\/5649"}],"wp:attachment":[{"href":"https:\/\/www.cncmarketi.com\/index.php\/wp-json\/wp\/v2\/media?parent=5655"}],"wp:term":[{"taxonomy":"brand","embeddable":true,"href":"https:\/\/www.cncmarketi.com\/index.php\/wp-json\/wp\/v2\/etheme_brands?post=5655"},{"taxonomy":"product_cat","embeddable":true,"href":"https:\/\/www.cncmarketi.com\/index.php\/wp-json\/wp\/v2\/product_cat?post=5655"},{"taxonomy":"product_tag","embeddable":true,"href":"https:\/\/www.cncmarketi.com\/index.php\/wp-json\/wp\/v2\/product_tag?post=5655"}],"curies":[{"name":"wp","href":"https:\/\/api.w.org\/{rel}","templated":true}]}}