{"id":5633,"date":"2023-08-06T08:22:16","date_gmt":"2023-08-06T05:22:16","guid":{"rendered":"https:\/\/www.cncmarketi.com\/index.php\/product\/metal-ayirici-titresimli-paslanmaz-celik-yercekimi-metal-ayirici\/"},"modified":"2023-08-06T08:58:49","modified_gmt":"2023-08-06T05:58:49","slug":"metal-ayirici-titresimli-paslanmaz-celik-yercekimi-metal-ayirici","status":"publish","type":"product","link":"https:\/\/www.cncmarketi.com\/index.php\/product\/metal-ayirici-titresimli-paslanmaz-celik-yercekimi-metal-ayirici\/","title":{"rendered":"Metal Ay\u0131r\u0131c\u0131 Titre\u015fimli Paslanmaz \u00c7elik Yer\u00e7ekimi Metal Ay\u0131r\u0131c\u0131"},"content":{"rendered":"<p>\u63cf\u8ff0<br \/>\nDiameter<br \/>\n\u03a635mm<br \/>\nPrecision<br \/>\nIron \u03c60.4mm<br \/>\nCopper \u03c60.5mm<br \/>\nSUS \u03c60.8mm<br \/>\nDetecting Weight<br \/>\n300-400KG\/Hr<br \/>\nDetection Method<br \/>\nElectromagnetic Wave Detection Technology<br \/>\nAlarm Mode<br \/>\nSound and Light Alarm with auto rejection<br \/>\nElimination time<br \/>\n0.3-5seconds ( adjustable)<br \/>\nGas Consumption<br \/>\n0.4 Liters Per Separation<br \/>\nGas Input Source<br \/>\n0.3~0.5MBar<br \/>\nOutput Signal Terminal<br \/>\nCounting signal, Reject signal<br \/>\nFrame Material<br \/>\nPaint<br \/>\nInput voltage \/power<br \/>\nSingle-phase AC200V 50Hz\/100W<br \/>\nOperating Temperature<br \/>\n-10~+50\u00baC<br \/>\nDimensions of the main part<br \/>\nLength 300*Width 400* Height 440(mm)<br \/>\nThe metal separator is used to detect and separate all metals, including ferrous and non-ferrous metals (such as copper, aluminum, stainless steel) mixed in the plastic material.This machine has the advantages of fast separation speed, high detection accuracy, and easy installation, etc. It is a necessary equipment for plastic industry.<br \/>\nFeatures:<br \/>\n1. Intelligent Detection- Turn on and start running, which is convenient and quick, and maintenance-free.<br \/>\n2. Reliable Performance- Special structural design, strong stability, effective to avoid interference caused by mechanical vibration.<br \/>\n3.Fast Auto Reject- Instead of the traditional manual detection, the removal speed is fast, the production efficiency is high, and the utilization rate of raw materials is greatly improved.<br \/>\n4.Maximum Detection Accuracy- Improve product quality, but also to some extent reduce the back-end equipment, such as injection molding machine, grinder maintenance costs and loss caused by shutdown maintenance.<br \/>\n5. Wide range of sensitivity adjustable- Bespoke solution<br \/>\n6. Endurable- 304 stainless steel, sanitary and clean.<br \/>\n7. Compact design- Easy to install and operate<\/p>\n","protected":false},"excerpt":{"rendered":"<p>\u63cf\u8ff0 Diameter \u03a635mm Precision Iron \u03c60.4mm Copper \u03c60.5mm SUS \u03c60.8mm Detecting Weight 300-400KG\/Hr Detection Method Electromagnetic Wave Detection Technology Alarm Mode Sound and Light Alarm&#8230;<\/p>\n","protected":false},"featured_media":5627,"comment_status":"open","ping_status":"closed","template":"","meta":[],"etheme_brands":[{"term_id":67,"name":"Newgoer","slug":"newgoer","term_group":0,"term_taxonomy_id":67,"taxonomy":"brand","description":"","parent":0,"count":271,"filter":"raw"}],"product_cat":[64],"product_tag":[],"_links":{"self":[{"href":"https:\/\/www.cncmarketi.com\/index.php\/wp-json\/wp\/v2\/product\/5633"}],"collection":[{"href":"https:\/\/www.cncmarketi.com\/index.php\/wp-json\/wp\/v2\/product"}],"about":[{"href":"https:\/\/www.cncmarketi.com\/index.php\/wp-json\/wp\/v2\/types\/product"}],"replies":[{"embeddable":true,"href":"https:\/\/www.cncmarketi.com\/index.php\/wp-json\/wp\/v2\/comments?post=5633"}],"version-history":[{"count":0,"href":"https:\/\/www.cncmarketi.com\/index.php\/wp-json\/wp\/v2\/product\/5633\/revisions"}],"wp:featuredmedia":[{"embeddable":true,"href":"https:\/\/www.cncmarketi.com\/index.php\/wp-json\/wp\/v2\/media\/5627"}],"wp:attachment":[{"href":"https:\/\/www.cncmarketi.com\/index.php\/wp-json\/wp\/v2\/media?parent=5633"}],"wp:term":[{"taxonomy":"brand","embeddable":true,"href":"https:\/\/www.cncmarketi.com\/index.php\/wp-json\/wp\/v2\/etheme_brands?post=5633"},{"taxonomy":"product_cat","embeddable":true,"href":"https:\/\/www.cncmarketi.com\/index.php\/wp-json\/wp\/v2\/product_cat?post=5633"},{"taxonomy":"product_tag","embeddable":true,"href":"https:\/\/www.cncmarketi.com\/index.php\/wp-json\/wp\/v2\/product_tag?post=5633"}],"curies":[{"name":"wp","href":"https:\/\/api.w.org\/{rel}","templated":true}]}}