{"id":5626,"date":"2023-08-06T08:22:07","date_gmt":"2023-08-06T05:22:07","guid":{"rendered":"https:\/\/www.cncmarketi.com\/index.php\/product\/eritilmis-uflemeli-kumas-mfi-eriyik-akis-endeksi-test-cihazi-mvr-yontemi-eriyik-uflemeli-eriyik-akis-hizi-test-cihazi\/"},"modified":"2023-08-06T08:58:49","modified_gmt":"2023-08-06T05:58:49","slug":"eritilmis-uflemeli-kumas-mfi-eriyik-akis-endeksi-test-cihazi-mvr-yontemi-eriyik-uflemeli-eriyik-akis-hizi-test-cihazi","status":"publish","type":"product","link":"https:\/\/www.cncmarketi.com\/index.php\/product\/eritilmis-uflemeli-kumas-mfi-eriyik-akis-endeksi-test-cihazi-mvr-yontemi-eriyik-uflemeli-eriyik-akis-hizi-test-cihazi\/","title":{"rendered":"Eritilmi\u015f \u00dcflemeli Kuma\u015f MFI Eriyik Ak\u0131\u015f Endeksi test cihaz\u0131, MVR y\u00f6ntemi eriyik \u00fcflemeli eriyik ak\u0131\u015f h\u0131z\u0131 test cihaz\u0131"},"content":{"rendered":"<p>\u63cf\u8ff0<br \/>\nSummary:<br \/>\nMelt Flow Index Tester, Plastic Melt Flow Rate Test Instrument used to measure the thermoplastic resin melt mass flow rate (MFR), melt flow rate (MVR) volume and the density of the melt, it is not only applicable to the high melting temperature of polycarbonate, nylon, fluorine plastic, aromatic sulfones engineering plastics, also applies to polyethylene, polystyrene, polypropylene, ABS resin, poly formaldehyde resin with lower melting temperature, such as plastic test, widely used in plastic raw materials, products, petroleum and chemical industries, and related colleges and universities, scientific research units and the commodity inspection department.<br \/>\nStandards:<br \/>\nGB\/T3682-2000,ISO1133-97, ASTM1238<br \/>\nFeatures:<br \/>\n1.Using advanced electronic measurement technology, liquid crystal display test results, the micro printer output results and calculating the quality of the melt flow rate (MFR) or melt volume flow rate (MVR) (note: single determination value and many times the average of the cutting material).<br \/>\n2.Tester compact structure, beautiful, the control system can real time measurement and display temperature numerical, has the upper limit temperature protection, constant temperature sound reminders, response time tip etc. Function. The use of advanced PID control technology and high speed and high resolution sampling circuit, make the machine in constant temperature is the following characteristics:<br \/>\nA: heating speed, the dinky overshoot.<br \/>\nB: constant temperature and high precision.<br \/>\nC: in the packing after, can quickly restored constant temperature condition.<br \/>\nCheap 380V Customized Tablet MFI Tester can be used for ABS, polystyrene, polyethylene, polypropylene, polyamide, fiber, resin, acrylate, POM, fluorine plastic, polycarbonate and other plastic materials, the melt flow rate (MFR) or themelt volume flow rate (MVR) to be determined.<br \/>\nAdvantage of our Melt Flow Index Tester, Plastic Melt Flow Rate Test Instrument<br \/>\nHigh-precision Chinese-English switchable color controller, specially customized film button, have incomparable advantages control accuracy and service life.<br \/>\nAutomatic and manual cutting control, accurate to 0.1s, can be arbitrary set cutting time and cutting times.<br \/>\nBuilt-in micro printer can print test data<br \/>\nDouble temperature control system, using double imported heating ring, double imported PT100 platinum resistance sensor,improve the test accuracy and temperature stability<br \/>\nAdded displacement sensor, can achieve test in MVR (volume method) with 0.01mm accuracy.<br \/>\nThe MVR method can output the test results directly without cutting.<br \/>\nThe density value of the material at certain temperature can be calculated by the ratio of MVR method and MFR method<br \/>\nThe computer can be connected via USB, and test conditions can be set on the computer by software to print data and store data (optional).<br \/>\nMain Parameters:<br \/>\nModel<br \/>\nNG-MI400<br \/>\nNG-MI400P<br \/>\nDisplay<br \/>\nLCD<br \/>\nTOUCH SCREEN<br \/>\nAdditional Function<br \/>\nNA<br \/>\nCan connect to PC<br \/>\n(Please Remarks this Function before Order)<br \/>\nTest Method<br \/>\nMFR &#038; MVR<br \/>\nCharging barrel diameter<br \/>\n9.55\u00b10.025mm<br \/>\nOutlet diameter<br \/>\n8.000\u00b10.025mm<br \/>\nDiameter of die head<br \/>\n\u03a62.095\u00b10.005mm\/\u03a61.05mm\u00b10.005mm<br \/>\nTemperature range<br \/>\nRT~450\u00b0C<br \/>\nTemperature display resolution<br \/>\n0.1\u00b0C<br \/>\nTemperature fluctuation<br \/>\n\u00b10.2\u00b0C<br \/>\nTime display resolution<br \/>\n0.1S<br \/>\nWeight accuracy<br \/>\n\u00b10.5%<br \/>\nDisplacement sensor<br \/>\n0.01mm<br \/>\nMVR Timing Accuracy<br \/>\n0.001S<br \/>\nDisplacement measuring encoder<br \/>\nOmron optical rotary encoder<br \/>\nMFR test range<br \/>\n0.1-150g\/10min<br \/>\nMVR test range<br \/>\n50-5000cm3\/10min<br \/>\nOutput<br \/>\nMini printer<br \/>\nCutting method<br \/>\nAutomatic and Manual<br \/>\nTest load<br \/>\nTotal 8 level, 8 sets of weight<br \/>\nPower<br \/>\nAC220V\u00b110% 50HZ<\/p>\n","protected":false},"excerpt":{"rendered":"<p>\u63cf\u8ff0 Summary: Melt Flow Index Tester, Plastic Melt Flow Rate Test Instrument used to measure the thermoplastic resin melt mass flow rate (MFR), melt flow&#8230;<\/p>\n","protected":false},"featured_media":5620,"comment_status":"open","ping_status":"closed","template":"","meta":[],"etheme_brands":[{"term_id":67,"name":"Newgoer","slug":"newgoer","term_group":0,"term_taxonomy_id":67,"taxonomy":"brand","description":"","parent":0,"count":271,"filter":"raw"}],"product_cat":[64],"product_tag":[],"_links":{"self":[{"href":"https:\/\/www.cncmarketi.com\/index.php\/wp-json\/wp\/v2\/product\/5626"}],"collection":[{"href":"https:\/\/www.cncmarketi.com\/index.php\/wp-json\/wp\/v2\/product"}],"about":[{"href":"https:\/\/www.cncmarketi.com\/index.php\/wp-json\/wp\/v2\/types\/product"}],"replies":[{"embeddable":true,"href":"https:\/\/www.cncmarketi.com\/index.php\/wp-json\/wp\/v2\/comments?post=5626"}],"version-history":[{"count":0,"href":"https:\/\/www.cncmarketi.com\/index.php\/wp-json\/wp\/v2\/product\/5626\/revisions"}],"wp:featuredmedia":[{"embeddable":true,"href":"https:\/\/www.cncmarketi.com\/index.php\/wp-json\/wp\/v2\/media\/5620"}],"wp:attachment":[{"href":"https:\/\/www.cncmarketi.com\/index.php\/wp-json\/wp\/v2\/media?parent=5626"}],"wp:term":[{"taxonomy":"brand","embeddable":true,"href":"https:\/\/www.cncmarketi.com\/index.php\/wp-json\/wp\/v2\/etheme_brands?post=5626"},{"taxonomy":"product_cat","embeddable":true,"href":"https:\/\/www.cncmarketi.com\/index.php\/wp-json\/wp\/v2\/product_cat?post=5626"},{"taxonomy":"product_tag","embeddable":true,"href":"https:\/\/www.cncmarketi.com\/index.php\/wp-json\/wp\/v2\/product_tag?post=5626"}],"curies":[{"name":"wp","href":"https:\/\/api.w.org\/{rel}","templated":true}]}}