{"id":5619,"date":"2023-08-06T08:21:59","date_gmt":"2023-08-06T05:21:59","guid":{"rendered":"https:\/\/www.cncmarketi.com\/index.php\/product\/mdr-hareketli-kalip-reometre-kaucuk-vulkaner-duz-kalip-reometre\/"},"modified":"2023-08-06T08:58:49","modified_gmt":"2023-08-06T05:58:49","slug":"mdr-hareketli-kalip-reometre-kaucuk-vulkaner-duz-kalip-reometre","status":"publish","type":"product","link":"https:\/\/www.cncmarketi.com\/index.php\/product\/mdr-hareketli-kalip-reometre-kaucuk-vulkaner-duz-kalip-reometre\/","title":{"rendered":"MDR hareketli kal\u0131p reometre, kau\u00e7uk vulkaner, d\u00fcz kal\u0131p reometre"},"content":{"rendered":"<p>\u63cf\u8ff0<br \/>\nSummary:<br \/>\nMoving Die Rheometer is a widely used tester in rubber processing industry, rubber quality control and basic research rubber, For optimize formula of rubber provide accurate data, It can accurately measure the scorch time, rheometer time, sulfide index, the maximum and minimum torque and other parameters.<br \/>\nApplicable Industrial:<br \/>\nMoving Die Rheometer For Rubber Compound Testing With Adjustable Oscillation Amplitude applied to<br \/>\nrubber, tires, reclaimed rubber factory.<br \/>\nFeatures:<br \/>\nOptimum Test Data: The comparison test can be done on the same interface for any secondary vulcanization test. The multiple vulcanization curves drawn can be compared to find out the best experimental data<br \/>\nMature Technology: The instrument development platform based on large databases, temperature control devices using the software to directly control and collection and processing. Instrument to overcome the general curing temperature of the shortcomings of using temperature controller (accuracy poor).<br \/>\nScientific Design: This instrument has statistics, analysis, storage and comparison functions. Humanized design, easy to operate .<br \/>\nHigh Accuracy: Using imported high-precision sensors<br \/>\nMain Functions:<br \/>\nMoving Die Rheometer used monolithic rotor control, which include: host, temperature<br \/>\nmeasurement, temperature control, data acquisition and processing, sensors and electrical chains and other components. These measurements, temperature control circuit consists of a temperature control device, platinum resistance, heater composition, capable of automatic tracking power and ambient temperature changes, automatically correct PID parameters to achieve fast and accurate temperature control purposes. Data acquisition system and mechanical linkage to complete the rubber vulcanization process of force torch signal automatic detection, automatic real-time display of temperature and settings. After curing, automatic processing, automatic calculation, print vulcanization curve and process parameters. Show curing time, curing power Ju, also has a variety of audible alert.<br \/>\nMoving Die Rheometer is controlled by computer, the computer setting the parameters of the direct control of test parameters rheometer. Display real-vulcanization curve and temperature curve, store test results, different adjustable comparison of test results and in a different color.<br \/>\nStandards:<br \/>\nISO 6502 \/ GB\/T16584: Rubber\u2014Measurement of Vulcanization Characteristics with Rotorless<br \/>\nCure Meters<br \/>\nASTMD5289-95 : Standard Test Method for Rubber Property\u2014Vulcanization Using Rotorless Cure Meters<br \/>\nETC\u2026<br \/>\nSpecifications:<br \/>\nItem<br \/>\nMoving Die Rheometer for rubber processing industry<br \/>\nStandard<br \/>\nGB\/T16584 IS06502<br \/>\nTemperature<br \/>\nroom temperature to 230 Centigrade<br \/>\nHeating-up<br \/>\n15 Centigrade\/min<br \/>\nTemperature fluctuation<br \/>\n\u2264 \u00b10.3 Centigrade<br \/>\nTemperature resolution<br \/>\n0.01 Centigrade<br \/>\nTorque range<br \/>\n0-5N.M,0-10N.M,0-20N.M<br \/>\nTorque resolution<br \/>\n0.001NM<br \/>\nPower<br \/>\n50HZ, 220V\u00b110%<br \/>\nPressure<br \/>\n0.4Mpa<br \/>\nAir-pressure requirement<br \/>\n0.5Mpa\u20130.65MPa (user prepare the dia 8 trachea)<br \/>\nEnvironment temperature<br \/>\n10 Centigrade\u201320 Centigrade<br \/>\nHumidity range<br \/>\n55\u201375%R.H<br \/>\nCompressed air<br \/>\n0.35-0.40Mpa<br \/>\nOscillation frequency<br \/>\n100r\/min (about 1.67HZ)<br \/>\nOscillation angle<br \/>\n\u00b10.5 Degree<br \/>\nPrinting<br \/>\ndate, time, temperature,vulcanization curve,temperature curve, ML,MH,ts1,ts2,t10 ,t50, Vc1, Vc2.<\/p>\n","protected":false},"excerpt":{"rendered":"<p>\u63cf\u8ff0 Summary: Moving Die Rheometer is a widely used tester in rubber processing industry, rubber quality control and basic research rubber, For optimize formula of&#8230;<\/p>\n","protected":false},"featured_media":5613,"comment_status":"open","ping_status":"closed","template":"","meta":[],"etheme_brands":[{"term_id":67,"name":"Newgoer","slug":"newgoer","term_group":0,"term_taxonomy_id":67,"taxonomy":"brand","description":"","parent":0,"count":271,"filter":"raw"}],"product_cat":[64],"product_tag":[],"_links":{"self":[{"href":"https:\/\/www.cncmarketi.com\/index.php\/wp-json\/wp\/v2\/product\/5619"}],"collection":[{"href":"https:\/\/www.cncmarketi.com\/index.php\/wp-json\/wp\/v2\/product"}],"about":[{"href":"https:\/\/www.cncmarketi.com\/index.php\/wp-json\/wp\/v2\/types\/product"}],"replies":[{"embeddable":true,"href":"https:\/\/www.cncmarketi.com\/index.php\/wp-json\/wp\/v2\/comments?post=5619"}],"version-history":[{"count":0,"href":"https:\/\/www.cncmarketi.com\/index.php\/wp-json\/wp\/v2\/product\/5619\/revisions"}],"wp:featuredmedia":[{"embeddable":true,"href":"https:\/\/www.cncmarketi.com\/index.php\/wp-json\/wp\/v2\/media\/5613"}],"wp:attachment":[{"href":"https:\/\/www.cncmarketi.com\/index.php\/wp-json\/wp\/v2\/media?parent=5619"}],"wp:term":[{"taxonomy":"brand","embeddable":true,"href":"https:\/\/www.cncmarketi.com\/index.php\/wp-json\/wp\/v2\/etheme_brands?post=5619"},{"taxonomy":"product_cat","embeddable":true,"href":"https:\/\/www.cncmarketi.com\/index.php\/wp-json\/wp\/v2\/product_cat?post=5619"},{"taxonomy":"product_tag","embeddable":true,"href":"https:\/\/www.cncmarketi.com\/index.php\/wp-json\/wp\/v2\/product_tag?post=5619"}],"curies":[{"name":"wp","href":"https:\/\/api.w.org\/{rel}","templated":true}]}}