{"id":5612,"date":"2023-08-06T08:21:52","date_gmt":"2023-08-06T05:21:52","guid":{"rendered":"https:\/\/www.cncmarketi.com\/index.php\/product\/maske-yan-kenar-sizdirmazlik-presleme-sizdirmazlik-makinesi-yari-otomatik-maske-kenar-bantlama-makinesi\/"},"modified":"2023-08-06T08:58:49","modified_gmt":"2023-08-06T05:58:49","slug":"maske-yan-kenar-sizdirmazlik-presleme-sizdirmazlik-makinesi-yari-otomatik-maske-kenar-bantlama-makinesi","status":"publish","type":"product","link":"https:\/\/www.cncmarketi.com\/index.php\/product\/maske-yan-kenar-sizdirmazlik-presleme-sizdirmazlik-makinesi-yari-otomatik-maske-kenar-bantlama-makinesi\/","title":{"rendered":"Maske Yan Kenar S\u0131zd\u0131rmazl\u0131k Presleme S\u0131zd\u0131rmazl\u0131k Makinesi, Yar\u0131 Otomatik Maske Kenar Bantlama Makinesi"},"content":{"rendered":"<p>Mask Side Edge Sealing Pressing Sealing Machine, Semi Automatic Mask Edge Banding Machine<br \/>\nModel<br \/>\nNG-8834<br \/>\nMOQ<br \/>\n1 Set<br \/>\nLead Time<br \/>\n3-15 Working Days<br \/>\nCountry of Origin<br \/>\nChina<br \/>\nPackage<br \/>\nStandard Export Wooden Box<br \/>\nOEM &#038; ODM<br \/>\nSupport<br \/>\n\u63cf\u8ff0<br \/>\n\u7528\u6237\u8bc4\u8bba (0)<br \/>\n\u63cf\u8ff0<br \/>\nProduct description<br \/>\nAccording to the characteristics of cup-shaped mask products, the advanced ultrasonic welding technology is adopted. The operator folds the mask and places it on the grinding tool to give the start signal. The follow-up action is automatically operated by the equipment, and the ultrasonic wave is automatically generated, forming the vibration with micro amplitude and high frequency, which is instantly converted into heat, melting the materials to be processed, and with embossing. One person operation, stable equipment, simple operation.<br \/>\nSpecification:<br \/>\nSpeed<br \/>\n30 pcs\/min<br \/>\nCapacity\/Day<br \/>\n43,200 pcs\/day<br \/>\nVoltage<br \/>\n220V<br \/>\nAir pressure<br \/>\n0.4-0.5MPa<br \/>\nOutput<br \/>\n2000W<br \/>\nUltrasonic gegerator<br \/>\n20K,2000W<br \/>\nDimension<br \/>\n1200(L)\u00d7680(W)\u00d71280(H)mm<br \/>\nFeatures:<br \/>\nEasy to operation controlled by foot swish.<br \/>\n2) Accurate and strong welding by ultrasonic and high stability. no leakage.<br \/>\n3) Economic. The price is reasonable.<br \/>\n5) Strong and durable. designed to prevent damage from environment.<br \/>\n6)Easy for adjustment but manual adjustment with digital number.<\/p>\n","protected":false},"excerpt":{"rendered":"<p>Mask Side Edge Sealing Pressing Sealing Machine, Semi Automatic Mask Edge Banding Machine Model NG-8834 MOQ 1 Set Lead Time 3-15 Working Days Country of&#8230;<\/p>\n","protected":false},"featured_media":5606,"comment_status":"open","ping_status":"closed","template":"","meta":[],"etheme_brands":[{"term_id":67,"name":"Newgoer","slug":"newgoer","term_group":0,"term_taxonomy_id":67,"taxonomy":"brand","description":"","parent":0,"count":271,"filter":"raw"}],"product_cat":[64],"product_tag":[],"_links":{"self":[{"href":"https:\/\/www.cncmarketi.com\/index.php\/wp-json\/wp\/v2\/product\/5612"}],"collection":[{"href":"https:\/\/www.cncmarketi.com\/index.php\/wp-json\/wp\/v2\/product"}],"about":[{"href":"https:\/\/www.cncmarketi.com\/index.php\/wp-json\/wp\/v2\/types\/product"}],"replies":[{"embeddable":true,"href":"https:\/\/www.cncmarketi.com\/index.php\/wp-json\/wp\/v2\/comments?post=5612"}],"version-history":[{"count":0,"href":"https:\/\/www.cncmarketi.com\/index.php\/wp-json\/wp\/v2\/product\/5612\/revisions"}],"wp:featuredmedia":[{"embeddable":true,"href":"https:\/\/www.cncmarketi.com\/index.php\/wp-json\/wp\/v2\/media\/5606"}],"wp:attachment":[{"href":"https:\/\/www.cncmarketi.com\/index.php\/wp-json\/wp\/v2\/media?parent=5612"}],"wp:term":[{"taxonomy":"brand","embeddable":true,"href":"https:\/\/www.cncmarketi.com\/index.php\/wp-json\/wp\/v2\/etheme_brands?post=5612"},{"taxonomy":"product_cat","embeddable":true,"href":"https:\/\/www.cncmarketi.com\/index.php\/wp-json\/wp\/v2\/product_cat?post=5612"},{"taxonomy":"product_tag","embeddable":true,"href":"https:\/\/www.cncmarketi.com\/index.php\/wp-json\/wp\/v2\/product_tag?post=5612"}],"curies":[{"name":"wp","href":"https:\/\/api.w.org\/{rel}","templated":true}]}}