{"id":5605,"date":"2023-08-06T08:21:45","date_gmt":"2023-08-06T05:21:45","guid":{"rendered":"https:\/\/www.cncmarketi.com\/index.php\/product\/maske-bakteriyel-filtrasyon-verimliligi-test-cihazi-maske-bfe-test-makinesi-2\/"},"modified":"2023-08-06T08:59:07","modified_gmt":"2023-08-06T05:59:07","slug":"maske-bakteriyel-filtrasyon-verimliligi-test-cihazi-maske-bfe-test-makinesi-2","status":"publish","type":"product","link":"https:\/\/www.cncmarketi.com\/index.php\/product\/maske-bakteriyel-filtrasyon-verimliligi-test-cihazi-maske-bfe-test-makinesi-2\/","title":{"rendered":"Maske Bakteriyel Filtrasyon Verimlili\u011fi Test Cihaz\u0131, Maske BFE Test Makinesi"},"content":{"rendered":"<p>Summary:<br \/>\nThis Mask Bacterial Filtration Efficiency Tester is used to test the percentage of respirator material to remove bacteria-containing suspended particles at a specified flow rate. The method of double air sampling is adopted to improve the accuracy of sampling, which is suitable for the performance test of bacterial filtration efficiency of surgical masks by metrological verification departments, scientific research institutes, medical mask manufacturers and other relevant.<br \/>\nFace Masks bacterial filtration efficiency BFE tester is to determine the bacterial filtration efficiency (BFE) of medical face mask materials by employing a ratio of the upstream bacterial challenge to downstream residual concentration of the tested medical face mask materials. The tester provides certain flow rate of bacterial aerosol. The operator can measure the number of colony forming units passing through the medical face mask material, which is clamped between a six-stage Anderson cascade impactor and an aerosol chamber, expressed as a percentage of the number of colony forming units present in the challenge aerosol.<br \/>\nStandards:<br \/>\nYY \/ T 0469-2011: Medical surgical mask 5.6.2 Particle filtration efficiency.<br \/>\nYYT0969-201: Single-use Medical Face Mask<br \/>\nEN 14683: Medical Face Mask \u2013 Requirements and Test methods<br \/>\nASTM F 2100: Standard Specification for Performance of Materials Used in Medical Face Masks<br \/>\nASTM F 2101: Standard Test Method for Evaluating the Bacterial Filtration Efficiency (BFE) of Medical Face Mask Materials, Using a Biological Aerosol of Staphylococcus aureus<br \/>\nCNS 14775: Method of test for evaluating the bacterial filtration efficiency (BFE) of medical face mask materials, using a biological aerosol of staphylococcus aureus.<br \/>\nFeatures:<br \/>\n* Professional negative pressure bio-safety cabinet technology to ensure the safety of operators and the surroundings;<br \/>\n* High negative pressure working chamber, two-stage high efficiency filter, 100% safe discharge;<br \/>\n* Two \u2013 way, six-stage Anderson accurate sampling is adapted.<br \/>\n* Built-in peristaltic pump and the volume is adjustable.<br \/>\n* Special microorganism aerosol generator with adjustable bacteria flow and good performance of atomization.<br \/>\n* Separated and color touch screen control, easier to operate.<br \/>\n* USB interface, can reserve your test data in different forms.<br \/>\n* Equipped leakage protection and operating window provide better operating view and safety operating<br \/>\nconditions.<br \/>\n* Stainless steel chamber with insulation and fire retardant lining is stable and reliable.<br \/>\nMain Parameters:<br \/>\nItem<br \/>\nParameter Range<br \/>\nResolution<br \/>\nMax Permissible Errors<br \/>\nSampling flow rate of Path A<br \/>\n28.3L\/min<br \/>\n0.1L\/min<br \/>\n\u00b12.5%<br \/>\nSampling flow rate of Path B<br \/>\n28.3L\/min<br \/>\n0.1L\/min<br \/>\n\u00b12.5%<br \/>\nNebulization flow rate<br \/>\n(8~10)L\/min<br \/>\n0.1L\/min<br \/>\n\u00b15.0%<br \/>\nPeristaltic pump flow rate<br \/>\n0.006~3mL\/min<br \/>\n0.001mL\/min<br \/>\n\u00b12.5%<br \/>\nFlow meter fore pressure of path A<br \/>\n-20~0kPa<br \/>\n0.01kPa<br \/>\n\u00b12.5%<br \/>\nFlow meter fore pressure of path B<br \/>\n-20~0kPa<br \/>\n0.01kPa<br \/>\n\u00b12.5%<br \/>\nNebulization flow meter fore pressure<br \/>\n0~300kPa<br \/>\n0.1kPa<br \/>\n\u00b12.5%<br \/>\nNegative pressure of aerosol chamber<br \/>\n-90~-120Pa<br \/>\n0.1Pa<br \/>\n\u00b12.0%<br \/>\nNegative pressure of cabinet body<br \/>\n(-50~-200)Pa<br \/>\nData Storage<br \/>\n>100000 Groups<br \/>\nFeature of HEPA filter<br \/>\nThe filtration efficiency of particles above 0.3um is \u226599.99%<br \/>\nMass mean diameter of aerosol generator<br \/>\nMean particle size (MPS) (3.0\u00b10.3)\u03bcm, geometric std. deviation\u22641.5<br \/>\nAndersen<br \/>\nI>7\u03bcm, II. 4.7-7\u03bcm, III. 3.3-4.7\u03bcm, IV. 2.1-3.3\u03bcm, V. 1.1-2.1\u03bcm<br \/>\nVI. 0.6-1.1\u03bcm<br \/>\nSize of aerosol chamber<br \/>\n600mm(Length)\u00d785mm(Diameter)\u00d73mm(Thickness)<br \/>\nTotal particle number of positive control sampler<br \/>\n2200\u00b1500cfu<br \/>\nVentilation flow of negative pressure cabinet<br \/>\n\u22655m3\/min<br \/>\nNegative pressure cabinet door size<br \/>\n1000mm\u00d7730mm (L\u00d7W)<br \/>\nDimension of main machine<br \/>\n1180mm\u00d7650mm\u00d71300mm (L\u00d7W\u00d7H)<br \/>\nDimension of stand<br \/>\n1180mm\u00d7650mm\u00d7600mm (L\u00d7W\u00d7H), height adjustable within 100mm<br \/>\nPower supply<br \/>\nAC220V\u00b110%,50Hz<br \/>\nNoise<br \/>\n<65dB(A)\nWeight\nApprox. 180kg\nPower\n<1500W\n<\/p>\n","protected":false},"excerpt":{"rendered":"<p>Summary: This Mask Bacterial Filtration Efficiency Tester is used to test the percentage of respirator material to remove bacteria-containing suspended particles at a specified flow&#8230;<\/p>\n","protected":false},"featured_media":5598,"comment_status":"open","ping_status":"closed","template":"","meta":[],"etheme_brands":[{"term_id":67,"name":"Newgoer","slug":"newgoer","term_group":0,"term_taxonomy_id":67,"taxonomy":"brand","description":"","parent":0,"count":271,"filter":"raw"}],"product_cat":[64],"product_tag":[],"_links":{"self":[{"href":"https:\/\/www.cncmarketi.com\/index.php\/wp-json\/wp\/v2\/product\/5605"}],"collection":[{"href":"https:\/\/www.cncmarketi.com\/index.php\/wp-json\/wp\/v2\/product"}],"about":[{"href":"https:\/\/www.cncmarketi.com\/index.php\/wp-json\/wp\/v2\/types\/product"}],"replies":[{"embeddable":true,"href":"https:\/\/www.cncmarketi.com\/index.php\/wp-json\/wp\/v2\/comments?post=5605"}],"version-history":[{"count":0,"href":"https:\/\/www.cncmarketi.com\/index.php\/wp-json\/wp\/v2\/product\/5605\/revisions"}],"wp:featuredmedia":[{"embeddable":true,"href":"https:\/\/www.cncmarketi.com\/index.php\/wp-json\/wp\/v2\/media\/5598"}],"wp:attachment":[{"href":"https:\/\/www.cncmarketi.com\/index.php\/wp-json\/wp\/v2\/media?parent=5605"}],"wp:term":[{"taxonomy":"brand","embeddable":true,"href":"https:\/\/www.cncmarketi.com\/index.php\/wp-json\/wp\/v2\/etheme_brands?post=5605"},{"taxonomy":"product_cat","embeddable":true,"href":"https:\/\/www.cncmarketi.com\/index.php\/wp-json\/wp\/v2\/product_cat?post=5605"},{"taxonomy":"product_tag","embeddable":true,"href":"https:\/\/www.cncmarketi.com\/index.php\/wp-json\/wp\/v2\/product_tag?post=5605"}],"curies":[{"name":"wp","href":"https:\/\/api.w.org\/{rel}","templated":true}]}}