{"id":5597,"date":"2023-08-06T08:21:29","date_gmt":"2023-08-06T05:21:29","guid":{"rendered":"https:\/\/www.cncmarketi.com\/index.php\/product\/maske-parcacik-filtreleme-verimlilik-test-cihazi-parcacik-filtrasyon-verimliligi-pfe-test-makinesi\/"},"modified":"2023-08-06T08:59:07","modified_gmt":"2023-08-06T05:59:07","slug":"maske-parcacik-filtreleme-verimlilik-test-cihazi-parcacik-filtrasyon-verimliligi-pfe-test-makinesi","status":"publish","type":"product","link":"https:\/\/www.cncmarketi.com\/index.php\/product\/maske-parcacik-filtreleme-verimlilik-test-cihazi-parcacik-filtrasyon-verimliligi-pfe-test-makinesi\/","title":{"rendered":"Maske Par\u00e7ac\u0131k Filtreleme Verimlilik Test Cihaz\u0131, Par\u00e7ac\u0131k Filtrasyon Verimlili\u011fi PFE Test Makinesi"},"content":{"rendered":"<p>Introduction:<br \/>\nThis Mask Particle Filtering Efficiency Tester is designed for suitable testing 20%-99.9% grade filter efficiency test, according to international standards to test the filter material. The tester is designed to be compact and lightweight design, and during testing, just only the proper power supply and compressed air (anhydrous, no oil) is required to be used in laboratories, factories, etc.<br \/>\nThis equipment is used to test the filtration performance, filtration efficiency and filtration effect of the mask. At present, the mask is mainly divided into air filtration mask and air supply mask. This testing instrument is applicable to medical equipment testing center, safety protection testing center, labor protection testing center, drug testing center, disease prevention and control center, textile testing center, hospital, mask and respirator manufacturing enterprises, etc. It meets the technical requirements of GB 2626-2006 respiratory protective equipment \u2013 self suction filtration type particle respirator, GB 19083-2010 medical protective mask, and GB \/ T 32610-2016 daily protective mask.<br \/>\nPrinciple:<br \/>\nThe instrument is composed of NaCl generator, data acquisition software, testing product tooling device, concentration detector, filtered concentration detector, computer data calculation device, pressure regulating device and tooling pipeline testing auxiliary device.<br \/>\nIt is implemented by the photometer in the system to detect the concentration of mask before and after filtration, so as to detect the protective efficiency of respirator particles.<br \/>\nStandards:<br \/>\nYY \/ T 0469-2011: Medical surgical mask 5.6.2 Particle filtration efficiency.<br \/>\nYYT0969-201: Single-use Medical Face Mask<br \/>\nGB \/ T 32610-2016: Technical Specifications of Daily Protective Masks Appendix A Filtration Efficiency Test Method<br \/>\nGB 2626-2019: Respiratory protection Self-priming filter anti-particulate respirator 6.3 Filtration efficiency<br \/>\nGB 19082-2009: Technical requirements for medical disposable protective clothing 5.7 Filtration efficiency<br \/>\nGB24539-2009: Protective clothing- Performance requirements of chemical protective clothing<br \/>\nMain parameters:<br \/>\nFiltration efficiency test range<br \/>\n0 ~ 99.999%<br \/>\nResolution<br \/>\n0.001%<br \/>\nTest flow range<br \/>\n10~100 L\/min<br \/>\nStandard Test Area<br \/>\n100 cm2 (Can customize)<br \/>\nResistance test range<br \/>\n0 \u2013 1000Pa<br \/>\nParticle size ranges are detected<br \/>\n0.3,0.5,1.0,3.0,5.0,10.0 um<br \/>\nDust sources<br \/>\n(1) DEHS, (2) 2% NaCl solution, (3) DOP (optional)<br \/>\nControl<br \/>\nPC + Software<br \/>\nSystem consumption<br \/>\n\uff1c1500W<br \/>\nPower Supply<br \/>\n220V, 50Hz<br \/>\nWeight<br \/>\nApprox. 150Kg<br \/>\nMain features:<br \/>\n\u203b The cold-generating aerosol generator is used to produce continuous and stable aerosol particles, which is convenient for filling the solution.<br \/>\n\u203b The whole process of particle leakage prevention design protects the safety of experimenters.<br \/>\n\u203b Aerosol generator: aerosols of salty particles and oily particles can be generated.<br \/>\n\u203b Equipped with aerosol particle electrostatic charge neutralization device.<br \/>\n\u203b The pneumatic clamp is equipped with a protection device, which is safe and convenient to use.<br \/>\n\u203b Equipped with glass rotor flowmeter, vacuum pump, laser dust particle counter.<br \/>\n\u203b Control system: The computer controls the test process, automatically collects data, and is equipped with<br \/>\ndedicated computer and test software.<br \/>\n\u203b The computer automatically tests the gas concentration and automatically calculates the filtration efficiency;<br \/>\nit can save, output, query and print data.<br \/>\n\u203b It strictly complies with the relevant standards at home and abroad. The detection accuracy is high, the data<br \/>\nis accurate, the detection speed is fast, and the detection efficiency is 0-99.999%.<br \/>\n\u203b Built-in filter efficiency test and mask loading test function, high detection efficiency and simple operation.<br \/>\nThe detection flow rate is automatically adjusted through the operation interface, and the control is accurate.<\/p>\n","protected":false},"excerpt":{"rendered":"<p>Introduction: This Mask Particle Filtering Efficiency Tester is designed for suitable testing 20%-99.9% grade filter efficiency test, according to international standards to test the filter&#8230;<\/p>\n","protected":false},"featured_media":5591,"comment_status":"open","ping_status":"closed","template":"","meta":[],"etheme_brands":[{"term_id":67,"name":"Newgoer","slug":"newgoer","term_group":0,"term_taxonomy_id":67,"taxonomy":"brand","description":"","parent":0,"count":271,"filter":"raw"}],"product_cat":[64],"product_tag":[],"_links":{"self":[{"href":"https:\/\/www.cncmarketi.com\/index.php\/wp-json\/wp\/v2\/product\/5597"}],"collection":[{"href":"https:\/\/www.cncmarketi.com\/index.php\/wp-json\/wp\/v2\/product"}],"about":[{"href":"https:\/\/www.cncmarketi.com\/index.php\/wp-json\/wp\/v2\/types\/product"}],"replies":[{"embeddable":true,"href":"https:\/\/www.cncmarketi.com\/index.php\/wp-json\/wp\/v2\/comments?post=5597"}],"version-history":[{"count":0,"href":"https:\/\/www.cncmarketi.com\/index.php\/wp-json\/wp\/v2\/product\/5597\/revisions"}],"wp:featuredmedia":[{"embeddable":true,"href":"https:\/\/www.cncmarketi.com\/index.php\/wp-json\/wp\/v2\/media\/5591"}],"wp:attachment":[{"href":"https:\/\/www.cncmarketi.com\/index.php\/wp-json\/wp\/v2\/media?parent=5597"}],"wp:term":[{"taxonomy":"brand","embeddable":true,"href":"https:\/\/www.cncmarketi.com\/index.php\/wp-json\/wp\/v2\/etheme_brands?post=5597"},{"taxonomy":"product_cat","embeddable":true,"href":"https:\/\/www.cncmarketi.com\/index.php\/wp-json\/wp\/v2\/product_cat?post=5597"},{"taxonomy":"product_tag","embeddable":true,"href":"https:\/\/www.cncmarketi.com\/index.php\/wp-json\/wp\/v2\/product_tag?post=5597"}],"curies":[{"name":"wp","href":"https:\/\/api.w.org\/{rel}","templated":true}]}}