{"id":5583,"date":"2023-08-06T08:21:17","date_gmt":"2023-08-06T05:21:17","guid":{"rendered":"https:\/\/www.cncmarketi.com\/index.php\/product\/maske-nefesi-solunum-direnc-test-cihazi-yuz-maskesi-solunum-test-makinesi\/"},"modified":"2023-08-06T08:59:07","modified_gmt":"2023-08-06T05:59:07","slug":"maske-nefesi-solunum-direnc-test-cihazi-yuz-maskesi-solunum-test-makinesi","status":"publish","type":"product","link":"https:\/\/www.cncmarketi.com\/index.php\/product\/maske-nefesi-solunum-direnc-test-cihazi-yuz-maskesi-solunum-test-makinesi\/","title":{"rendered":"Maske Nefesi Solunum Diren\u00e7 Test Cihaz\u0131, Y\u00fcz Maskesi Solunum Test Makinesi"},"content":{"rendered":"<p>Mask Breath Respiratory Resistance Tester, Face Mask Respiratory Testing Machine<br \/>\nModel<br \/>\nNG-523<br \/>\nMOQ<br \/>\n1 Set<br \/>\nLead Time<br \/>\n3-15 Working Days<br \/>\nCountry of Origin<br \/>\nChina<br \/>\nPackage<br \/>\nStandard Export Wooden Box<br \/>\nOEM &#038; ODM<br \/>\nSupport<br \/>\n\u63cf\u8ff0<br \/>\n\u7528\u6237\u8bc4\u8bba (0)<br \/>\n\u63cf\u8ff0<br \/>\nSummary:<br \/>\nMask respiratory resistance tester is used to measure the respiratory resistance and expiratory resistance of respirat-ors and masks under the specified conditions. Applicable to the national labor protection supplies inspection agency, mask manufacturers related inspection and inspection of ordinary masks, dust masks, medical masks, anti-fog mask products.<br \/>\nStandards:<br \/>\nGB 2626-2006; GB \/ T 32610-2016; GB19083-2010, EN 14683, ETC\u2026<br \/>\nFeatures:<br \/>\nTouch screen control, English menu, man-machine dialogue mode, easy operation.<br \/>\nBuilt-in thermal printer, it is convenient to quickly print test results on site.<br \/>\n3. Two modes of breath detection and inhalation detection can be set.<br \/>\n4. The automatic switching device of the respirator pipeline solves the problem that the tester pulls out the pipe and accidentally connects the pipeline when testing.<br \/>\n5. 3D printed standard head mold, which simulates the actual inhalation and exhalation of the human body, improving the accuracy of the data.<br \/>\nSpecifications:<br \/>\nFlowmeter range<br \/>\n0 ~ 100L\/min \/ 0 ~ 160L\/min (optional)<br \/>\nDifferential pressure gauge range<br \/>\n0 ~ 1000Pa<br \/>\nAccuracy<br \/>\n1 Pa<br \/>\nAir Pump capacity<br \/>\n\u2265100L\/min<br \/>\nPrinter<br \/>\nMicro thermal printing<br \/>\nLanguage<br \/>\nEnglish-Chinese Switchable<br \/>\nWeight<br \/>\nApprox 50kg<br \/>\nPower supply<br \/>\nAC220V 50Hz<\/p>\n","protected":false},"excerpt":{"rendered":"<p>Mask Breath Respiratory Resistance Tester, Face Mask Respiratory Testing Machine Model NG-523 MOQ 1 Set Lead Time 3-15 Working Days Country of Origin China Package&#8230;<\/p>\n","protected":false},"featured_media":5577,"comment_status":"open","ping_status":"closed","template":"","meta":[],"etheme_brands":[{"term_id":67,"name":"Newgoer","slug":"newgoer","term_group":0,"term_taxonomy_id":67,"taxonomy":"brand","description":"","parent":0,"count":271,"filter":"raw"}],"product_cat":[64],"product_tag":[],"_links":{"self":[{"href":"https:\/\/www.cncmarketi.com\/index.php\/wp-json\/wp\/v2\/product\/5583"}],"collection":[{"href":"https:\/\/www.cncmarketi.com\/index.php\/wp-json\/wp\/v2\/product"}],"about":[{"href":"https:\/\/www.cncmarketi.com\/index.php\/wp-json\/wp\/v2\/types\/product"}],"replies":[{"embeddable":true,"href":"https:\/\/www.cncmarketi.com\/index.php\/wp-json\/wp\/v2\/comments?post=5583"}],"version-history":[{"count":0,"href":"https:\/\/www.cncmarketi.com\/index.php\/wp-json\/wp\/v2\/product\/5583\/revisions"}],"wp:featuredmedia":[{"embeddable":true,"href":"https:\/\/www.cncmarketi.com\/index.php\/wp-json\/wp\/v2\/media\/5577"}],"wp:attachment":[{"href":"https:\/\/www.cncmarketi.com\/index.php\/wp-json\/wp\/v2\/media?parent=5583"}],"wp:term":[{"taxonomy":"brand","embeddable":true,"href":"https:\/\/www.cncmarketi.com\/index.php\/wp-json\/wp\/v2\/etheme_brands?post=5583"},{"taxonomy":"product_cat","embeddable":true,"href":"https:\/\/www.cncmarketi.com\/index.php\/wp-json\/wp\/v2\/product_cat?post=5583"},{"taxonomy":"product_tag","embeddable":true,"href":"https:\/\/www.cncmarketi.com\/index.php\/wp-json\/wp\/v2\/product_tag?post=5583"}],"curies":[{"name":"wp","href":"https:\/\/api.w.org\/{rel}","templated":true}]}}