{"id":5576,"date":"2023-08-06T08:21:09","date_gmt":"2023-08-06T05:21:09","guid":{"rendered":"https:\/\/www.cncmarketi.com\/index.php\/product\/manuel-kucuk-kaucuk-platen-vulkanizasyon-pres-makinesi\/"},"modified":"2023-08-06T08:59:07","modified_gmt":"2023-08-06T05:59:07","slug":"manuel-kucuk-kaucuk-platen-vulkanizasyon-pres-makinesi","status":"publish","type":"product","link":"https:\/\/www.cncmarketi.com\/index.php\/product\/manuel-kucuk-kaucuk-platen-vulkanizasyon-pres-makinesi\/","title":{"rendered":"Manuel K\u00fc\u00e7\u00fck Kau\u00e7uk Platen Vulkanizasyon Pres Makinesi"},"content":{"rendered":"<p>Manual Small Rubber Platen Vulcanizing Press Machine<br \/>\nModel<br \/>\nNG-3217<br \/>\nMOQ<br \/>\n1 Set<br \/>\nLead Time<br \/>\n3-15 Working Days<br \/>\nCountry of Origin<br \/>\nChina<br \/>\nPackage<br \/>\nStandard Export Wooden Box<br \/>\nOEM &#038; ODM<br \/>\nSupport<br \/>\n\u63cf\u8ff0<br \/>\n\u7528\u6237\u8bc4\u8bba (0)<br \/>\n\u63cf\u8ff0<br \/>\nSummary:<br \/>\nThe Manual Rubber Platen Press Machine is mainly used in rubber and products, plastics and products PVC, pigments, masterbatch, stabilizer, and other industries. Its main purpose is to test the change and comparison of the physical properties of raw materials after molding. Such as: the gloss of the surface of the material after molding, whether there are black spots, its strength, hardness, and plasticity after adding auxiliary materials.<br \/>\nPrinciple:<br \/>\nPut the test material in the mold, and place it in parallel between the heating platens of this product, and apply a certain temperature and pressure to shape the experimental material for production reference.<br \/>\nApplicable Range:<br \/>\nUniversities and research institutes: Research and development of new materials, teaching use, formula comparison and improvement.<br \/>\nRubber industry: Vulcanization with vulcanizing agent.<br \/>\nPlastic industry: Detection of press proofing, fisheye, black spots, stains, etc.<br \/>\nPigment industry: Tablet pressing and comparison film.<br \/>\nStabilizer chemical industry: Tabletting, testing strength, hardness.<br \/>\nSpecifications:<br \/>\nCapacity<br \/>\n30T (Can be customize)<br \/>\nTemp. Range<br \/>\nRoom temp. ~300\u2103<br \/>\nTemp. Controller<br \/>\nLED Indicator,press key set input, the value indicate output<br \/>\nTimer<br \/>\nLED display,time range 0.1S~99min~9.9hr<br \/>\nHeating type<br \/>\nHeating tube heating<br \/>\nPressure plate size<br \/>\n220*220mm<br \/>\nDistance of pressure plate<br \/>\n0~70mm<br \/>\nPressure material<br \/>\nHigh-quality alloy steel (corrosion resistance, high temperature resistance, uniform heat conduction)<br \/>\nPressure surface<br \/>\nMirror chrome plated<br \/>\nWorking layer<br \/>\nOne layer (heating layer)<br \/>\nPressurized oil cylinder<br \/>\nJack, manual pressure<br \/>\nOil cylinder speed<br \/>\n9mm\/s<br \/>\nPower<br \/>\n4kw<br \/>\nPower supply<br \/>\nAC220V 50\/60hz<\/p>\n","protected":false},"excerpt":{"rendered":"<p>Manual Small Rubber Platen Vulcanizing Press Machine Model NG-3217 MOQ 1 Set Lead Time 3-15 Working Days Country of Origin China Package Standard Export Wooden&#8230;<\/p>\n","protected":false},"featured_media":5570,"comment_status":"open","ping_status":"closed","template":"","meta":[],"etheme_brands":[{"term_id":67,"name":"Newgoer","slug":"newgoer","term_group":0,"term_taxonomy_id":67,"taxonomy":"brand","description":"","parent":0,"count":271,"filter":"raw"}],"product_cat":[64],"product_tag":[],"_links":{"self":[{"href":"https:\/\/www.cncmarketi.com\/index.php\/wp-json\/wp\/v2\/product\/5576"}],"collection":[{"href":"https:\/\/www.cncmarketi.com\/index.php\/wp-json\/wp\/v2\/product"}],"about":[{"href":"https:\/\/www.cncmarketi.com\/index.php\/wp-json\/wp\/v2\/types\/product"}],"replies":[{"embeddable":true,"href":"https:\/\/www.cncmarketi.com\/index.php\/wp-json\/wp\/v2\/comments?post=5576"}],"version-history":[{"count":0,"href":"https:\/\/www.cncmarketi.com\/index.php\/wp-json\/wp\/v2\/product\/5576\/revisions"}],"wp:featuredmedia":[{"embeddable":true,"href":"https:\/\/www.cncmarketi.com\/index.php\/wp-json\/wp\/v2\/media\/5570"}],"wp:attachment":[{"href":"https:\/\/www.cncmarketi.com\/index.php\/wp-json\/wp\/v2\/media?parent=5576"}],"wp:term":[{"taxonomy":"brand","embeddable":true,"href":"https:\/\/www.cncmarketi.com\/index.php\/wp-json\/wp\/v2\/etheme_brands?post=5576"},{"taxonomy":"product_cat","embeddable":true,"href":"https:\/\/www.cncmarketi.com\/index.php\/wp-json\/wp\/v2\/product_cat?post=5576"},{"taxonomy":"product_tag","embeddable":true,"href":"https:\/\/www.cncmarketi.com\/index.php\/wp-json\/wp\/v2\/product_tag?post=5576"}],"curies":[{"name":"wp","href":"https:\/\/api.w.org\/{rel}","templated":true}]}}