{"id":5563,"date":"2023-08-06T08:20:55","date_gmt":"2023-08-06T05:20:55","guid":{"rendered":"https:\/\/www.cncmarketi.com\/index.php\/product\/martindale-asinma-test-makinesi-kumas-tekstil-asinma-asinma-direnci-test-cihazi\/"},"modified":"2023-08-06T08:59:08","modified_gmt":"2023-08-06T05:59:08","slug":"martindale-asinma-test-makinesi-kumas-tekstil-asinma-asinma-direnci-test-cihazi","status":"publish","type":"product","link":"https:\/\/www.cncmarketi.com\/index.php\/product\/martindale-asinma-test-makinesi-kumas-tekstil-asinma-asinma-direnci-test-cihazi\/","title":{"rendered":"Martindale a\u015f\u0131nma test makinesi, kuma\u015f tekstil a\u015f\u0131nma a\u015f\u0131nma direnci test cihaz\u0131"},"content":{"rendered":"<p>\u63cf\u8ff0<br \/>\nSummary:<br \/>\nMartindale Abrasion and Pilling Testing Machine mainly applies to the resistance test of textile and outside layer, lining or underlayer of the footware or the similar fabric.<br \/>\nTesting the samples as per the standard, test can be classified as dry test and wet test. And test the samples Lissajousoriented for the regulated times, then observe the difference between it and the original samples and decide the grade of scrubbing resistance.<br \/>\nStandards:<br \/>\nThe pilling degree test of fabric of GB\/T4802.2, ASTM D4970, ISO12945-2 etc<br \/>\nThe wear test of fabric of GB\/T13775, ASTM D4966, ISO12947 etc.<br \/>\nFeatures:<br \/>\nMartindale Testing Machine learn the advantages of domestic and foreign similar equipment\u2019s<br \/>\ndesign,it with elegant appearance, the interface easy to understand, easy to operate.<br \/>\nComputer system uses two counting methods, visual appearance, convenient setting, 4 or 6 or 8 (optional) station testing at the same time to improve test efficiency.<br \/>\nInstrument also has two kinds of Li Sha Ru (Lissajous),saying 24mm \u00d7 24mm and 60.5mm \u00d7 60.5mm.<br \/>\nVariety of trajectory matching accessories, can adapt to a variety of test methods standard.<br \/>\nSpecifications<br \/>\nModel<br \/>\nNG-335<br \/>\nStation number<br \/>\n4,6,8 station (Optional)<br \/>\nCount display<br \/>\na. Estimated counting: 0~999999 times<br \/>\nb. Total counting: 0~999999 times<br \/>\nMaximum dynamic range<br \/>\n24\u00b10.5mm, 60.5\u00b10.5mm<br \/>\nWeight of pressure thing<br \/>\na.Gripper: 200\u00b11g<br \/>\nb. Cloth samples hammer: 395\u00b12g<br \/>\nc. Furniture accessories sample hammer: 594\u00b12g<br \/>\nd. Stainless steel butterfly piece: 260\u00b11g<br \/>\nEffective friction diameter of grinding block<br \/>\nA type: 200g (1.96N) friction head \u00a2 28.8-0.084mm<br \/>\nB type: 155g (1.52N) friction head \u00a290-0.10mm<br \/>\nThe relative velocity of Gripper and the grinding station<br \/>\n50-2r\/min<br \/>\nWeight of pressure hammer<br \/>\n2385\u00b110g<br \/>\nPower<br \/>\nAc220V,50Hz (110V supported)<br \/>\nStandard accessories<br \/>\nStandard wool cloth 4 pieces (6 station machine for 6 pieces, 8 station machine for 8 pieces)<br \/>\nStandard wool mat 4 pieces (6 station machine for 6 pieces, 8 station machine for 8 pieces)<br \/>\nStandard foam liner 10 pieces<br \/>\nAbrasion clamps and weight 4 set (6 station machine for 6 set, 8 station machine for 8 set)<br \/>\nStandard press block 1<br \/>\nSample cutter 1<br \/>\nWrench 1<br \/>\nPower line 1<br \/>\nOptional:<br \/>\nFuzzing and Pilling test clamps (Please check with us in advance)<\/p>\n","protected":false},"excerpt":{"rendered":"<p>\u63cf\u8ff0 Summary: Martindale Abrasion and Pilling Testing Machine mainly applies to the resistance test of textile and outside layer, lining or underlayer of the footware&#8230;<\/p>\n","protected":false},"featured_media":5557,"comment_status":"open","ping_status":"closed","template":"","meta":[],"etheme_brands":[{"term_id":67,"name":"Newgoer","slug":"newgoer","term_group":0,"term_taxonomy_id":67,"taxonomy":"brand","description":"","parent":0,"count":271,"filter":"raw"}],"product_cat":[64],"product_tag":[],"_links":{"self":[{"href":"https:\/\/www.cncmarketi.com\/index.php\/wp-json\/wp\/v2\/product\/5563"}],"collection":[{"href":"https:\/\/www.cncmarketi.com\/index.php\/wp-json\/wp\/v2\/product"}],"about":[{"href":"https:\/\/www.cncmarketi.com\/index.php\/wp-json\/wp\/v2\/types\/product"}],"replies":[{"embeddable":true,"href":"https:\/\/www.cncmarketi.com\/index.php\/wp-json\/wp\/v2\/comments?post=5563"}],"version-history":[{"count":0,"href":"https:\/\/www.cncmarketi.com\/index.php\/wp-json\/wp\/v2\/product\/5563\/revisions"}],"wp:featuredmedia":[{"embeddable":true,"href":"https:\/\/www.cncmarketi.com\/index.php\/wp-json\/wp\/v2\/media\/5557"}],"wp:attachment":[{"href":"https:\/\/www.cncmarketi.com\/index.php\/wp-json\/wp\/v2\/media?parent=5563"}],"wp:term":[{"taxonomy":"brand","embeddable":true,"href":"https:\/\/www.cncmarketi.com\/index.php\/wp-json\/wp\/v2\/etheme_brands?post=5563"},{"taxonomy":"product_cat","embeddable":true,"href":"https:\/\/www.cncmarketi.com\/index.php\/wp-json\/wp\/v2\/product_cat?post=5563"},{"taxonomy":"product_tag","embeddable":true,"href":"https:\/\/www.cncmarketi.com\/index.php\/wp-json\/wp\/v2\/product_tag?post=5563"}],"curies":[{"name":"wp","href":"https:\/\/api.w.org\/{rel}","templated":true}]}}