{"id":5549,"date":"2023-08-06T08:20:39","date_gmt":"2023-08-06T05:20:39","guid":{"rendered":"https:\/\/www.cncmarketi.com\/index.php\/product\/bagaj-yuvarlanan-ficisi-drop-etki-test-makinesi-cantalar-ve-valizler-icin-dumble-etki-testi\/"},"modified":"2023-08-06T08:59:08","modified_gmt":"2023-08-06T05:59:08","slug":"bagaj-yuvarlanan-ficisi-drop-etki-test-makinesi-cantalar-ve-valizler-icin-dumble-etki-testi","status":"publish","type":"product","link":"https:\/\/www.cncmarketi.com\/index.php\/product\/bagaj-yuvarlanan-ficisi-drop-etki-test-makinesi-cantalar-ve-valizler-icin-dumble-etki-testi\/","title":{"rendered":"Bagaj Yuvarlanan F\u0131\u00e7\u0131s\u0131 Drop Etki Test Makinesi, \u00c7antalar ve Valizler i\u00e7in Dumble Etki Testi"},"content":{"rendered":"<p>Luggage Tumbling Barrel Drop Impact Testing Machine, Tumble Impact Testing for Bags and Suitcases<br \/>\nModel<br \/>\nNG-344<br \/>\nMOQ<br \/>\n1 Set<br \/>\nLead Time<br \/>\n3-15 Working Days<br \/>\nCountry of Origin<br \/>\nChina<br \/>\nPackage<br \/>\nStandard Export Wooden Box<br \/>\nOEM &#038; ODM<br \/>\nSupport<br \/>\n\u63cf\u8ff0<br \/>\n\u7528\u6237\u8bc4\u8bba (0)<br \/>\n\u63cf\u8ff0<br \/>\nProduct Application:<br \/>\nLuggage Tumbling Barrel Drop Impact Tester applies to damage test of luggage and package by simulating the transport process,such as dropping,impacting,rolling;in order to inspect the protecting ability toward the luggage and its inner things.And the result can be the reference of improvement.<br \/>\nApplicable Industries:<br \/>\nAutomatic Luggage Tumble Roller Impact Testing Machine is mainly applied to all kinds of bag manufacturers.<br \/>\nTo improve products quality according to test results.Applicable to all kinds of luggage manufacturers, according to test results to improve product quality.<br \/>\nDesign Standards:<br \/>\nQB\/T2920-2007 in line with SAMSONITE standards of United States<br \/>\nTechnical parameters:<br \/>\nItem<br \/>\nAutomatic Luggage Tumble Roller Impact Testing Machine<br \/>\nModel<br \/>\nNG-344<br \/>\nRoller diameter and depth<br \/>\n72 inch<br \/>\nDepth<br \/>\n48 inch<br \/>\nRoller speed<br \/>\n2 r.m.p<br \/>\nObstacles specification<br \/>\n60degrees obstacles 3 groups<br \/>\nCounter<br \/>\nLCD display, 0-99999999times<br \/>\nSize<br \/>\n230\u00d7160\u00d7230cm<br \/>\nWeight<br \/>\n1500kg<br \/>\nPower<br \/>\n220V 50HZ<\/p>\n","protected":false},"excerpt":{"rendered":"<p>Luggage Tumbling Barrel Drop Impact Testing Machine, Tumble Impact Testing for Bags and Suitcases Model NG-344 MOQ 1 Set Lead Time 3-15 Working Days Country&#8230;<\/p>\n","protected":false},"featured_media":5543,"comment_status":"open","ping_status":"closed","template":"","meta":[],"etheme_brands":[{"term_id":67,"name":"Newgoer","slug":"newgoer","term_group":0,"term_taxonomy_id":67,"taxonomy":"brand","description":"","parent":0,"count":271,"filter":"raw"}],"product_cat":[64],"product_tag":[],"_links":{"self":[{"href":"https:\/\/www.cncmarketi.com\/index.php\/wp-json\/wp\/v2\/product\/5549"}],"collection":[{"href":"https:\/\/www.cncmarketi.com\/index.php\/wp-json\/wp\/v2\/product"}],"about":[{"href":"https:\/\/www.cncmarketi.com\/index.php\/wp-json\/wp\/v2\/types\/product"}],"replies":[{"embeddable":true,"href":"https:\/\/www.cncmarketi.com\/index.php\/wp-json\/wp\/v2\/comments?post=5549"}],"version-history":[{"count":0,"href":"https:\/\/www.cncmarketi.com\/index.php\/wp-json\/wp\/v2\/product\/5549\/revisions"}],"wp:featuredmedia":[{"embeddable":true,"href":"https:\/\/www.cncmarketi.com\/index.php\/wp-json\/wp\/v2\/media\/5543"}],"wp:attachment":[{"href":"https:\/\/www.cncmarketi.com\/index.php\/wp-json\/wp\/v2\/media?parent=5549"}],"wp:term":[{"taxonomy":"brand","embeddable":true,"href":"https:\/\/www.cncmarketi.com\/index.php\/wp-json\/wp\/v2\/etheme_brands?post=5549"},{"taxonomy":"product_cat","embeddable":true,"href":"https:\/\/www.cncmarketi.com\/index.php\/wp-json\/wp\/v2\/product_cat?post=5549"},{"taxonomy":"product_tag","embeddable":true,"href":"https:\/\/www.cncmarketi.com\/index.php\/wp-json\/wp\/v2\/product_tag?post=5549"}],"curies":[{"name":"wp","href":"https:\/\/api.w.org\/{rel}","templated":true}]}}