{"id":5542,"date":"2023-08-06T08:20:32","date_gmt":"2023-08-06T05:20:32","guid":{"rendered":"https:\/\/www.cncmarketi.com\/index.php\/product\/manuel-alasim-celik-rockwell-sertlik-test-cihazi-ekonomik-rockwell-sertlik-test-makinesi-metal-icin\/"},"modified":"2023-08-06T08:59:08","modified_gmt":"2023-08-06T05:59:08","slug":"manuel-alasim-celik-rockwell-sertlik-test-cihazi-ekonomik-rockwell-sertlik-test-makinesi-metal-icin","status":"publish","type":"product","link":"https:\/\/www.cncmarketi.com\/index.php\/product\/manuel-alasim-celik-rockwell-sertlik-test-cihazi-ekonomik-rockwell-sertlik-test-makinesi-metal-icin\/","title":{"rendered":"Manuel Ala\u015f\u0131m \u00c7elik Rockwell Sertlik Test Cihaz\u0131, Ekonomik Rockwell Sertlik Test Makinesi Metal \u0130\u00e7in"},"content":{"rendered":"<p>\u63cf\u8ff0<br \/>\nMain Features:<br \/>\nTraditional weight system<br \/>\n\uf06c \u25cf Dial display &#038; Manual load<br \/>\n\uf06c \u25cf Rockwell Scales: HRA, HRB, HRC<br \/>\n\uf06c \u25cf Precision hydraulic load damper (loading speed is adjustable)<br \/>\n\uf06c \u25cf Wide range of applications, easy to operate<br \/>\n\uf06c \u25cf Meets or exceeds GB\/T230.2, ISO 6508-2, ASTM E18 standards<br \/>\n\uf06c\u25cf Accurate, reliable, durable<br \/>\nApplication Fields:<br \/>\nIndustrial production, Inspection of product quality on processing technology. Ferrous and nonferrous metals, Hardened steel, tempered steel, annealed steel, hardened steel, sheet of various thicknesses, carbide materials, powder metallurgy materials, hardness and thermal spray coating.<br \/>\nTechnical Specifications:<br \/>\nModel<br \/>\nNG-HR150A<br \/>\nLoading method<br \/>\nManual load<br \/>\nIndication of Hardness Value<br \/>\nDial<br \/>\nMax Height of Specimen<br \/>\n170MM<br \/>\nIndication of Hardness Value<br \/>\nDial display<br \/>\nCarried Standard<br \/>\nGB\/T230.2 Chinese Standard, JJG112 Inspection Rule<br \/>\nDistance of Indenter to outer wall<br \/>\n135MM<br \/>\nPreliminary Testing force<br \/>\n10kgf(98.07N)<br \/>\nTesting force<br \/>\n60kgf(588N) 100kgf(980N) 150kgf(1471N)<br \/>\nRockwell Scale<br \/>\nHRA\u3001HRB\u3001HRC<br \/>\nHardness measuring range<br \/>\nHRA:20-88 HRB:20-100 HRC:20-70<br \/>\nPower supply<br \/>\nAC220V+5%\uff0c50-60Hz<br \/>\nStandard Accessories:<br \/>\nName<br \/>\nQuantity<br \/>\nName<br \/>\nQuantity<br \/>\nDiamond Rockwell Indenter<br \/>\n1<br \/>\n1\/16 Ball Indenter<br \/>\n1<br \/>\nHardness block\uff08HRC , HRA, HRB \uff09<br \/>\n5<br \/>\nLarge, Medium, \u201cV\u201d shaped Testing Table<br \/>\nEach 1<br \/>\n1\/16 Ball<br \/>\n1<br \/>\nPlastic Dustproof cover<br \/>\n1<\/p>\n","protected":false},"excerpt":{"rendered":"<p>\u63cf\u8ff0 Main Features: Traditional weight system \uf06c \u25cf Dial display &#038; Manual load \uf06c \u25cf Rockwell Scales: HRA, HRB, HRC \uf06c \u25cf Precision hydraulic load&#8230;<\/p>\n","protected":false},"featured_media":5536,"comment_status":"open","ping_status":"closed","template":"","meta":[],"etheme_brands":[{"term_id":67,"name":"Newgoer","slug":"newgoer","term_group":0,"term_taxonomy_id":67,"taxonomy":"brand","description":"","parent":0,"count":271,"filter":"raw"}],"product_cat":[64],"product_tag":[],"_links":{"self":[{"href":"https:\/\/www.cncmarketi.com\/index.php\/wp-json\/wp\/v2\/product\/5542"}],"collection":[{"href":"https:\/\/www.cncmarketi.com\/index.php\/wp-json\/wp\/v2\/product"}],"about":[{"href":"https:\/\/www.cncmarketi.com\/index.php\/wp-json\/wp\/v2\/types\/product"}],"replies":[{"embeddable":true,"href":"https:\/\/www.cncmarketi.com\/index.php\/wp-json\/wp\/v2\/comments?post=5542"}],"version-history":[{"count":0,"href":"https:\/\/www.cncmarketi.com\/index.php\/wp-json\/wp\/v2\/product\/5542\/revisions"}],"wp:featuredmedia":[{"embeddable":true,"href":"https:\/\/www.cncmarketi.com\/index.php\/wp-json\/wp\/v2\/media\/5536"}],"wp:attachment":[{"href":"https:\/\/www.cncmarketi.com\/index.php\/wp-json\/wp\/v2\/media?parent=5542"}],"wp:term":[{"taxonomy":"brand","embeddable":true,"href":"https:\/\/www.cncmarketi.com\/index.php\/wp-json\/wp\/v2\/etheme_brands?post=5542"},{"taxonomy":"product_cat","embeddable":true,"href":"https:\/\/www.cncmarketi.com\/index.php\/wp-json\/wp\/v2\/product_cat?post=5542"},{"taxonomy":"product_tag","embeddable":true,"href":"https:\/\/www.cncmarketi.com\/index.php\/wp-json\/wp\/v2\/product_tag?post=5542"}],"curies":[{"name":"wp","href":"https:\/\/api.w.org\/{rel}","templated":true}]}}