{"id":5535,"date":"2023-08-06T08:20:26","date_gmt":"2023-08-06T05:20:26","guid":{"rendered":"https:\/\/www.cncmarketi.com\/index.php\/product\/bagaj-tekerlegi-asinma-test-makinesi-bavul-tekerlek-asinma-direnci-test-cihazi\/"},"modified":"2023-08-06T08:59:08","modified_gmt":"2023-08-06T05:59:08","slug":"bagaj-tekerlegi-asinma-test-makinesi-bavul-tekerlek-asinma-direnci-test-cihazi","status":"publish","type":"product","link":"https:\/\/www.cncmarketi.com\/index.php\/product\/bagaj-tekerlegi-asinma-test-makinesi-bavul-tekerlek-asinma-direnci-test-cihazi\/","title":{"rendered":"Bagaj tekerle\u011fi a\u015f\u0131nma test makinesi, bavul tekerlek a\u015f\u0131nma direnci test cihaz\u0131"},"content":{"rendered":"<p>Luggage Wheel Abrasion Test Machine, Suitcase Wheel Wear Resistance Tester<br \/>\nModel<br \/>\nNG-343<br \/>\nMOQ<br \/>\n1 Set<br \/>\nLead Time<br \/>\n3-15 Working Days<br \/>\nCountry of Origin<br \/>\nChina<br \/>\nPackage<br \/>\nStandard Export Wooden Box<br \/>\nOEM &#038; ODM<br \/>\nSupport<br \/>\n\u63cf\u8ff0<br \/>\n\u7528\u6237\u8bc4\u8bba (0)<br \/>\n\u63cf\u8ff0<br \/>\nProduct Application<br \/>\nLuggage Wheel Wear Test Machine is used for the wear test of small wheels, such as traveling box, roller skates, children\u2019s cars, wheelbarrows, wheels, and wheels bear a load at the same time. This way is used to simulate the loading of the traveling box wheels on the ground, so as to test the wear resistance of wheels. The wear resistance and overall structure of the wheel material can be measured without wear and deformation. The results of the test can be used as a reference for improvement.<br \/>\nSpecification<br \/>\nModel<br \/>\nNG-343 Luggage Wheels Abrasion Fatigue Tester<br \/>\nControl mode:<br \/>\nColor touch screen (convenient and practical)<br \/>\nTest load bar length:<br \/>\n610mm<br \/>\nThe carrier is located at the end of the load bar:<br \/>\n430mm<br \/>\nHeavy hammer walking distance from the weight bar right:<br \/>\n20mm<br \/>\nTest speed:<br \/>\n0-5km \/ hr.<br \/>\nWheel load:<br \/>\n10,20,30,50kg.<br \/>\nWeight:<br \/>\nApprox 90Kg;<br \/>\nStandard<br \/>\nQB \/ T2917-2007 etc<\/p>\n","protected":false},"excerpt":{"rendered":"<p>Luggage Wheel Abrasion Test Machine, Suitcase Wheel Wear Resistance Tester Model NG-343 MOQ 1 Set Lead Time 3-15 Working Days Country of Origin China Package&#8230;<\/p>\n","protected":false},"featured_media":5529,"comment_status":"open","ping_status":"closed","template":"","meta":[],"etheme_brands":[{"term_id":67,"name":"Newgoer","slug":"newgoer","term_group":0,"term_taxonomy_id":67,"taxonomy":"brand","description":"","parent":0,"count":271,"filter":"raw"}],"product_cat":[64],"product_tag":[],"_links":{"self":[{"href":"https:\/\/www.cncmarketi.com\/index.php\/wp-json\/wp\/v2\/product\/5535"}],"collection":[{"href":"https:\/\/www.cncmarketi.com\/index.php\/wp-json\/wp\/v2\/product"}],"about":[{"href":"https:\/\/www.cncmarketi.com\/index.php\/wp-json\/wp\/v2\/types\/product"}],"replies":[{"embeddable":true,"href":"https:\/\/www.cncmarketi.com\/index.php\/wp-json\/wp\/v2\/comments?post=5535"}],"version-history":[{"count":0,"href":"https:\/\/www.cncmarketi.com\/index.php\/wp-json\/wp\/v2\/product\/5535\/revisions"}],"wp:featuredmedia":[{"embeddable":true,"href":"https:\/\/www.cncmarketi.com\/index.php\/wp-json\/wp\/v2\/media\/5529"}],"wp:attachment":[{"href":"https:\/\/www.cncmarketi.com\/index.php\/wp-json\/wp\/v2\/media?parent=5535"}],"wp:term":[{"taxonomy":"brand","embeddable":true,"href":"https:\/\/www.cncmarketi.com\/index.php\/wp-json\/wp\/v2\/etheme_brands?post=5535"},{"taxonomy":"product_cat","embeddable":true,"href":"https:\/\/www.cncmarketi.com\/index.php\/wp-json\/wp\/v2\/product_cat?post=5535"},{"taxonomy":"product_tag","embeddable":true,"href":"https:\/\/www.cncmarketi.com\/index.php\/wp-json\/wp\/v2\/product_tag?post=5535"}],"curies":[{"name":"wp","href":"https:\/\/api.w.org\/{rel}","templated":true}]}}