{"id":5528,"date":"2023-08-06T08:20:17","date_gmt":"2023-08-06T05:20:17","guid":{"rendered":"https:\/\/www.cncmarketi.com\/index.php\/product\/bagaj-yuruyus-kilometre-asinma-test-cihazi-cantalar-ve-bavullar-yuruyus-yumru-test-cihazi\/"},"modified":"2023-08-06T08:59:08","modified_gmt":"2023-08-06T05:59:08","slug":"bagaj-yuruyus-kilometre-asinma-test-cihazi-cantalar-ve-bavullar-yuruyus-yumru-test-cihazi","status":"publish","type":"product","link":"https:\/\/www.cncmarketi.com\/index.php\/product\/bagaj-yuruyus-kilometre-asinma-test-cihazi-cantalar-ve-bavullar-yuruyus-yumru-test-cihazi\/","title":{"rendered":"Bagaj y\u00fcr\u00fcy\u00fc\u015f kilometre a\u015f\u0131nma test cihaz\u0131, \u00e7antalar ve bavullar y\u00fcr\u00fcy\u00fc\u015f yumru test cihaz\u0131"},"content":{"rendered":"<p>\u63cf\u8ff0<br \/>\nTest speed<br \/>\n0 to 5km\/hr adjustable<br \/>\nTime set<br \/>\n0 to 999.9H<br \/>\nSupport function<br \/>\nThe machine will be automatically stop if the specimen dropped half-way.<br \/>\nBump plate<br \/>\n5mm\/8 pcs<br \/>\nBelt perimeter<br \/>\n380cm<br \/>\nBelt width<br \/>\n76cm<br \/>\nAccessories<br \/>\nluggage fixed seat (can adjust )<br \/>\nVolume<br \/>\n220x180x160cm<br \/>\nWeight<br \/>\n360kg<br \/>\nPower<br \/>\n220v\/50hz<br \/>\nThis luggage walk mileage abrasion test machine is used to test the suitcase \/ travelling bag equip with different kinds of wheels. Load appropriate weight in the specimen, to make impact concussion and abrasion on the specimen by the rubbing and impacting between emery cloth , testing turbulence board and specimen wheel of conveyor walking testing machine. Imitate the using condition of suitcase by keep walking on the road, to test wheels, axle, wheel carrier, pull bar, quality of suitcase of specimen to calculate the abrasion value of wheels.<br \/>\nStandards:<br \/>\nQB\/T 2920\u20142007 B, SAMSONITE<br \/>\nApplicable Industries:<br \/>\nThis test machine applicable to all kinds of luggage manufacturers, according to test results to improve product quality.<br \/>\nPurpose :<br \/>\nThe designs of this tester is conformed to the test standards.the test method is :place the luggage on the test machine , adjust the speed of the conveyor belt . After the test go on several hours, check the wheel whether it is damaged , stop the operation automatically when arrive the setting number. Luggage Bump Running Testing Machine ( conveyor Belt )<\/p>\n","protected":false},"excerpt":{"rendered":"<p>\u63cf\u8ff0 Test speed 0 to 5km\/hr adjustable Time set 0 to 999.9H Support function The machine will be automatically stop if the specimen dropped half-way&#8230;.<\/p>\n","protected":false},"featured_media":5522,"comment_status":"open","ping_status":"closed","template":"","meta":[],"etheme_brands":[{"term_id":67,"name":"Newgoer","slug":"newgoer","term_group":0,"term_taxonomy_id":67,"taxonomy":"brand","description":"","parent":0,"count":271,"filter":"raw"}],"product_cat":[64],"product_tag":[],"_links":{"self":[{"href":"https:\/\/www.cncmarketi.com\/index.php\/wp-json\/wp\/v2\/product\/5528"}],"collection":[{"href":"https:\/\/www.cncmarketi.com\/index.php\/wp-json\/wp\/v2\/product"}],"about":[{"href":"https:\/\/www.cncmarketi.com\/index.php\/wp-json\/wp\/v2\/types\/product"}],"replies":[{"embeddable":true,"href":"https:\/\/www.cncmarketi.com\/index.php\/wp-json\/wp\/v2\/comments?post=5528"}],"version-history":[{"count":0,"href":"https:\/\/www.cncmarketi.com\/index.php\/wp-json\/wp\/v2\/product\/5528\/revisions"}],"wp:featuredmedia":[{"embeddable":true,"href":"https:\/\/www.cncmarketi.com\/index.php\/wp-json\/wp\/v2\/media\/5522"}],"wp:attachment":[{"href":"https:\/\/www.cncmarketi.com\/index.php\/wp-json\/wp\/v2\/media?parent=5528"}],"wp:term":[{"taxonomy":"brand","embeddable":true,"href":"https:\/\/www.cncmarketi.com\/index.php\/wp-json\/wp\/v2\/etheme_brands?post=5528"},{"taxonomy":"product_cat","embeddable":true,"href":"https:\/\/www.cncmarketi.com\/index.php\/wp-json\/wp\/v2\/product_cat?post=5528"},{"taxonomy":"product_tag","embeddable":true,"href":"https:\/\/www.cncmarketi.com\/index.php\/wp-json\/wp\/v2\/product_tag?post=5528"}],"curies":[{"name":"wp","href":"https:\/\/api.w.org\/{rel}","templated":true}]}}