{"id":5521,"date":"2023-08-06T08:20:10","date_gmt":"2023-08-06T05:20:10","guid":{"rendered":"https:\/\/www.cncmarketi.com\/index.php\/product\/deri-yumusaklik-test-cihazi-tasinabilir-hayvan-derisi-deri-yumusaklik-test-cihazi\/"},"modified":"2023-08-06T08:59:08","modified_gmt":"2023-08-06T05:59:08","slug":"deri-yumusaklik-test-cihazi-tasinabilir-hayvan-derisi-deri-yumusaklik-test-cihazi","status":"publish","type":"product","link":"https:\/\/www.cncmarketi.com\/index.php\/product\/deri-yumusaklik-test-cihazi-tasinabilir-hayvan-derisi-deri-yumusaklik-test-cihazi\/","title":{"rendered":"Deri yumu\u015fakl\u0131k test cihaz\u0131, ta\u015f\u0131nabilir hayvan derisi deri yumu\u015fakl\u0131k test cihaz\u0131"},"content":{"rendered":"<p>Leather Softness Tester, Portable Animal Skin Leather Softness Tester<br \/>\nModel<br \/>\nNG-322<br \/>\nMOQ<br \/>\n1 Set<br \/>\nLead Time<br \/>\n3-15 Working Days<br \/>\nCountry of Origin<br \/>\nChina<br \/>\nPackage<br \/>\nStandard Export Wooden Box<br \/>\nOEM &#038; ODM<br \/>\nSupport<br \/>\n\u63cf\u8ff0<br \/>\n\u7528\u6237\u8bc4\u8bba (0)<br \/>\n\u63cf\u8ff0<br \/>\nSummary :<br \/>\nIt\u2019s applied to measure the softness of leather and animal skins in order to understand the softness and hardness is uniform or not in the same batch of leather, or the softness and hardness is difference or not in a single piece of soft leather.<br \/>\nIt\u2019s applied to test leather performance in shoes, clothing, Luggage handbag industry, research laboratories; commodity inspection, arbitration and technical supervision departments.<br \/>\nPrinciples :<br \/>\nThis machine make use of the Small pneumatic with load application of a force on the probe, and drop down in accordance with a certain speed, pressure natural on the test leather, teen read the leather softness index by the pointer gauge.<br \/>\nStandards : This equipment meet the standard IULTCS , IUP\/36.<br \/>\nSpecifications:<br \/>\nItem<br \/>\nSpecifications<br \/>\nLoad<br \/>\n530\u00b110g(by a small pneumatic control value drive)<br \/>\nMeasure scale<br \/>\n0.1~10mm<br \/>\nWorking way<br \/>\nHand pressure<br \/>\nDimension<br \/>\n50CM\u00d710 CM\u00d725CM<br \/>\nWeight<br \/>\nAbout 4kg<br \/>\nAccessories<br \/>\n20mm shrink ring 1pcs for fabric testing<br \/>\n25mm shrink ring 1pcs for leather testing<br \/>\nInstruments installation:<br \/>\n1.Working environment\uff1aRoom temperature condition.<br \/>\n2.This instrument is carrying type instrument, please use in a flat place.<\/p>\n","protected":false},"excerpt":{"rendered":"<p>Leather Softness Tester, Portable Animal Skin Leather Softness Tester Model NG-322 MOQ 1 Set Lead Time 3-15 Working Days Country of Origin China Package Standard&#8230;<\/p>\n","protected":false},"featured_media":5515,"comment_status":"open","ping_status":"closed","template":"","meta":[],"etheme_brands":[{"term_id":67,"name":"Newgoer","slug":"newgoer","term_group":0,"term_taxonomy_id":67,"taxonomy":"brand","description":"","parent":0,"count":271,"filter":"raw"}],"product_cat":[64],"product_tag":[],"_links":{"self":[{"href":"https:\/\/www.cncmarketi.com\/index.php\/wp-json\/wp\/v2\/product\/5521"}],"collection":[{"href":"https:\/\/www.cncmarketi.com\/index.php\/wp-json\/wp\/v2\/product"}],"about":[{"href":"https:\/\/www.cncmarketi.com\/index.php\/wp-json\/wp\/v2\/types\/product"}],"replies":[{"embeddable":true,"href":"https:\/\/www.cncmarketi.com\/index.php\/wp-json\/wp\/v2\/comments?post=5521"}],"version-history":[{"count":0,"href":"https:\/\/www.cncmarketi.com\/index.php\/wp-json\/wp\/v2\/product\/5521\/revisions"}],"wp:featuredmedia":[{"embeddable":true,"href":"https:\/\/www.cncmarketi.com\/index.php\/wp-json\/wp\/v2\/media\/5515"}],"wp:attachment":[{"href":"https:\/\/www.cncmarketi.com\/index.php\/wp-json\/wp\/v2\/media?parent=5521"}],"wp:term":[{"taxonomy":"brand","embeddable":true,"href":"https:\/\/www.cncmarketi.com\/index.php\/wp-json\/wp\/v2\/etheme_brands?post=5521"},{"taxonomy":"product_cat","embeddable":true,"href":"https:\/\/www.cncmarketi.com\/index.php\/wp-json\/wp\/v2\/product_cat?post=5521"},{"taxonomy":"product_tag","embeddable":true,"href":"https:\/\/www.cncmarketi.com\/index.php\/wp-json\/wp\/v2\/product_tag?post=5521"}],"curies":[{"name":"wp","href":"https:\/\/api.w.org\/{rel}","templated":true}]}}