{"id":5514,"date":"2023-08-06T08:20:02","date_gmt":"2023-08-06T05:20:02","guid":{"rendered":"https:\/\/www.cncmarketi.com\/index.php\/product\/bagaj-cubugu-pistonlu-yorgunluk-test-makinesi-bavul-bagaj-cekme-cubugu-yorgunluk-test-cihazi\/"},"modified":"2023-08-06T08:59:08","modified_gmt":"2023-08-06T05:59:08","slug":"bagaj-cubugu-pistonlu-yorgunluk-test-makinesi-bavul-bagaj-cekme-cubugu-yorgunluk-test-cihazi","status":"publish","type":"product","link":"https:\/\/www.cncmarketi.com\/index.php\/product\/bagaj-cubugu-pistonlu-yorgunluk-test-makinesi-bavul-bagaj-cekme-cubugu-yorgunluk-test-cihazi\/","title":{"rendered":"Bagaj \u00e7ubu\u011fu Pistonlu Yorgunluk Test Makinesi, Bavul Bagaj \u00c7ekme \u00c7ubu\u011fu Yorgunluk Test Cihaz\u0131"},"content":{"rendered":"<p>Luggage Rod Reciprocating Fatigue Testing Machine, Suitcase Luggage Pull Rod Fatigue Tester<br \/>\nModel<br \/>\nNG-346<br \/>\nMOQ<br \/>\n1 Set<br \/>\nLead Time<br \/>\n3-15 Working Days<br \/>\nCountry of Origin<br \/>\nChina<br \/>\nPackage<br \/>\nStandard Export Wooden Box<br \/>\nOEM &#038; ODM<br \/>\nSupport<br \/>\n\u63cf\u8ff0<br \/>\n\u7528\u6237\u8bc4\u8bba (0)<br \/>\n\u63cf\u8ff0<br \/>\nSummary:<br \/>\nProfessional Luggage Pull Rod Reciprocating Fatigue Testing Machine be used for handlebarof suitcase resistance to fatigue testing. The sampled will be stretch to judge it\u2019s fetch way ,connection rod failure and deformation occurred.<br \/>\nStandards:<br \/>\nQB\/T2919-2010 etc.<br \/>\nPrinciple:<br \/>\nFixed the suitcase and repeatedly stretched the trolley with a certain rate, after a certain number, then view the trolley damageb of suitcase. Lock button on the lever is pressed after a certain number of times, watch its elasticity and wear.<br \/>\nSpecifications<br \/>\nTest stroke<br \/>\n20~100cm (adjustable)<br \/>\nTest position<br \/>\n4 point sensor location<br \/>\nTensile speed<br \/>\n0~30cm\/sec (adjustable)<br \/>\nCompression speed<br \/>\n0~30cm\/sec (adjustable)<br \/>\nTest times<br \/>\n1~999999<br \/>\nTest dynamic<br \/>\nCylinder<br \/>\nSpecimen height<br \/>\n200cm<br \/>\nWeight<br \/>\nAbout 150kg<br \/>\nSize<br \/>\n120X120X210cm<br \/>\nWorking pressure<br \/>\n5~8 kg\/cm\u00b2<br \/>\nPower supply<br \/>\nAC220V\/50Hz<\/p>\n","protected":false},"excerpt":{"rendered":"<p>Luggage Rod Reciprocating Fatigue Testing Machine, Suitcase Luggage Pull Rod Fatigue Tester Model NG-346 MOQ 1 Set Lead Time 3-15 Working Days Country of Origin&#8230;<\/p>\n","protected":false},"featured_media":5508,"comment_status":"open","ping_status":"closed","template":"","meta":[],"etheme_brands":[{"term_id":67,"name":"Newgoer","slug":"newgoer","term_group":0,"term_taxonomy_id":67,"taxonomy":"brand","description":"","parent":0,"count":271,"filter":"raw"}],"product_cat":[64],"product_tag":[],"_links":{"self":[{"href":"https:\/\/www.cncmarketi.com\/index.php\/wp-json\/wp\/v2\/product\/5514"}],"collection":[{"href":"https:\/\/www.cncmarketi.com\/index.php\/wp-json\/wp\/v2\/product"}],"about":[{"href":"https:\/\/www.cncmarketi.com\/index.php\/wp-json\/wp\/v2\/types\/product"}],"replies":[{"embeddable":true,"href":"https:\/\/www.cncmarketi.com\/index.php\/wp-json\/wp\/v2\/comments?post=5514"}],"version-history":[{"count":0,"href":"https:\/\/www.cncmarketi.com\/index.php\/wp-json\/wp\/v2\/product\/5514\/revisions"}],"wp:featuredmedia":[{"embeddable":true,"href":"https:\/\/www.cncmarketi.com\/index.php\/wp-json\/wp\/v2\/media\/5508"}],"wp:attachment":[{"href":"https:\/\/www.cncmarketi.com\/index.php\/wp-json\/wp\/v2\/media?parent=5514"}],"wp:term":[{"taxonomy":"brand","embeddable":true,"href":"https:\/\/www.cncmarketi.com\/index.php\/wp-json\/wp\/v2\/etheme_brands?post=5514"},{"taxonomy":"product_cat","embeddable":true,"href":"https:\/\/www.cncmarketi.com\/index.php\/wp-json\/wp\/v2\/product_cat?post=5514"},{"taxonomy":"product_tag","embeddable":true,"href":"https:\/\/www.cncmarketi.com\/index.php\/wp-json\/wp\/v2\/product_tag?post=5514"}],"curies":[{"name":"wp","href":"https:\/\/api.w.org\/{rel}","templated":true}]}}