{"id":5507,"date":"2023-08-06T08:19:53","date_gmt":"2023-08-06T05:19:53","guid":{"rendered":"https:\/\/www.cncmarketi.com\/index.php\/product\/bagaj-sapi-pislik-titresim-darbe-test-cihazi-bavul-sapi-soku-ve-titresim-dayaniklilik-test-cihazi\/"},"modified":"2023-08-06T08:59:08","modified_gmt":"2023-08-06T05:59:08","slug":"bagaj-sapi-pislik-titresim-darbe-test-cihazi-bavul-sapi-soku-ve-titresim-dayaniklilik-test-cihazi","status":"publish","type":"product","link":"https:\/\/www.cncmarketi.com\/index.php\/product\/bagaj-sapi-pislik-titresim-darbe-test-cihazi-bavul-sapi-soku-ve-titresim-dayaniklilik-test-cihazi\/","title":{"rendered":"Bagaj sap\u0131 pislik titre\u015fim darbe test cihaz\u0131, bavul sap\u0131 \u015foku ve titre\u015fim dayan\u0131kl\u0131l\u0131k test cihaz\u0131"},"content":{"rendered":"<p>Luggage Handle Jerk Vibration Impact Tester, Suitcase Handle Shock and Vibration Durability Tester<br \/>\nModel<br \/>\nNG-345<br \/>\nMOQ<br \/>\n1 Set<br \/>\nLead Time<br \/>\n3-15 Working Days<br \/>\nCountry of Origin<br \/>\nChina<br \/>\nPackage<br \/>\nStandard Export Wooden Box<br \/>\nOEM &#038; ODM<br \/>\nSupport<br \/>\n\u63cf\u8ff0<br \/>\n\u7528\u6237\u8bc4\u8bba (0)<br \/>\n\u63cf\u8ff0<br \/>\nSummary:<br \/>\nLuggage Handle Jerk Vibration Tester is applicable to testing the resistance of oscillating impact of the handle,<br \/>\nsew stitch lines and the whole structure of luggage. The testing methods are as follows: First, Load the<br \/>\nobject with stated load weight. And then do the test to the specimen with the speed of 30 times per minute<br \/>\nand the impact height of 4 inches for 2500 times. The test result can be taken into consideration of quality improvement.<br \/>\nStandards:<br \/>\nQB\/T 2922\u20142007 etc<br \/>\nIndustries:<br \/>\nBags and Suitcases Handle Jerk Testerappliedto all kinds of bag manufacturers. To improve products quality according to test results<br \/>\nSpecifications<br \/>\nImpact Height<br \/>\n4 inch (0~6 inches) adjustable<br \/>\nOscillation Mode<br \/>\nSpring 1.79Kg\/mm<br \/>\nTesting Speed<br \/>\n5~50 C.P.M. adjustable<br \/>\nTimes Setting<br \/>\n1~999999<br \/>\nAdditional Fucnction<br \/>\nIt would stop automatically if something goes wrong.<br \/>\nDimension<br \/>\n1400\u00d71200\u00d7250 mm<br \/>\nWeight<br \/>\n390 Kg<br \/>\nPower<br \/>\n1\u00f8, 220V\/50Hz<\/p>\n","protected":false},"excerpt":{"rendered":"<p>Luggage Handle Jerk Vibration Impact Tester, Suitcase Handle Shock and Vibration Durability Tester Model NG-345 MOQ 1 Set Lead Time 3-15 Working Days Country of&#8230;<\/p>\n","protected":false},"featured_media":5501,"comment_status":"open","ping_status":"closed","template":"","meta":[],"etheme_brands":[{"term_id":67,"name":"Newgoer","slug":"newgoer","term_group":0,"term_taxonomy_id":67,"taxonomy":"brand","description":"","parent":0,"count":271,"filter":"raw"}],"product_cat":[64],"product_tag":[],"_links":{"self":[{"href":"https:\/\/www.cncmarketi.com\/index.php\/wp-json\/wp\/v2\/product\/5507"}],"collection":[{"href":"https:\/\/www.cncmarketi.com\/index.php\/wp-json\/wp\/v2\/product"}],"about":[{"href":"https:\/\/www.cncmarketi.com\/index.php\/wp-json\/wp\/v2\/types\/product"}],"replies":[{"embeddable":true,"href":"https:\/\/www.cncmarketi.com\/index.php\/wp-json\/wp\/v2\/comments?post=5507"}],"version-history":[{"count":0,"href":"https:\/\/www.cncmarketi.com\/index.php\/wp-json\/wp\/v2\/product\/5507\/revisions"}],"wp:featuredmedia":[{"embeddable":true,"href":"https:\/\/www.cncmarketi.com\/index.php\/wp-json\/wp\/v2\/media\/5501"}],"wp:attachment":[{"href":"https:\/\/www.cncmarketi.com\/index.php\/wp-json\/wp\/v2\/media?parent=5507"}],"wp:term":[{"taxonomy":"brand","embeddable":true,"href":"https:\/\/www.cncmarketi.com\/index.php\/wp-json\/wp\/v2\/etheme_brands?post=5507"},{"taxonomy":"product_cat","embeddable":true,"href":"https:\/\/www.cncmarketi.com\/index.php\/wp-json\/wp\/v2\/product_cat?post=5507"},{"taxonomy":"product_tag","embeddable":true,"href":"https:\/\/www.cncmarketi.com\/index.php\/wp-json\/wp\/v2\/product_tag?post=5507"}],"curies":[{"name":"wp","href":"https:\/\/api.w.org\/{rel}","templated":true}]}}