{"id":5500,"date":"2023-08-06T08:19:46","date_gmt":"2023-08-06T05:19:46","guid":{"rendered":"https:\/\/www.cncmarketi.com\/index.php\/product\/dusuk-sicaklikta-siyah-govde-kalibroru-kizilotesi-termometre-kalibrator\/"},"modified":"2023-08-06T08:59:08","modified_gmt":"2023-08-06T05:59:08","slug":"dusuk-sicaklikta-siyah-govde-kalibroru-kizilotesi-termometre-kalibrator","status":"publish","type":"product","link":"https:\/\/www.cncmarketi.com\/index.php\/product\/dusuk-sicaklikta-siyah-govde-kalibroru-kizilotesi-termometre-kalibrator\/","title":{"rendered":"D\u00fc\u015f\u00fck s\u0131cakl\u0131kta siyah g\u00f6vde kalibr\u00f6r\u00fc, k\u0131z\u0131l\u00f6tesi termometre kalibrat\u00f6r"},"content":{"rendered":"<p>Low Temperature Black Body Calibrator, Infrared Thermometer Calibrator<br \/>\nModel<br \/>\nNG-5123<br \/>\nMOQ<br \/>\n1 Set<br \/>\nLead Time<br \/>\n3-15 Working Days<br \/>\nCountry of Origin<br \/>\nChina<br \/>\nPackage<br \/>\nStandard Export Wooden Box<br \/>\nOEM &#038; ODM<br \/>\nSupport<br \/>\n\u63cf\u8ff0<br \/>\n\u7528\u6237\u8bc4\u8bba (0)<br \/>\n\u63cf\u8ff0<br \/>\nSummary:<br \/>\nThe Low Temperature Water Tank with Standard Black Body (Low Temperature Black Body Calibrator) is a low-temperature thermostatic water tank formed by the combination of micro-processing technology and PID control, a high-precision thermostat and a compressor refrigeration system. Its built-in refrigeration and heating system can meet the different needs of users. This product is a high-precision self-control digital temperature calibration device.<br \/>\nFeatures:<br \/>\n\u25cf It has the characteristics of stable temperature, good performance, uniform temperature field, high temperature control accuracy, low noise, good reliability, and long life.\u25cf This device adopts PID temperature adjustment to realize automatic temperature control, compact structure, convenient operation and intuitive reading. \u25cf The ear \/ frontal thermometer calibration device products developed by our company are especially suitable for the calibration of non-contact infrared human body thermometers, manufacturers, measurement units and medical and health departments.\u25cf This equipment meets the JJG 865-2015 working radiation thermometer verification regulations, and meets the American ASTME1965 and EU EN12470-5 international standards.<br \/>\nSpecifications:<br \/>\nItem<br \/>\nLow Temperature Standard Black Body Calibrator<br \/>\nTemp Range<br \/>\n-10~100\u2103<br \/>\nTemp Uniformity<br \/>\n\u00b1 0.1 ~ 0.5 \u2103<br \/>\nResolution<br \/>\n0.01 \u2103<br \/>\nWork Tank Volume<br \/>\n400*300*200mm<br \/>\nDie Opening Size<br \/>\n300*250mm<br \/>\nEmissivity<br \/>\n\u22650.997<br \/>\nRefrigeration System<br \/>\nEnclosed environmental protection compressor without CFC<br \/>\nInner Materials<br \/>\nSUS 304 Stainless Steel<br \/>\nPower<br \/>\n220V AC 50HZ<br \/>\nTemperature Control<br \/>\nIntegrated integrated latest-generation PID automatic temperature control program, built-in highest precision PT100 temperature sensor AAA level<br \/>\nSafety Protection<br \/>\nPower-off Protection Function ;<br \/>\nUpper and Lower Limit Temperature Alarm Setting Function ;<br \/>\nTemperature Runaway Protection and Alarm Function ;<br \/>\nCompressor Overheating &#038; Over Current Multiple Protection Functions<\/p>\n","protected":false},"excerpt":{"rendered":"<p>Low Temperature Black Body Calibrator, Infrared Thermometer Calibrator Model NG-5123 MOQ 1 Set Lead Time 3-15 Working Days Country of Origin China Package Standard Export&#8230;<\/p>\n","protected":false},"featured_media":5494,"comment_status":"open","ping_status":"closed","template":"","meta":[],"etheme_brands":[{"term_id":67,"name":"Newgoer","slug":"newgoer","term_group":0,"term_taxonomy_id":67,"taxonomy":"brand","description":"","parent":0,"count":271,"filter":"raw"}],"product_cat":[64],"product_tag":[],"_links":{"self":[{"href":"https:\/\/www.cncmarketi.com\/index.php\/wp-json\/wp\/v2\/product\/5500"}],"collection":[{"href":"https:\/\/www.cncmarketi.com\/index.php\/wp-json\/wp\/v2\/product"}],"about":[{"href":"https:\/\/www.cncmarketi.com\/index.php\/wp-json\/wp\/v2\/types\/product"}],"replies":[{"embeddable":true,"href":"https:\/\/www.cncmarketi.com\/index.php\/wp-json\/wp\/v2\/comments?post=5500"}],"version-history":[{"count":0,"href":"https:\/\/www.cncmarketi.com\/index.php\/wp-json\/wp\/v2\/product\/5500\/revisions"}],"wp:featuredmedia":[{"embeddable":true,"href":"https:\/\/www.cncmarketi.com\/index.php\/wp-json\/wp\/v2\/media\/5494"}],"wp:attachment":[{"href":"https:\/\/www.cncmarketi.com\/index.php\/wp-json\/wp\/v2\/media?parent=5500"}],"wp:term":[{"taxonomy":"brand","embeddable":true,"href":"https:\/\/www.cncmarketi.com\/index.php\/wp-json\/wp\/v2\/etheme_brands?post=5500"},{"taxonomy":"product_cat","embeddable":true,"href":"https:\/\/www.cncmarketi.com\/index.php\/wp-json\/wp\/v2\/product_cat?post=5500"},{"taxonomy":"product_tag","embeddable":true,"href":"https:\/\/www.cncmarketi.com\/index.php\/wp-json\/wp\/v2\/product_tag?post=5500"}],"curies":[{"name":"wp","href":"https:\/\/api.w.org\/{rel}","templated":true}]}}