{"id":5486,"date":"2023-08-06T08:19:31","date_gmt":"2023-08-06T05:19:31","guid":{"rendered":"https:\/\/www.cncmarketi.com\/index.php\/product\/tpu-pe-tpe-dokum-film-hatti-icin-laboratuvar-kucuk-plastik-dokum-film-makinesi\/"},"modified":"2023-08-06T08:59:08","modified_gmt":"2023-08-06T05:59:08","slug":"tpu-pe-tpe-dokum-film-hatti-icin-laboratuvar-kucuk-plastik-dokum-film-makinesi","status":"publish","type":"product","link":"https:\/\/www.cncmarketi.com\/index.php\/product\/tpu-pe-tpe-dokum-film-hatti-icin-laboratuvar-kucuk-plastik-dokum-film-makinesi\/","title":{"rendered":"TPU PE TPE d\u00f6k\u00fcm film hatt\u0131 i\u00e7in laboratuvar k\u00fc\u00e7\u00fck plastik d\u00f6k\u00fcm film makinesi"},"content":{"rendered":"<p>Laboratory Small Plastic Cast Film Machine for TPU PE TPE Casting Film Line<br \/>\nModel<br \/>\nNG-X432<br \/>\nMOQ<br \/>\n1 Set<br \/>\nLead Time<br \/>\n3-15 Working Days<br \/>\nCountry of Origin<br \/>\nChina<br \/>\nPackage<br \/>\nStandard Export Wooden Box<br \/>\nOEM &#038; ODM<br \/>\nSupport<br \/>\n\u63cf\u8ff0<br \/>\n\u7528\u6237\u8bc4\u8bba (0)<br \/>\n\u63cf\u8ff0<br \/>\nProduct introduction<br \/>\nCast film extrusion line consist of a lab precise single screw extruder, a molding system(die), a film casting, haul-off &#038; winding machine and a SIEMENS PLC Touching Screen Control System.<br \/>\nIt not only has wide range of technology adjustment (including speed, temperature, pressure, thickness, etc.), but also has a lot of functions such as real-time parameter acquistion, graphic displaying, recording and storing. It is an ideal tool for research institute to develop new material formula and film shaping technology.<br \/>\nNG-X433-25-3 Cast Film machine have 3 calender roll, it has one more roll than regular machine. This design makes the film evenly and better gloss.<br \/>\nProduct Application<br \/>\n1) Polymer casting property test;<br \/>\n2) New material formula development;<br \/>\n3) Optimization of production technology;<br \/>\n4) Production quality control.<br \/>\nMain Features<br \/>\n1) Adopting international brand variable speed control motor for the extruder to make the plasticization stable and constant;<br \/>\n2) Using brand melt pressure and temperature sensor to ensure high accurage data<br \/>\n3) Cantilever roll structure making it easy to lead the film and be operated;<br \/>\n4) dopting PLC control system and friendly operation interface to easily operate;<br \/>\n5) On-line testing and displaying melt pressure, temperature and other key data;<br \/>\n6) Emergency stops and devices to protect safety of the operator;<br \/>\nNEWGOER LAB CAST FILM MACHINE<br \/>\nTechnical Parameter<br \/>\nApplicable materials<br \/>\nPP, PE, PVC, PS, PET, etc.<br \/>\nScrew diameters<br \/>\nmm<br \/>\n25<br \/>\nScrew rotating speed<br \/>\nrpm<br \/>\n0-95 (adjustable)<br \/>\nScrew L\/D ratio<br \/>\n33<br \/>\nTemperature range<br \/>\n\u2103<br \/>\nRoom temperature \u2013 300\u2103<br \/>\nFilm thickness<br \/>\nmm<br \/>\n0.03-0.5mm<br \/>\nFilm width<br \/>\nmm<br \/>\n250 (customized)<br \/>\nDie width<br \/>\nmm<br \/>\n300<br \/>\nWorking voltage<br \/>\n350V\/50Hz\/3 phases or Customerized<br \/>\nMotor power<br \/>\nKW<br \/>\n2.2<br \/>\nTotal Power<br \/>\nKW<br \/>\n7<br \/>\nControl mode<br \/>\nSIEMENS PLC Control<\/p>\n","protected":false},"excerpt":{"rendered":"<p>Laboratory Small Plastic Cast Film Machine for TPU PE TPE Casting Film Line Model NG-X432 MOQ 1 Set Lead Time 3-15 Working Days Country of&#8230;<\/p>\n","protected":false},"featured_media":5480,"comment_status":"open","ping_status":"closed","template":"","meta":[],"etheme_brands":[{"term_id":67,"name":"Newgoer","slug":"newgoer","term_group":0,"term_taxonomy_id":67,"taxonomy":"brand","description":"","parent":0,"count":271,"filter":"raw"}],"product_cat":[64],"product_tag":[],"_links":{"self":[{"href":"https:\/\/www.cncmarketi.com\/index.php\/wp-json\/wp\/v2\/product\/5486"}],"collection":[{"href":"https:\/\/www.cncmarketi.com\/index.php\/wp-json\/wp\/v2\/product"}],"about":[{"href":"https:\/\/www.cncmarketi.com\/index.php\/wp-json\/wp\/v2\/types\/product"}],"replies":[{"embeddable":true,"href":"https:\/\/www.cncmarketi.com\/index.php\/wp-json\/wp\/v2\/comments?post=5486"}],"version-history":[{"count":0,"href":"https:\/\/www.cncmarketi.com\/index.php\/wp-json\/wp\/v2\/product\/5486\/revisions"}],"wp:featuredmedia":[{"embeddable":true,"href":"https:\/\/www.cncmarketi.com\/index.php\/wp-json\/wp\/v2\/media\/5480"}],"wp:attachment":[{"href":"https:\/\/www.cncmarketi.com\/index.php\/wp-json\/wp\/v2\/media?parent=5486"}],"wp:term":[{"taxonomy":"brand","embeddable":true,"href":"https:\/\/www.cncmarketi.com\/index.php\/wp-json\/wp\/v2\/etheme_brands?post=5486"},{"taxonomy":"product_cat","embeddable":true,"href":"https:\/\/www.cncmarketi.com\/index.php\/wp-json\/wp\/v2\/product_cat?post=5486"},{"taxonomy":"product_tag","embeddable":true,"href":"https:\/\/www.cncmarketi.com\/index.php\/wp-json\/wp\/v2\/product_tag?post=5486"}],"curies":[{"name":"wp","href":"https:\/\/api.w.org\/{rel}","templated":true}]}}