{"id":5474,"date":"2023-08-06T08:19:18","date_gmt":"2023-08-06T05:19:18","guid":{"rendered":"https:\/\/www.cncmarketi.com\/index.php\/product\/dizustu-bilgisayar-mentese-torsiyon-yorgunluk-test-makinesi-otomatik-dizustu-bilgisayar-saft-bukum-test-cihazi\/"},"modified":"2023-08-06T08:59:23","modified_gmt":"2023-08-06T05:59:23","slug":"dizustu-bilgisayar-mentese-torsiyon-yorgunluk-test-makinesi-otomatik-dizustu-bilgisayar-saft-bukum-test-cihazi","status":"publish","type":"product","link":"https:\/\/www.cncmarketi.com\/index.php\/product\/dizustu-bilgisayar-mentese-torsiyon-yorgunluk-test-makinesi-otomatik-dizustu-bilgisayar-saft-bukum-test-cihazi\/","title":{"rendered":"Diz\u00fcst\u00fc Bilgisayar Mente\u015fe Torsiyon Yorgunluk Test Makinesi, Otomatik Diz\u00fcst\u00fc Bilgisayar \u015eaft B\u00fck\u00fcm Test Cihaz\u0131"},"content":{"rendered":"<p>\u63cf\u8ff0<br \/>\nSummary:<br \/>\nNEWGOER Laptop Hinge Torsion Tester is suitable for laptop, ultrabook, monitor and the other electronic products to do the torque test, and the torsion damping life-span test for the hinge. To check the holding capability of the hinge and to check if the plastic body is damage by getting higher resistance of hinge after many opening and closing.<br \/>\nIt can measure the torque value of the shaft every time, record the curve change and draw the curve chart of the decay life of the torque.Using Windows screen Settings, easy to operate, and all data can be stored (test conditions, torsion-angle curve, life curve, inspection report\u2026Etc.).<br \/>\nFeatures:<br \/>\nTest angle between 0-180 \u00b0, the tolerance is within 1 \u00b0, as it is controlled by servo motor driver.<br \/>\nAdopt motor driving up and down testing table, with micro adjusting function and axe centre matching function, to assure effect of test grip and testing accuracy.<br \/>\nAdopt sever motor driver which is low noise, big torque, durable using. Force from both side to keep balance, to make sure stable testing condition.<br \/>\nCan set the pause time, rotating speed (open &#038; close can be set to different speed).<br \/>\nAdvantage:<br \/>\nThe testing conditions are set by computer software ( the parameters include angle range, origin of stroke,testing speed, testing cycles, pause time, stop time after certain cycles ETC )<br \/>\nCan print and record the testing value and graph ( graphs include torque~ angle, torque damping)<br \/>\nThe title,sample name, test date, operator, and file No of the testing report are editable.<br \/>\nThe testing report is Microsoft Access data editing forma, the testing data will be auto inputted, and can be recorded and printed. And can directly print the testing graph in the testing interface.<br \/>\nThe software and the report can be set the range of the testing parameters so that it will automatically just the PASS or FAIL ,and auto measure and display the max torque, Min. torque and average torque and create the graph.<br \/>\nAutomatically record the graphs for torque~ angle, torque damping graph+data testing data for every cycles.<br \/>\nThe torque damping graph: to record every testing cycles and create a graph that can check the damping of the torque related to the testing cycles.<br \/>\nUse servo motor from Panasonic to drive, with 2500r high pulse encoder to make sure the high precision, lower noise, high torque and long life.<br \/>\nUse the original imported high precision torque transducer to measure the torque, the tolerance can be\u00b10.5% FS.<br \/>\nApply the force and equip with axis-center device for double sides that can guarantee the low vibration and high torque collection, and make sure the testing precision for hinge.<br \/>\nSpecifications:<br \/>\nTesting space<br \/>\nCan test the laptop with10~13.3inch screen<br \/>\nCapacity<br \/>\n50kgf.cm<br \/>\nMin.display torque<br \/>\n0.01kgf.cm<br \/>\nMin. Display angle<br \/>\n0.5 \u00b0<br \/>\nTesting angle range<br \/>\n0~180 \u00b0<br \/>\nTesting speed range<br \/>\n0~200 rmp<br \/>\nMotor<br \/>\nServo motor<br \/>\nMachine size<br \/>\nApprox 850*650*780mm<br \/>\nWeight<br \/>\nApprox 120kg<br \/>\nPower<br \/>\nAC220V, 60Hz<\/p>\n","protected":false},"excerpt":{"rendered":"<p>\u63cf\u8ff0 Summary: NEWGOER Laptop Hinge Torsion Tester is suitable for laptop, ultrabook, monitor and the other electronic products to do the torque test, and the&#8230;<\/p>\n","protected":false},"featured_media":5468,"comment_status":"open","ping_status":"closed","template":"","meta":[],"etheme_brands":[{"term_id":67,"name":"Newgoer","slug":"newgoer","term_group":0,"term_taxonomy_id":67,"taxonomy":"brand","description":"","parent":0,"count":271,"filter":"raw"}],"product_cat":[64],"product_tag":[],"_links":{"self":[{"href":"https:\/\/www.cncmarketi.com\/index.php\/wp-json\/wp\/v2\/product\/5474"}],"collection":[{"href":"https:\/\/www.cncmarketi.com\/index.php\/wp-json\/wp\/v2\/product"}],"about":[{"href":"https:\/\/www.cncmarketi.com\/index.php\/wp-json\/wp\/v2\/types\/product"}],"replies":[{"embeddable":true,"href":"https:\/\/www.cncmarketi.com\/index.php\/wp-json\/wp\/v2\/comments?post=5474"}],"version-history":[{"count":0,"href":"https:\/\/www.cncmarketi.com\/index.php\/wp-json\/wp\/v2\/product\/5474\/revisions"}],"wp:featuredmedia":[{"embeddable":true,"href":"https:\/\/www.cncmarketi.com\/index.php\/wp-json\/wp\/v2\/media\/5468"}],"wp:attachment":[{"href":"https:\/\/www.cncmarketi.com\/index.php\/wp-json\/wp\/v2\/media?parent=5474"}],"wp:term":[{"taxonomy":"brand","embeddable":true,"href":"https:\/\/www.cncmarketi.com\/index.php\/wp-json\/wp\/v2\/etheme_brands?post=5474"},{"taxonomy":"product_cat","embeddable":true,"href":"https:\/\/www.cncmarketi.com\/index.php\/wp-json\/wp\/v2\/product_cat?post=5474"},{"taxonomy":"product_tag","embeddable":true,"href":"https:\/\/www.cncmarketi.com\/index.php\/wp-json\/wp\/v2\/product_tag?post=5474"}],"curies":[{"name":"wp","href":"https:\/\/api.w.org\/{rel}","templated":true}]}}