{"id":5467,"date":"2023-08-06T08:19:08","date_gmt":"2023-08-06T05:19:08","guid":{"rendered":"https:\/\/www.cncmarketi.com\/index.php\/product\/dizustu-bilgisayar-mentese-life-test-cihazi-cep-telefonu-kapagi-bukme-test-cihazi\/"},"modified":"2023-08-06T08:59:23","modified_gmt":"2023-08-06T05:59:23","slug":"dizustu-bilgisayar-mentese-life-test-cihazi-cep-telefonu-kapagi-bukme-test-cihazi","status":"publish","type":"product","link":"https:\/\/www.cncmarketi.com\/index.php\/product\/dizustu-bilgisayar-mentese-life-test-cihazi-cep-telefonu-kapagi-bukme-test-cihazi\/","title":{"rendered":"Diz\u00fcst\u00fc bilgisayar mente\u015fe Life test cihaz\u0131, cep telefonu kapa\u011f\u0131 b\u00fckme test cihaz\u0131"},"content":{"rendered":"<p>Laptop Hinge Life Tester, Mobile Phone Cover Bending Tester<br \/>\nModel<br \/>\nNG-223<br \/>\nMOQ<br \/>\n1 Set<br \/>\nLead Time<br \/>\n3-15 Working Days<br \/>\nCountry of Origin<br \/>\nChina<br \/>\nPackage<br \/>\nStandard Export Wooden Box<br \/>\nOEM &#038; ODM<br \/>\nSupport<br \/>\n\u63cf\u8ff0<br \/>\n\u7528\u6237\u8bc4\u8bba (0)<br \/>\n\u63cf\u8ff0<br \/>\nSummary:<br \/>\nThis Laptop Hinge Life Tester is applicable to test the torsion life of LCD MONITOR, all-in-one PC and TV HINGE, it can simulate a LCD MONITOR to swing back and forth repeatedly so as to test whether its spindle still has retention, whether it will damage the plastic body due to the increase of spindle resistance. In a word, this is a good system for HINGE and finished product manufactures to improve the quality of their products. To check the holding capability of the hinge and to check if the plastic body is damage by getting higher resistance of hinge after many opening and closing.<br \/>\nSpecifications:<br \/>\nTest Angle<br \/>\n5 ~ 180 degrees (Adjustable)<br \/>\nDisplay<br \/>\nTouch Screen Controller<br \/>\nSwing speed<br \/>\nAdjustable, MAX 15 times\/min (for 180\u00b0)<br \/>\nTest times<br \/>\n0~ 999999 (can be setting)<br \/>\nSpeed setting<br \/>\nStepless speed adjusting<br \/>\nPower Supply<br \/>\nAC 220V 50\/60Hz<br \/>\nSpecifications:<br \/>\nTest Angle<br \/>\n5 ~ 180 degrees (Adjustable)<br \/>\nDisplay<br \/>\nTouch Screen Controller<br \/>\nSwing speed<br \/>\nAdjustable, MAX 15 times\/min (for 180\u00b0)<br \/>\nTest times<br \/>\n0~ 999999 (can be setting)<br \/>\nSpeed setting<br \/>\nStepless speed adjusting<br \/>\nPower Supply<br \/>\nAC 220V 50\/60Hz<\/p>\n","protected":false},"excerpt":{"rendered":"<p>Laptop Hinge Life Tester, Mobile Phone Cover Bending Tester Model NG-223 MOQ 1 Set Lead Time 3-15 Working Days Country of Origin China Package Standard&#8230;<\/p>\n","protected":false},"featured_media":5462,"comment_status":"open","ping_status":"closed","template":"","meta":[],"etheme_brands":[{"term_id":67,"name":"Newgoer","slug":"newgoer","term_group":0,"term_taxonomy_id":67,"taxonomy":"brand","description":"","parent":0,"count":271,"filter":"raw"}],"product_cat":[64],"product_tag":[],"_links":{"self":[{"href":"https:\/\/www.cncmarketi.com\/index.php\/wp-json\/wp\/v2\/product\/5467"}],"collection":[{"href":"https:\/\/www.cncmarketi.com\/index.php\/wp-json\/wp\/v2\/product"}],"about":[{"href":"https:\/\/www.cncmarketi.com\/index.php\/wp-json\/wp\/v2\/types\/product"}],"replies":[{"embeddable":true,"href":"https:\/\/www.cncmarketi.com\/index.php\/wp-json\/wp\/v2\/comments?post=5467"}],"version-history":[{"count":0,"href":"https:\/\/www.cncmarketi.com\/index.php\/wp-json\/wp\/v2\/product\/5467\/revisions"}],"wp:featuredmedia":[{"embeddable":true,"href":"https:\/\/www.cncmarketi.com\/index.php\/wp-json\/wp\/v2\/media\/5462"}],"wp:attachment":[{"href":"https:\/\/www.cncmarketi.com\/index.php\/wp-json\/wp\/v2\/media?parent=5467"}],"wp:term":[{"taxonomy":"brand","embeddable":true,"href":"https:\/\/www.cncmarketi.com\/index.php\/wp-json\/wp\/v2\/etheme_brands?post=5467"},{"taxonomy":"product_cat","embeddable":true,"href":"https:\/\/www.cncmarketi.com\/index.php\/wp-json\/wp\/v2\/product_cat?post=5467"},{"taxonomy":"product_tag","embeddable":true,"href":"https:\/\/www.cncmarketi.com\/index.php\/wp-json\/wp\/v2\/product_tag?post=5467"}],"curies":[{"name":"wp","href":"https:\/\/api.w.org\/{rel}","templated":true}]}}