{"id":5426,"date":"2023-08-06T08:18:23","date_gmt":"2023-08-06T05:18:23","guid":{"rendered":"https:\/\/www.cncmarketi.com\/index.php\/product\/knob-switch-life-tester-doner-anahtar-dondurme-yasam-yorgunluk-test-cihazi\/"},"modified":"2023-08-06T08:59:23","modified_gmt":"2023-08-06T05:59:23","slug":"knob-switch-life-tester-doner-anahtar-dondurme-yasam-yorgunluk-test-cihazi","status":"publish","type":"product","link":"https:\/\/www.cncmarketi.com\/index.php\/product\/knob-switch-life-tester-doner-anahtar-dondurme-yasam-yorgunluk-test-cihazi\/","title":{"rendered":"Knob Switch Life Tester, D\u00f6ner Anahtar D\u00f6nd\u00fcrme Ya\u015fam Yorgunluk Test Cihaz\u0131"},"content":{"rendered":"<p>\u63cf\u8ff0<br \/>\nSummary:<br \/>\nThe knob switch life testing machine is suitable for testing the mechanical life of household and similar switch products. It can perform the life testing of all kinds of rotary switches.The rotary switch life tester is mainly used to test the life of limit switch, transfer switch, travel switch, band switch, potentiometer rotary switch, rotary tap switch, encoder rotary switch and other rotary switches.It can simulate the reliability of product quality after a certain number of switches in actual work, so as to improve product quality and provide a reliable basis for product research and development. Professional fixture design, humanized scientific operation, can meet the different test needs of different customers<br \/>\nFeatures:<br \/>\nAdopting LCD touch screen +PLC as distortion program control, English-Chinese interface are switchable, easy to operate;<br \/>\nStepper motor drive, accurate positioning, stable torque output, low noise;<br \/>\nThe platform is designed with a up and down adjustment platform, which can facilitate the clamping positioning and improve the test efficiency.<br \/>\nProfessional fixture design or custom-made fixtures to fit different samples.<br \/>\nSpecifications:<br \/>\nTest Station<br \/>\n1, 2 test stations (for optional or customize)<br \/>\nTest Times<br \/>\n0~999999 times<br \/>\nTest Speed<br \/>\n5~90 times \/ minutes<br \/>\nTest Angle<br \/>\n0~360\u00b0Adjustable<br \/>\nDisplay<br \/>\nTouch Screen<br \/>\nFixture<br \/>\nStandard or Support custom-made<br \/>\nPower<br \/>\n220V, 50\/60 Hz<\/p>\n","protected":false},"excerpt":{"rendered":"<p>\u63cf\u8ff0 Summary: The knob switch life testing machine is suitable for testing the mechanical life of household and similar switch products. It can perform the&#8230;<\/p>\n","protected":false},"featured_media":5420,"comment_status":"open","ping_status":"closed","template":"","meta":[],"etheme_brands":[{"term_id":67,"name":"Newgoer","slug":"newgoer","term_group":0,"term_taxonomy_id":67,"taxonomy":"brand","description":"","parent":0,"count":271,"filter":"raw"}],"product_cat":[64],"product_tag":[],"_links":{"self":[{"href":"https:\/\/www.cncmarketi.com\/index.php\/wp-json\/wp\/v2\/product\/5426"}],"collection":[{"href":"https:\/\/www.cncmarketi.com\/index.php\/wp-json\/wp\/v2\/product"}],"about":[{"href":"https:\/\/www.cncmarketi.com\/index.php\/wp-json\/wp\/v2\/types\/product"}],"replies":[{"embeddable":true,"href":"https:\/\/www.cncmarketi.com\/index.php\/wp-json\/wp\/v2\/comments?post=5426"}],"version-history":[{"count":0,"href":"https:\/\/www.cncmarketi.com\/index.php\/wp-json\/wp\/v2\/product\/5426\/revisions"}],"wp:featuredmedia":[{"embeddable":true,"href":"https:\/\/www.cncmarketi.com\/index.php\/wp-json\/wp\/v2\/media\/5420"}],"wp:attachment":[{"href":"https:\/\/www.cncmarketi.com\/index.php\/wp-json\/wp\/v2\/media?parent=5426"}],"wp:term":[{"taxonomy":"brand","embeddable":true,"href":"https:\/\/www.cncmarketi.com\/index.php\/wp-json\/wp\/v2\/etheme_brands?post=5426"},{"taxonomy":"product_cat","embeddable":true,"href":"https:\/\/www.cncmarketi.com\/index.php\/wp-json\/wp\/v2\/product_cat?post=5426"},{"taxonomy":"product_tag","embeddable":true,"href":"https:\/\/www.cncmarketi.com\/index.php\/wp-json\/wp\/v2\/product_tag?post=5426"}],"curies":[{"name":"wp","href":"https:\/\/api.w.org\/{rel}","templated":true}]}}