{"id":5412,"date":"2023-08-06T08:18:10","date_gmt":"2023-08-06T05:18:10","guid":{"rendered":"https:\/\/www.cncmarketi.com\/index.php\/product\/anahtar-ve-dugme-yasam-yorgunluk-test-cihazi-anahtar-dugmesi-yasam-zamani-test-makinesi\/"},"modified":"2023-09-05T20:27:25","modified_gmt":"2023-09-05T17:27:25","slug":"anahtar-ve-dugme-yasam-yorgunluk-test-cihazi-anahtar-dugmesi-yasam-zamani-test-makinesi","status":"publish","type":"product","link":"https:\/\/www.cncmarketi.com\/index.php\/product\/anahtar-ve-dugme-yasam-yorgunluk-test-cihazi-anahtar-dugmesi-yasam-zamani-test-makinesi\/","title":{"rendered":"Anahtar ve D\u00fc\u011fme Ya\u015fam Yorgunluk Test Cihaz\u0131, Anahtar D\u00fc\u011fmesi Ya\u015fam Zaman\u0131 Test Makinesi"},"content":{"rendered":"<p>Key and Button Life Fatigue Tester, Switch Button Lifetime Testing Machine<br \/>\nModel<br \/>\nNG-211<br \/>\nMOQ<br \/>\n1 Set<br \/>\nLead Time<br \/>\n3-15 Working Days<br \/>\nCountry of Origin<br \/>\nChina<br \/>\nPackage<br \/>\nStandard Export Wooden Box<br \/>\nOEM &#038; ODM<br \/>\nSupport<br \/>\n\u63cf\u8ff0<br \/>\n\u7528\u6237\u8bc4\u8bba (0)<br \/>\n\u63cf\u8ff0<br \/>\nSummary:<br \/>\nPhone keys striking life aging test machine is suitable for striking life aging test of button switches, computer keyboards, conductive rubber keypads, metal shrapnel keys (commonly known as\u201d pot son\u201d) or the same type of buttons and keys. The advanced programmable controllers will supervise the entire progress of key life test.<br \/>\nPrinciple:<br \/>\nPhone keys striking life aging test machine use motor drive eccentric make connecting rod moves up and down, back and forth to hit the button; Set the counter test times, thus to determine the stand or fall of silicone buttons.<br \/>\nFeatures:<br \/>\n1. This machine adopts mechanical and reciprocating design. At the same time, it is equipped with motor drive. Its upper and lower compression institutions adopt motion method of linear bearing. Its positioning test is accurate and running is stable;<br \/>\n2. It adopts LED digital counter (touch screen controller be optional), its biggest counting number can up to 99999999 times;<br \/>\n3. It adopts LED digital speedometer, and it can observe test speed directly;<br \/>\n4. Low voltage, safe and reliable;<br \/>\nThe operation is simple and detection is accurate.<br \/>\nSpecifications<br \/>\nModel<br \/>\nNG-211<br \/>\nTesting station<br \/>\n1,3,5 station be optional<br \/>\n(Work at the same time, independent control setting)<br \/>\nDurable speed<br \/>\n1-6 rounds\/s OR speed adjustable<br \/>\nTest pressure<br \/>\nMAX load: 2kgf, loaded weight adjustable<br \/>\nUp and down stroke<br \/>\n10mm<br \/>\nThe amount of movement in the test bench<br \/>\n80 * 80mm<br \/>\nThe panel size<br \/>\n50mm<br \/>\nThe impact way of movement<br \/>\nup and down compression using linear bearing motion,accurate positioning<br \/>\nConductive test button<br \/>\nAutomatic stopping devices if the keys non-conductive and destroyed<br \/>\nAutomatic stop device can be set to 8 digits<br \/>\n99999999 times automatic shutdown<br \/>\nTouch warming lights<br \/>\nconnected by touch probe with metal reeds<\/p>\n","protected":false},"excerpt":{"rendered":"<p>Key and Button Life Fatigue Tester, Switch Button Lifetime Testing Machine Model NG-211 MOQ 1 Set Lead Time 3-15 Working Days Country of Origin China&#8230;<\/p>\n","protected":false},"featured_media":5406,"comment_status":"open","ping_status":"closed","template":"","meta":[],"etheme_brands":[{"term_id":67,"name":"Newgoer","slug":"newgoer","term_group":0,"term_taxonomy_id":67,"taxonomy":"brand","description":"","parent":0,"count":271,"filter":"raw"}],"product_cat":[64],"product_tag":[],"_links":{"self":[{"href":"https:\/\/www.cncmarketi.com\/index.php\/wp-json\/wp\/v2\/product\/5412"}],"collection":[{"href":"https:\/\/www.cncmarketi.com\/index.php\/wp-json\/wp\/v2\/product"}],"about":[{"href":"https:\/\/www.cncmarketi.com\/index.php\/wp-json\/wp\/v2\/types\/product"}],"replies":[{"embeddable":true,"href":"https:\/\/www.cncmarketi.com\/index.php\/wp-json\/wp\/v2\/comments?post=5412"}],"version-history":[{"count":0,"href":"https:\/\/www.cncmarketi.com\/index.php\/wp-json\/wp\/v2\/product\/5412\/revisions"}],"wp:featuredmedia":[{"embeddable":true,"href":"https:\/\/www.cncmarketi.com\/index.php\/wp-json\/wp\/v2\/media\/5406"}],"wp:attachment":[{"href":"https:\/\/www.cncmarketi.com\/index.php\/wp-json\/wp\/v2\/media?parent=5412"}],"wp:term":[{"taxonomy":"brand","embeddable":true,"href":"https:\/\/www.cncmarketi.com\/index.php\/wp-json\/wp\/v2\/etheme_brands?post=5412"},{"taxonomy":"product_cat","embeddable":true,"href":"https:\/\/www.cncmarketi.com\/index.php\/wp-json\/wp\/v2\/product_cat?post=5412"},{"taxonomy":"product_tag","embeddable":true,"href":"https:\/\/www.cncmarketi.com\/index.php\/wp-json\/wp\/v2\/product_tag?post=5412"}],"curies":[{"name":"wp","href":"https:\/\/api.w.org\/{rel}","templated":true}]}}