{"id":5398,"date":"2023-08-06T08:17:54","date_gmt":"2023-08-06T05:17:54","guid":{"rendered":"https:\/\/www.cncmarketi.com\/index.php\/product\/dahili-kat-bond-test-makinesi-kagit-ic-direnc-bag-gucu-test-cihazi\/"},"modified":"2023-08-06T08:59:23","modified_gmt":"2023-08-06T05:59:23","slug":"dahili-kat-bond-test-makinesi-kagit-ic-direnc-bag-gucu-test-cihazi","status":"publish","type":"product","link":"https:\/\/www.cncmarketi.com\/index.php\/product\/dahili-kat-bond-test-makinesi-kagit-ic-direnc-bag-gucu-test-cihazi\/","title":{"rendered":"Dahili Kat Bond Test Makinesi, Ka\u011f\u0131t \u0130\u00e7 Diren\u00e7 Ba\u011f G\u00fcc\u00fc Test Cihaz\u0131"},"content":{"rendered":"<p>Internal Ply Bond Testing Machine, Paper Internal Resistance Bond Strength Tester<br \/>\nModel<br \/>\nNG-617<br \/>\nMOQ<br \/>\n1 Set<br \/>\nLead Time<br \/>\n3-15 Working Days<br \/>\nCountry of Origin<br \/>\nChina<br \/>\nPackage<br \/>\nStandard Export Wooden Box<br \/>\nOEM &#038; ODM<br \/>\nSupport<br \/>\n\u63cf\u8ff0<br \/>\n\u7528\u6237\u8bc4\u8bba (0)<br \/>\n\u63cf\u8ff0<br \/>\nSummary:<br \/>\nInternal Ply Bond Tester For Paperboard is a special testing equipment specially used to<br \/>\ndetect the adhesion between layers and layers of multi-layer composite sheet material. It is<br \/>\nwidely used in paper packaging industry. For example, interlayer bonding of bobbin base<br \/>\npaper, interlayer bonding of whiteboard paper, interlayer bonding of kraft paperboard, interlayer bonding of cardboard paper, aluminum foil composite packaging material etc.<br \/>\nStandard:<br \/>\nGB\/T 26203-2010: Paper and board\u2015Determination of internal bond strength(Scott type)<br \/>\nTAPPI T569pm-00: Internal bond strength (Scott type)<br \/>\nTAPPI T833pm-94<br \/>\nApplicaions:<br \/>\nIt can be used for interlamination of yarn tube base paper, interlamination of white paper, interlamination of kraft paper, interlamination of carton paper and aluminum foil<br \/>\nSpecifications:<br \/>\nPunch angle<br \/>\n90\u00b0<br \/>\nResolution<br \/>\n0.001lbf\/in2<br \/>\nMeasuring range<br \/>\nA: (20-500) J\/m2 (standard)<br \/>\nB: (500~1000) J\/m2<br \/>\nC: (1000~1500) J\/m2 (optional)<br \/>\nAccuracy<br \/>\nA: \u00b11J\/m2<br \/>\nB\/C: \u00b12J\/m2\u3002<br \/>\nSize of sample<br \/>\n25.4mm\u00d725.4mm<br \/>\nSample clamping force<br \/>\n0~400N Adjustable<br \/>\nUnit<br \/>\nJ\/m2\u3001lbf\/in2 interchange<br \/>\nRelease method<br \/>\nManual \/<br \/>\nAutomatic (optional)<br \/>\nInterface<br \/>\n3.2in LCD Screen<br \/>\nPrinter<br \/>\nModular integrated thermal printer<br \/>\nPower Supply<br \/>\nAC220V\u00b122V\uff0c50Hz<br \/>\nWeight<br \/>\n62kg<br \/>\nOptional function<br \/>\nComputer connection software<\/p>\n","protected":false},"excerpt":{"rendered":"<p>Internal Ply Bond Testing Machine, Paper Internal Resistance Bond Strength Tester Model NG-617 MOQ 1 Set Lead Time 3-15 Working Days Country of Origin China&#8230;<\/p>\n","protected":false},"featured_media":5392,"comment_status":"open","ping_status":"closed","template":"","meta":[],"etheme_brands":[{"term_id":67,"name":"Newgoer","slug":"newgoer","term_group":0,"term_taxonomy_id":67,"taxonomy":"brand","description":"","parent":0,"count":271,"filter":"raw"}],"product_cat":[64],"product_tag":[],"_links":{"self":[{"href":"https:\/\/www.cncmarketi.com\/index.php\/wp-json\/wp\/v2\/product\/5398"}],"collection":[{"href":"https:\/\/www.cncmarketi.com\/index.php\/wp-json\/wp\/v2\/product"}],"about":[{"href":"https:\/\/www.cncmarketi.com\/index.php\/wp-json\/wp\/v2\/types\/product"}],"replies":[{"embeddable":true,"href":"https:\/\/www.cncmarketi.com\/index.php\/wp-json\/wp\/v2\/comments?post=5398"}],"version-history":[{"count":0,"href":"https:\/\/www.cncmarketi.com\/index.php\/wp-json\/wp\/v2\/product\/5398\/revisions"}],"wp:featuredmedia":[{"embeddable":true,"href":"https:\/\/www.cncmarketi.com\/index.php\/wp-json\/wp\/v2\/media\/5392"}],"wp:attachment":[{"href":"https:\/\/www.cncmarketi.com\/index.php\/wp-json\/wp\/v2\/media?parent=5398"}],"wp:term":[{"taxonomy":"brand","embeddable":true,"href":"https:\/\/www.cncmarketi.com\/index.php\/wp-json\/wp\/v2\/etheme_brands?post=5398"},{"taxonomy":"product_cat","embeddable":true,"href":"https:\/\/www.cncmarketi.com\/index.php\/wp-json\/wp\/v2\/product_cat?post=5398"},{"taxonomy":"product_tag","embeddable":true,"href":"https:\/\/www.cncmarketi.com\/index.php\/wp-json\/wp\/v2\/product_tag?post=5398"}],"curies":[{"name":"wp","href":"https:\/\/api.w.org\/{rel}","templated":true}]}}