{"id":5391,"date":"2023-08-06T08:17:47","date_gmt":"2023-08-06T05:17:47","guid":{"rendered":"https:\/\/www.cncmarketi.com\/index.php\/product\/iultcs-surtunme-renkli-siklik-test-makinesi-iultcs-deri-askilama-test-cihazi\/"},"modified":"2023-08-06T08:59:23","modified_gmt":"2023-08-06T05:59:23","slug":"iultcs-surtunme-renkli-siklik-test-makinesi-iultcs-deri-askilama-test-cihazi","status":"publish","type":"product","link":"https:\/\/www.cncmarketi.com\/index.php\/product\/iultcs-surtunme-renkli-siklik-test-makinesi-iultcs-deri-askilama-test-cihazi\/","title":{"rendered":"IULTCS S\u00fcrt\u00fcnme Renkli S\u0131kl\u0131k Test Makinesi, IULTCS Deri A\u015fk\u0131lama Test Cihaz\u0131"},"content":{"rendered":"<p>IULTCS Rubbing Color Fastness Testing Machine, IULTCS Leather Abrasion Tester<br \/>\nModel<br \/>\nNG-332<br \/>\nMOQ<br \/>\n1 Set<br \/>\nLead Time<br \/>\n3-15 Working Days<br \/>\nCountry of Origin<br \/>\nChina<br \/>\nPackage<br \/>\nStandard Export Wooden Box<br \/>\nOEM &#038; ODM<br \/>\nSupport<br \/>\n\u63cf\u8ff0<br \/>\n\u7528\u6237\u8bc4\u8bba (0)<br \/>\n\u63cf\u8ff0<br \/>\nSummary:<br \/>\nThis machine is designed for determining the colorfastness of leather, plastics and textile materials.The colorfastness is assessed by checking change in color of the specimen and<br \/>\nstain of the felt after rubbing the specimen. Both dry and wet tests can be made by this machine, which has the memory function<br \/>\nFeatures:<br \/>\nThe Leather Friction Color Fastness Rubbing Tester is the working table driven by motor with specified speed and standard pressure to do reciprocating linear motion, the motor automatically stop if it arrives the specified number<br \/>\nApplicable industry:<br \/>\nThis Tester applied to test leather property in shoes, clothing, luggage handbag industry, research laborators,Commodity inspection, arbitration and technical supervision department<br \/>\nCorresponding standard :<br \/>\nISO-11640: Leather \u2014 Tests for colour fastness \u2014 Colour fastness to cycles of to-and-fro rubbing<br \/>\nSATRA TM173: Colour fastness to rubbing \u2013 Reciprocating method<br \/>\nDIN EN 13516: Test methods for uppers, linings and insocks \u2013 Colour fastness to rubbing<br \/>\nEtc\u2026<br \/>\nThis IULTCS Color Fastness Tester can conform to but not limit to the standard above,<br \/>\nfor more standard conformance, please contact us.<br \/>\nTechnical parameters:<br \/>\nModel<br \/>\nIULTCS Rubbing Leather Color Fastness Tester<br \/>\nSpecimen size<br \/>\n120*20mm<br \/>\nTesting block size<br \/>\n15*15 mm (option purchase)<br \/>\nPillar load<br \/>\n500g<br \/>\nLoad weight<br \/>\n500g<br \/>\nTesting table range<br \/>\n35 \u00b1 2 mm<br \/>\nSpeed of abrasive head<br \/>\n40 \u00b1 2 cpm<br \/>\nCounter<br \/>\nLCD, 0~999999<br \/>\nVolume<br \/>\n30.5 * 43 * 47.5cm<br \/>\nPower<br \/>\n220V, 50Hz<br \/>\nNEWGOER is a professional manufacturer for various test equipment, we denote ourselves to making best quality products and service for providing you a suitable solution<\/p>\n","protected":false},"excerpt":{"rendered":"<p>IULTCS Rubbing Color Fastness Testing Machine, IULTCS Leather Abrasion Tester Model NG-332 MOQ 1 Set Lead Time 3-15 Working Days Country of Origin China Package&#8230;<\/p>\n","protected":false},"featured_media":5385,"comment_status":"open","ping_status":"closed","template":"","meta":[],"etheme_brands":[{"term_id":67,"name":"Newgoer","slug":"newgoer","term_group":0,"term_taxonomy_id":67,"taxonomy":"brand","description":"","parent":0,"count":271,"filter":"raw"}],"product_cat":[64],"product_tag":[],"_links":{"self":[{"href":"https:\/\/www.cncmarketi.com\/index.php\/wp-json\/wp\/v2\/product\/5391"}],"collection":[{"href":"https:\/\/www.cncmarketi.com\/index.php\/wp-json\/wp\/v2\/product"}],"about":[{"href":"https:\/\/www.cncmarketi.com\/index.php\/wp-json\/wp\/v2\/types\/product"}],"replies":[{"embeddable":true,"href":"https:\/\/www.cncmarketi.com\/index.php\/wp-json\/wp\/v2\/comments?post=5391"}],"version-history":[{"count":0,"href":"https:\/\/www.cncmarketi.com\/index.php\/wp-json\/wp\/v2\/product\/5391\/revisions"}],"wp:featuredmedia":[{"embeddable":true,"href":"https:\/\/www.cncmarketi.com\/index.php\/wp-json\/wp\/v2\/media\/5385"}],"wp:attachment":[{"href":"https:\/\/www.cncmarketi.com\/index.php\/wp-json\/wp\/v2\/media?parent=5391"}],"wp:term":[{"taxonomy":"brand","embeddable":true,"href":"https:\/\/www.cncmarketi.com\/index.php\/wp-json\/wp\/v2\/etheme_brands?post=5391"},{"taxonomy":"product_cat","embeddable":true,"href":"https:\/\/www.cncmarketi.com\/index.php\/wp-json\/wp\/v2\/product_cat?post=5391"},{"taxonomy":"product_tag","embeddable":true,"href":"https:\/\/www.cncmarketi.com\/index.php\/wp-json\/wp\/v2\/product_tag?post=5391"}],"curies":[{"name":"wp","href":"https:\/\/api.w.org\/{rel}","templated":true}]}}