{"id":5384,"date":"2023-08-06T08:17:38","date_gmt":"2023-08-06T05:17:38","guid":{"rendered":"https:\/\/www.cncmarketi.com\/index.php\/product\/ista-6-kelepleme-kuvvetleri-test-makinesi-yatay-sikistirma-test-cihazi\/"},"modified":"2023-08-06T08:59:23","modified_gmt":"2023-08-06T05:59:23","slug":"ista-6-kelepleme-kuvvetleri-test-makinesi-yatay-sikistirma-test-cihazi","status":"publish","type":"product","link":"https:\/\/www.cncmarketi.com\/index.php\/product\/ista-6-kelepleme-kuvvetleri-test-makinesi-yatay-sikistirma-test-cihazi\/","title":{"rendered":"ISTA 6 Kelepleme Kuvvetleri Test Makinesi, Yatay S\u0131k\u0131\u015ft\u0131rma Test Cihaz\u0131"},"content":{"rendered":"<p>ISTA 6 Clamping Force Testing Machine, Horizontal Compression Tester<br \/>\nModel<br \/>\nNG-607<br \/>\nMOQ<br \/>\n1 Set<br \/>\nLead Time<br \/>\n3-15 Working Days<br \/>\nCountry of Origin<br \/>\nChina<br \/>\nPackage<br \/>\nStandard Export Wooden Box<br \/>\nOEM &#038; ODM<br \/>\nSupport<br \/>\n\u63cf\u8ff0<br \/>\n\u7528\u6237\u8bc4\u8bba (0)<br \/>\n\u63cf\u8ff0<br \/>\nSummary:<br \/>\nClamping force testing machine is designed to measure the deflections of product packages and protective capacity of packages for product when suffering level pressure in the process of transportation and storage to improve the quality of product package.<br \/>\nIt is suitable for the packing of kitchen ware, furniture, household appliances, toys and other<br \/>\nfinished products, especially for the clamping strength test of the packing pieces required by<br \/>\nSEARS in the United States.<br \/>\nStandard:<br \/>\nISTA 6 SERIES: Member Performance Tests.<br \/>\nASTM D-642<br \/>\nASTM D6055<br \/>\nMain Features:<br \/>\n* The clamping force use the combination of ball screw and servo motor, and the output is stable and controllable.<br \/>\n* Clamping force is directly set on the operation interface, real-time display in the working process, real-time monitoring and adjustment of software<br \/>\n* The rise and fall of the plywood use the wire rod motor mechanism, the rise and fall is stable, with the height grating ruler, makes the height control easier and accurate<br \/>\n* Safety Protect: Overload protection, over voltage protection &#038; limited position protection device<br \/>\nSpecifications:<br \/>\nMax. Force<br \/>\n500kg (customized)<br \/>\nMotor<br \/>\nPanasonic Servo Motor<br \/>\nClamping pressure force<br \/>\nAccording to the transport diagram on the test sample, the operator can add 400~3000Lb (adjustable) pressure force on the corresponding surface<br \/>\nClamping board size<br \/>\n1200*1200mm<br \/>\nClamping board adjustable height<br \/>\n0~1000mm<br \/>\nLifting speed<br \/>\n10-305mm\/min<br \/>\nClamping board expansion width<br \/>\n200~2000mm<br \/>\nBaseboard dimension<br \/>\n1500*1500mm<br \/>\nAccuracy<br \/>\nwithin \u00b15%<br \/>\nClamping board requirement<br \/>\nMake sure the two clamping board are flat, parallel and non-deform under the work condition(2000Pound) and clamp board and land are vertical. Clamping board thickness no less than 25mm.<br \/>\nController<br \/>\nTouch screen<br \/>\nSafety features<br \/>\nE-Stop<br \/>\nOver-load protection<br \/>\nUpper and lower limit switches<br \/>\nLoad sensor with automatic retreat<br \/>\nPower<br \/>\nAC380V, 50Hz<\/p>\n","protected":false},"excerpt":{"rendered":"<p>ISTA 6 Clamping Force Testing Machine, Horizontal Compression Tester Model NG-607 MOQ 1 Set Lead Time 3-15 Working Days Country of Origin China Package Standard&#8230;<\/p>\n","protected":false},"featured_media":5378,"comment_status":"open","ping_status":"closed","template":"","meta":[],"etheme_brands":[{"term_id":67,"name":"Newgoer","slug":"newgoer","term_group":0,"term_taxonomy_id":67,"taxonomy":"brand","description":"","parent":0,"count":271,"filter":"raw"}],"product_cat":[64],"product_tag":[],"_links":{"self":[{"href":"https:\/\/www.cncmarketi.com\/index.php\/wp-json\/wp\/v2\/product\/5384"}],"collection":[{"href":"https:\/\/www.cncmarketi.com\/index.php\/wp-json\/wp\/v2\/product"}],"about":[{"href":"https:\/\/www.cncmarketi.com\/index.php\/wp-json\/wp\/v2\/types\/product"}],"replies":[{"embeddable":true,"href":"https:\/\/www.cncmarketi.com\/index.php\/wp-json\/wp\/v2\/comments?post=5384"}],"version-history":[{"count":0,"href":"https:\/\/www.cncmarketi.com\/index.php\/wp-json\/wp\/v2\/product\/5384\/revisions"}],"wp:featuredmedia":[{"embeddable":true,"href":"https:\/\/www.cncmarketi.com\/index.php\/wp-json\/wp\/v2\/media\/5378"}],"wp:attachment":[{"href":"https:\/\/www.cncmarketi.com\/index.php\/wp-json\/wp\/v2\/media?parent=5384"}],"wp:term":[{"taxonomy":"brand","embeddable":true,"href":"https:\/\/www.cncmarketi.com\/index.php\/wp-json\/wp\/v2\/etheme_brands?post=5384"},{"taxonomy":"product_cat","embeddable":true,"href":"https:\/\/www.cncmarketi.com\/index.php\/wp-json\/wp\/v2\/product_cat?post=5384"},{"taxonomy":"product_tag","embeddable":true,"href":"https:\/\/www.cncmarketi.com\/index.php\/wp-json\/wp\/v2\/product_tag?post=5384"}],"curies":[{"name":"wp","href":"https:\/\/api.w.org\/{rel}","templated":true}]}}