{"id":5370,"date":"2023-08-06T08:17:19","date_gmt":"2023-08-06T05:17:19","guid":{"rendered":"https:\/\/www.cncmarketi.com\/index.php\/product\/ip56-kum-tozu-direnc-testi-odasi-ip-kum-tozu-gecirmez-test-cihazi\/"},"modified":"2023-08-06T08:59:23","modified_gmt":"2023-08-06T05:59:23","slug":"ip56-kum-tozu-direnc-testi-odasi-ip-kum-tozu-gecirmez-test-cihazi","status":"publish","type":"product","link":"https:\/\/www.cncmarketi.com\/index.php\/product\/ip56-kum-tozu-direnc-testi-odasi-ip-kum-tozu-gecirmez-test-cihazi\/","title":{"rendered":"IP56 Kum Tozu Diren\u00e7 Testi Odas\u0131, IP Kum Tozu ge\u00e7irmez test cihaz\u0131"},"content":{"rendered":"<p>\u63cf\u8ff0<br \/>\nSummary:<br \/>\nIP5X IP6X Sand Dust Testing Machine is designed according to GB4706, GB2423, GB7000.1, IEC60529,ect standards and meet the IP5 and IP6 dust test requirements. It is maily used for testing control cabinet, household appliances, low voltage electric appliance, automobile, lamps and lanterns, motorcycle parts,ect outer shells. Test chamber pressure can be constant and changed, suitable for indoor low concentration dust pollution test, assessment sample in this environment of sealing and corrosion degree.<br \/>\nFeatures:<br \/>\nThe main controller LCD touch screen, can do programmable test<br \/>\nPLC complex man-machine interface control, contrived moving time, rest time and power-on time setting.<br \/>\nmultiple sets of test procedures can be planned in the interface, and each group can be arbitrarily set the desired action, easy to operate.<br \/>\nIf a fault occurs in the operation of various signals are written records will be displayed to facilitate maintenance.<br \/>\nTouch the setting, digital direct display, all the conditions fully automatic locking by a microcomputer.<br \/>\nimported electronic temperature and humidity sensor, not need to cleanup.<br \/>\nTest Methods:<br \/>\nBy testing the installation and application of general equipment, add some protection nets or add sand dust measures to improve the resistance and protection ability of the products to dust.The device can effectively help the user to evaluate samples of sand dust resistance, against possible obstruction opening, seeping into the crack, crack, bearing and the ability of the influence of the dust in the joint, and also because the edge is not sharp big sand influences or blocking effect, and the wear performance, efficiency, reliability and maintainability<br \/>\nStandards:<br \/>\nIEC-529, GB4208-93, GB2423.37-89 and GJB150.12 etc.<br \/>\nSpecifications:<br \/>\nTest chamber dimension<br \/>\n800*800*800mm (800*1000*1000, 1000*1000*1000 ,1000*1500*1000mm)<br \/>\nOuter dimension<br \/>\naccording to inner structure<br \/>\nMetal mesh diameter<br \/>\n50um<br \/>\nSpace between lines<br \/>\n75um<br \/>\nEnvironment temperature and humidity<br \/>\n25~40\u00b0C, 45~75%RH<br \/>\nDust(talcum powder) concentration<br \/>\n2~4kg\/m3<br \/>\nTest time<br \/>\nDust test time set freely, 0~999.9hr<br \/>\nTest dust<br \/>\nDry talcum powder or port land cement<br \/>\nDust concentration<br \/>\n2Kg\/m\u00b3<br \/>\nAirflow velocity<br \/>\n\u22642m\/s<br \/>\nDoor<br \/>\nTempered glass door<br \/>\nPower supply<br \/>\n380V\u00b110% 50HZ<br \/>\nController<br \/>\nPLC Touch Screen controller, programmable to set as below cycle:<br \/>\na. Blowing dust time (Stop\/Blow) h\/m\/s<br \/>\nb. Cycle time: can be adjusted<br \/>\nc. Pre-set test time: 0s ~ 999h99m99s<br \/>\nVacuum system<br \/>\nPressure regulating valve, suction nozzle, pressure regulating three-piece set, connecting pipe, vacuum pump<br \/>\nCirculating fan<br \/>\nClosed alloy low noise type motor. Multi \u2013 blade centrifugal fan<br \/>\nSafety Protection<br \/>\nMeter over-temperature function, Phase shortage protection, Power short-circuit protection, Overheat protection etc.<\/p>\n","protected":false},"excerpt":{"rendered":"<p>\u63cf\u8ff0 Summary: IP5X IP6X Sand Dust Testing Machine is designed according to GB4706, GB2423, GB7000.1, IEC60529,ect standards and meet the IP5 and IP6 dust test&#8230;<\/p>\n","protected":false},"featured_media":5364,"comment_status":"open","ping_status":"closed","template":"","meta":[],"etheme_brands":[{"term_id":67,"name":"Newgoer","slug":"newgoer","term_group":0,"term_taxonomy_id":67,"taxonomy":"brand","description":"","parent":0,"count":271,"filter":"raw"}],"product_cat":[64],"product_tag":[],"_links":{"self":[{"href":"https:\/\/www.cncmarketi.com\/index.php\/wp-json\/wp\/v2\/product\/5370"}],"collection":[{"href":"https:\/\/www.cncmarketi.com\/index.php\/wp-json\/wp\/v2\/product"}],"about":[{"href":"https:\/\/www.cncmarketi.com\/index.php\/wp-json\/wp\/v2\/types\/product"}],"replies":[{"embeddable":true,"href":"https:\/\/www.cncmarketi.com\/index.php\/wp-json\/wp\/v2\/comments?post=5370"}],"version-history":[{"count":0,"href":"https:\/\/www.cncmarketi.com\/index.php\/wp-json\/wp\/v2\/product\/5370\/revisions"}],"wp:featuredmedia":[{"embeddable":true,"href":"https:\/\/www.cncmarketi.com\/index.php\/wp-json\/wp\/v2\/media\/5364"}],"wp:attachment":[{"href":"https:\/\/www.cncmarketi.com\/index.php\/wp-json\/wp\/v2\/media?parent=5370"}],"wp:term":[{"taxonomy":"brand","embeddable":true,"href":"https:\/\/www.cncmarketi.com\/index.php\/wp-json\/wp\/v2\/etheme_brands?post=5370"},{"taxonomy":"product_cat","embeddable":true,"href":"https:\/\/www.cncmarketi.com\/index.php\/wp-json\/wp\/v2\/product_cat?post=5370"},{"taxonomy":"product_tag","embeddable":true,"href":"https:\/\/www.cncmarketi.com\/index.php\/wp-json\/wp\/v2\/product_tag?post=5370"}],"curies":[{"name":"wp","href":"https:\/\/api.w.org\/{rel}","templated":true}]}}