{"id":5310,"date":"2023-08-06T08:16:12","date_gmt":"2023-08-06T05:16:12","guid":{"rendered":"https:\/\/www.cncmarketi.com\/index.php\/product\/ic-kart-ekleme-ve-ekstraksiyon-yasam-test-cihazi-gaz-karti-bankasi-karti-ekleme-yasam-test-cihazi\/"},"modified":"2023-08-06T08:59:39","modified_gmt":"2023-08-06T05:59:39","slug":"ic-kart-ekleme-ve-ekstraksiyon-yasam-test-cihazi-gaz-karti-bankasi-karti-ekleme-yasam-test-cihazi","status":"publish","type":"product","link":"https:\/\/www.cncmarketi.com\/index.php\/product\/ic-kart-ekleme-ve-ekstraksiyon-yasam-test-cihazi-gaz-karti-bankasi-karti-ekleme-yasam-test-cihazi\/","title":{"rendered":"IC Kart Ekleme ve Ekstraksiyon Ya\u015fam Test Cihaz\u0131, Gaz Kart\u0131 Bankas\u0131 Kart\u0131 Ekleme Ya\u015fam Test Cihaz\u0131"},"content":{"rendered":"<p>IC Card Insertion and Extraction Life tester, Gas Card Bank Card Insertion Life Tester<br \/>\nModel<br \/>\nNG-215<br \/>\nMOQ<br \/>\n1 Set<br \/>\nLead Time<br \/>\n3-15 Working Days<br \/>\nCountry of Origin<br \/>\nChina<br \/>\nPackage<br \/>\nStandard Export Wooden Box<br \/>\nOEM &#038; ODM<br \/>\nSupport<br \/>\n\u63cf\u8ff0<br \/>\n\u7528\u6237\u8bc4\u8bba (0)<br \/>\n\u63cf\u8ff0<br \/>\nUsage<br \/>\nIC card life tester\/ic card insertion force testing machine is suitable for kinds of cards insertion and withdrawal tests.To check the cards effectiveness, connector port validity.<br \/>\nIt has vertical and horizontal inserting model, seperately controlled.Touch screen model.<br \/>\nFeatures<br \/>\nCan set Testing speed, Testing times &#038; Stroke.<br \/>\nAuto show testing speed.<br \/>\nSet the testing times, when it reach the value, auto stop<br \/>\nSpecifications<br \/>\nControl model<br \/>\nTouchscreen<br \/>\nCounter<br \/>\n0-99999999<br \/>\nDriver<br \/>\nAC inverter motor,eccentric wheel driving mechanism<br \/>\nTest speed<br \/>\n5-40times\/min.<br \/>\nTest stroke<br \/>\n2-10cm<br \/>\nOverall size<br \/>\n800*600*850mm<br \/>\nModel No.<br \/>\nDZ-216<br \/>\nTest position<br \/>\nTwo (horiztonal \/ vertical)<br \/>\nMaterial Mainpart<br \/>\nStainless Steel 304<br \/>\nApplicaton<br \/>\nAll kinds of hard cards<br \/>\nVoltage<br \/>\n220V or customized<\/p>\n","protected":false},"excerpt":{"rendered":"<p>IC Card Insertion and Extraction Life tester, Gas Card Bank Card Insertion Life Tester Model NG-215 MOQ 1 Set Lead Time 3-15 Working Days Country&#8230;<\/p>\n","protected":false},"featured_media":5304,"comment_status":"open","ping_status":"closed","template":"","meta":[],"etheme_brands":[{"term_id":67,"name":"Newgoer","slug":"newgoer","term_group":0,"term_taxonomy_id":67,"taxonomy":"brand","description":"","parent":0,"count":271,"filter":"raw"}],"product_cat":[64],"product_tag":[],"_links":{"self":[{"href":"https:\/\/www.cncmarketi.com\/index.php\/wp-json\/wp\/v2\/product\/5310"}],"collection":[{"href":"https:\/\/www.cncmarketi.com\/index.php\/wp-json\/wp\/v2\/product"}],"about":[{"href":"https:\/\/www.cncmarketi.com\/index.php\/wp-json\/wp\/v2\/types\/product"}],"replies":[{"embeddable":true,"href":"https:\/\/www.cncmarketi.com\/index.php\/wp-json\/wp\/v2\/comments?post=5310"}],"version-history":[{"count":0,"href":"https:\/\/www.cncmarketi.com\/index.php\/wp-json\/wp\/v2\/product\/5310\/revisions"}],"wp:featuredmedia":[{"embeddable":true,"href":"https:\/\/www.cncmarketi.com\/index.php\/wp-json\/wp\/v2\/media\/5304"}],"wp:attachment":[{"href":"https:\/\/www.cncmarketi.com\/index.php\/wp-json\/wp\/v2\/media?parent=5310"}],"wp:term":[{"taxonomy":"brand","embeddable":true,"href":"https:\/\/www.cncmarketi.com\/index.php\/wp-json\/wp\/v2\/etheme_brands?post=5310"},{"taxonomy":"product_cat","embeddable":true,"href":"https:\/\/www.cncmarketi.com\/index.php\/wp-json\/wp\/v2\/product_cat?post=5310"},{"taxonomy":"product_tag","embeddable":true,"href":"https:\/\/www.cncmarketi.com\/index.php\/wp-json\/wp\/v2\/product_tag?post=5310"}],"curies":[{"name":"wp","href":"https:\/\/api.w.org\/{rel}","templated":true}]}}