{"id":5297,"date":"2023-08-06T08:16:00","date_gmt":"2023-08-06T05:16:00","guid":{"rendered":"https:\/\/www.cncmarketi.com\/index.php\/product\/yuksek-hassasiyetli-kati-yogunluk-olcer-0-0001g-granuller-kati-yogunluk-test-cihazi-densitometre\/"},"modified":"2023-08-06T08:59:39","modified_gmt":"2023-08-06T05:59:39","slug":"yuksek-hassasiyetli-kati-yogunluk-olcer-0-0001g-granuller-kati-yogunluk-test-cihazi-densitometre","status":"publish","type":"product","link":"https:\/\/www.cncmarketi.com\/index.php\/product\/yuksek-hassasiyetli-kati-yogunluk-olcer-0-0001g-granuller-kati-yogunluk-test-cihazi-densitometre\/","title":{"rendered":"Y\u00fcksek hassasiyetli kat\u0131 yo\u011funluk \u00f6l\u00e7er, 0.0001g gran\u00fcller kat\u0131 yo\u011funluk test cihaz\u0131, densitometre"},"content":{"rendered":"<p>\u63cf\u8ff0<br \/>\nSummary:<br \/>\nThe high precision solid densitometer is suitable for the determination of the density of all solid materials. Solid densitometer USES German HBM high-precision weighing sensor, no need to tie product water measuring device;<br \/>\nThe density value can be measured instantaneously, with a variety of measurement methods such as<br \/>\nsaturation measurement method, surface covering waterproof treatment method and high viscous medium liquid method. The measurement precision is high, the data is reliable, the densitometer of our company simplified the operation steps and the way, upgraded the application function of the software, has the same kind of products can not match the reliability, so that the application customer group is more extensive.<br \/>\nApplications:<br \/>\nSuitable for: rubber, plastic, powder metallurgy, wire and cable, PVC, hard alloy, knife grinding products, manufacturing, automobile parts, tungsten alloy parts, diamond, new material research laboratory, electrical appliances, sports equipment, tires, glass products, hard alloy, powder metallurgy, magnetic materials, seals, ceramics, sponge, EVA materials, foam materials, alloys, friction materials, New materials, battery materials.<br \/>\nSuitable for : basic material density research, high density product density detection, micro and small product density detection, quality and cost control, new material formulation research and development\u2026 And other fields of application. Covers the water absorption, non-water absorption of all solid material field.<br \/>\nStandards:<br \/>\nASTM D792\u3001 ASTM D297\u3001 GB\/T1033\u3001GB\/T2951\u3001 GB\/T3850\u3001 GB\/T533\u3001 HG4-1468\u3001 JIS K6268\u3001 ISO 2781\u3001ISO 1183\u3001GB\/T208\u3001GB\/T5163\u3001GB\/T 1933\u3001GB\/T4196\u3001GB\/T4123\u3001GB\/T5586\u3001JB\/T7780\u2026.etc.<br \/>\nFeatures:<br \/>\nDirect reading density and volume of solid, particles and floating body in any shape, which density> 1 or <1\nWith temperature compensation setting, and solution compensation setting function, more humane operation\nThe density measurement station in one injection molding, easy and fast to install, long life-time.\nUse corrosion-resistant large error integrally molded sink design to reduce the buoyancy of the hanging bar line caused, but also easy to test a relatively large massive objects\nWith the lower and upper limit function, can determine the proportion qualified or not, equipped with a buzzer system.\nBuilt-in battery, with configuration windshield, more suitable for field testing.\nConfiguration special wind dust cover, combination convenient, strong and durable\nIncluding RS \u2013 232 \u2013 c communication interface, convenient connection PC and printers, can choose and buy QL \u2013 P printers print quickly measuring data\nAdvantages:\nWith German imported sensors, better repeatability\nFlip free measurement, and simpler operation\nWaterproof membrane fuselage, protect the interior fuselage avoid ooze water.\nPC material tank , abrasion resistant to fall off, corrosion resistant\n5cm stainless steel suspension wire, no bending deformation, do not touch the sink with vertical lifting bar.\nThe percentage of material content of the main material in the measurement of the mixed material.\nSpecifications:\nModel\nNG-XF120\nNG-XF200\nNG-XF300\nMax load weight\n120g\n200g\n300g\nWeight accuracy\n0.001g\nDensity accuracy\n0.0001 g\/cm3\nTest range\n0.0001\u201499.9999g\/cm3\nTest materials range\nAny shape with density \uff1e or \uff1c 1, solid mass, particle, floating body\nTest time\n6 seconds\nTemperature compensation\nSolution temperature can set to 0~49\u00b0C\n<\/p>\n","protected":false},"excerpt":{"rendered":"<p>\u63cf\u8ff0 Summary: The high precision solid densitometer is suitable for the determination of the density of all solid materials. Solid densitometer USES German HBM high-precision&#8230;<\/p>\n","protected":false},"featured_media":5291,"comment_status":"open","ping_status":"closed","template":"","meta":[],"etheme_brands":[{"term_id":67,"name":"Newgoer","slug":"newgoer","term_group":0,"term_taxonomy_id":67,"taxonomy":"brand","description":"","parent":0,"count":271,"filter":"raw"}],"product_cat":[64],"product_tag":[],"_links":{"self":[{"href":"https:\/\/www.cncmarketi.com\/index.php\/wp-json\/wp\/v2\/product\/5297"}],"collection":[{"href":"https:\/\/www.cncmarketi.com\/index.php\/wp-json\/wp\/v2\/product"}],"about":[{"href":"https:\/\/www.cncmarketi.com\/index.php\/wp-json\/wp\/v2\/types\/product"}],"replies":[{"embeddable":true,"href":"https:\/\/www.cncmarketi.com\/index.php\/wp-json\/wp\/v2\/comments?post=5297"}],"version-history":[{"count":0,"href":"https:\/\/www.cncmarketi.com\/index.php\/wp-json\/wp\/v2\/product\/5297\/revisions"}],"wp:featuredmedia":[{"embeddable":true,"href":"https:\/\/www.cncmarketi.com\/index.php\/wp-json\/wp\/v2\/media\/5291"}],"wp:attachment":[{"href":"https:\/\/www.cncmarketi.com\/index.php\/wp-json\/wp\/v2\/media?parent=5297"}],"wp:term":[{"taxonomy":"brand","embeddable":true,"href":"https:\/\/www.cncmarketi.com\/index.php\/wp-json\/wp\/v2\/etheme_brands?post=5297"},{"taxonomy":"product_cat","embeddable":true,"href":"https:\/\/www.cncmarketi.com\/index.php\/wp-json\/wp\/v2\/product_cat?post=5297"},{"taxonomy":"product_tag","embeddable":true,"href":"https:\/\/www.cncmarketi.com\/index.php\/wp-json\/wp\/v2\/product_tag?post=5297"}],"curies":[{"name":"wp","href":"https:\/\/api.w.org\/{rel}","templated":true}]}}