{"id":5276,"date":"2023-08-06T08:15:37","date_gmt":"2023-08-06T05:15:37","guid":{"rendered":"https:\/\/www.cncmarketi.com\/index.php\/product\/yuksek-kaliteli-kati-yogunluklu-metre-yuksek-hassas-granuller-kati-yogunluk-test-cihazi-densitometre\/"},"modified":"2023-08-06T08:59:39","modified_gmt":"2023-08-06T05:59:39","slug":"yuksek-kaliteli-kati-yogunluklu-metre-yuksek-hassas-granuller-kati-yogunluk-test-cihazi-densitometre","status":"publish","type":"product","link":"https:\/\/www.cncmarketi.com\/index.php\/product\/yuksek-kaliteli-kati-yogunluklu-metre-yuksek-hassas-granuller-kati-yogunluk-test-cihazi-densitometre\/","title":{"rendered":"Y\u00fcksek kaliteli kat\u0131 yo\u011funluklu metre, y\u00fcksek hassas gran\u00fcller kat\u0131 yo\u011funluk test cihaz\u0131, densitometre"},"content":{"rendered":"<p>\u63cf\u8ff0<br \/>\nSummary:<br \/>\nDirect readings, with temperature compensation, and Solution compensation, more humanized operation, suitable for on site operations. For density determination of rubber, plastic, wire and cable, electrical appliances, sports equipment, tires, glass products, hard alloy, powder metallurgy, magnetic materials, seals, ceramics, sponge, EVA materials, foam materials, alloys, friction materials, New materials, battery materials.<br \/>\nStandards:<br \/>\nASTM D792, ASTM D297, GB \/ T1033, GB \/ T2951, GB \/ T3850, GB \/ T533, HG4-1468,<br \/>\nJIS K6268, ISO 2505, ISO 1183, ISO2781, ASTMD297-93, DIN 53479, D618, D891,<br \/>\nASTM D792 -00, JISK6530, ASTM D792-00, JISK6530<br \/>\nFeatures:<br \/>\n1.Direct reading density and volume of solid, particles and floating body in any shape, which density> 1 or <1\nWith temperature compensation setting, and solution compensation setting function, more humane operation\nThe density measurement station in one injection molding, easy and fast to install, long life-time.\nUse corrosion-resistant large error integrally molded sink design to reduce the buoyancy of the hanging bar line caused, but also easy to test a relatively large massive objects\nWith the lower and upper limit function, can determine the proportion qualified or not, equipped with a buzzer system.\nBuilt-in battery, with configuration windshield, more suitable for field testing.\n7. Configuration special wind dust cover, combination convenient, strong and durable\n8. Including RS \u2013 232 \u2013 c communication interface, convenient connection PC and printers, can choose and buy QL \u2013 P printers print quickly measuring data\nModels &#038; Specifications\nModel\nDZ-MK200\nDZ-MK300\nDZ-MK500\nDZ-MK120\nMax capacity\n220g\n300g\n500g\n120g\nTest precision\n0.001g\n0.001g\n0.001g\n0.0001g\nDensity precision\n0.001 g\/cm3\n0.001 g\/cm3\n0.001 g\/cm3\n0.0001 g\/cm3\nModel\nDZ-MK200A\nDZ-MK300A\nDZ-MK500A\nDZ-MK120A\nDensity precision\n0.0001 g\/cm3\n0.0001 g\/cm3\n0.0001 g\/cm3\n0.00001 g\/cm3\nResponse time\n5 seconds\nTemperature compensation:\nSolution temperature can set to 0~49\u00b0C\nSolution compensation:\nSolution can set to 19.999\nMix proportion:\nSet two kinds of mixture mixing ratio function\nSolid test steps:\n1, Put the sample on the test table, press \u201cMEMORY\u201d key.\n2, Put the sample in the nasket in the water, press \u201cMEMORY\u201d key to display density fastly.\n<\/p>\n","protected":false},"excerpt":{"rendered":"<p>\u63cf\u8ff0 Summary: Direct readings, with temperature compensation, and Solution compensation, more humanized operation, suitable for on site operations. For density determination of rubber, plastic, wire&#8230;<\/p>\n","protected":false},"featured_media":5270,"comment_status":"open","ping_status":"closed","template":"","meta":[],"etheme_brands":[{"term_id":67,"name":"Newgoer","slug":"newgoer","term_group":0,"term_taxonomy_id":67,"taxonomy":"brand","description":"","parent":0,"count":271,"filter":"raw"}],"product_cat":[64],"product_tag":[],"_links":{"self":[{"href":"https:\/\/www.cncmarketi.com\/index.php\/wp-json\/wp\/v2\/product\/5276"}],"collection":[{"href":"https:\/\/www.cncmarketi.com\/index.php\/wp-json\/wp\/v2\/product"}],"about":[{"href":"https:\/\/www.cncmarketi.com\/index.php\/wp-json\/wp\/v2\/types\/product"}],"replies":[{"embeddable":true,"href":"https:\/\/www.cncmarketi.com\/index.php\/wp-json\/wp\/v2\/comments?post=5276"}],"version-history":[{"count":0,"href":"https:\/\/www.cncmarketi.com\/index.php\/wp-json\/wp\/v2\/product\/5276\/revisions"}],"wp:featuredmedia":[{"embeddable":true,"href":"https:\/\/www.cncmarketi.com\/index.php\/wp-json\/wp\/v2\/media\/5270"}],"wp:attachment":[{"href":"https:\/\/www.cncmarketi.com\/index.php\/wp-json\/wp\/v2\/media?parent=5276"}],"wp:term":[{"taxonomy":"brand","embeddable":true,"href":"https:\/\/www.cncmarketi.com\/index.php\/wp-json\/wp\/v2\/etheme_brands?post=5276"},{"taxonomy":"product_cat","embeddable":true,"href":"https:\/\/www.cncmarketi.com\/index.php\/wp-json\/wp\/v2\/product_cat?post=5276"},{"taxonomy":"product_tag","embeddable":true,"href":"https:\/\/www.cncmarketi.com\/index.php\/wp-json\/wp\/v2\/product_tag?post=5276"}],"curies":[{"name":"wp","href":"https:\/\/api.w.org\/{rel}","templated":true}]}}