{"id":5262,"date":"2023-08-06T08:15:19","date_gmt":"2023-08-06T05:15:19","guid":{"rendered":"https:\/\/www.cncmarketi.com\/index.php\/product\/izgara-spektrofotometre-tasinabilir-spektrofotometre-renk-farki-dedektoru-kolorimetre\/"},"modified":"2023-08-06T08:59:39","modified_gmt":"2023-08-06T05:59:39","slug":"izgara-spektrofotometre-tasinabilir-spektrofotometre-renk-farki-dedektoru-kolorimetre","status":"publish","type":"product","link":"https:\/\/www.cncmarketi.com\/index.php\/product\/izgara-spektrofotometre-tasinabilir-spektrofotometre-renk-farki-dedektoru-kolorimetre\/","title":{"rendered":"Izgara spektrofotometre, ta\u015f\u0131nabilir spektrofotometre renk fark\u0131 dedekt\u00f6r\u00fc kolorimetre"},"content":{"rendered":"<p>\u63cf\u8ff0<br \/>\nSummary:<br \/>\nNG-YS3060 Grating spectrophotometer, it features with stable performance, precise measurement and powerful functions in the leading position of the same industry.<br \/>\nComply with CIE No.15\uff0cGB\/T 3978, GB 2893, GB\/T 18833, ISO7724\/1, ASTM E1164, DIN5033 Teil7,<br \/>\nYS3060 grating spectrophotometer features UV, SCI\/SCE, USB \/ Bluetooth, 8mm \/ 4mm switch aperture, etc. It has high accuracy 0.03 based on white calibration plate measured 30 times at 5 seconds intervals after white calibration was performed.<br \/>\nApplication Industry:<br \/>\nGrating spectrophotometer can easily achieve color transferring, and be used as a precision instrument for color matching system. It\u2019s widely used in plastics, electronics, painting, ink, textile and garment, printing and dyeing, printing paper, automotive, medical, cosmetics and food industries, scientific research institutes, schools and laboratories.<br \/>\nFeatures:<br \/>\nPerfect combination of beautiful appearance and the human body mechanics structural design;<br \/>\nB.D\/8 geometrical optics, conforms with CIE No.15, GB\/T 3978, GB293, GB\/T 18833, ISO7724\/1, ASTM E1164, DIN5033 Tile.<br \/>\nUse long life and low power consumption combined LED light source, including UV\/excluding UV;<br \/>\nSwitchable \u03a68\/4mm aperture, adapt to more samples; support both SCI and SCE at the same time;<br \/>\nMeasure sample spectra, accurate Lab data, can be used in color matching and accurate color transmission;<br \/>\nHigh electronic hardware configuration: 3.5-inch TFT color LCD, Capacitive Touch Screen, concave grating, 256 image Element Double Arrays CMOS Image Sensor;<br \/>\nG.USB\/Bluetooth 2.1, dual mode, widely useful;<br \/>\nSuper stain-resistant and stable standard white calibration plate;<br \/>\nLarge capacity storage space, over 20,000 measurement data;<br \/>\nTwo standard observer angles, a variety of illuminant, a variety of color indexes, conforms with a variety of standard colorimetric data, meet a variety of customers\u2019 demand for color measurement;<br \/>\nCamera Locating Function, better position;<br \/>\nl. PC software has a powerful function extension.<br \/>\nSpecifications:<br \/>\nModel<br \/>\nItems<br \/>\nNG-YS3060<br \/>\nOptical Geometry<br \/>\nReflect: di:8\u00b0, de:8\u00b0(diffused illumination, 8-degree viewing angle)<br \/>\nIntegrating Sphere Size<br \/>\n48mm<br \/>\nLight Source<br \/>\nCombined LED Light, UV Light<br \/>\nSpectrophotometric Mode<br \/>\nConcave Grating<br \/>\nSensor<br \/>\n256 Image Element Double Array CMOS Image Sensor<br \/>\nWavelength Range<br \/>\n400-700nm<br \/>\nWavelength Interval<br \/>\n10nm<br \/>\nSemiband Width<br \/>\n10nm<br \/>\nMeasured Reflectance Range<br \/>\n0-200%<br \/>\nMeasuring Aperture<br \/>\nDual Aperture: 10mm\/8mm &#038; 5mm\/4mm<br \/>\nSpecular Component<br \/>\nSCI&#038;SCE<br \/>\nColor Space<br \/>\nCIE Lab, XYZ, Yxy, LCh, CIE LUV, Hunter LAB<br \/>\nColor Difference Formula<br \/>\n\u0394E*ab, \u0394E*uv, \u0394E*94, \u0394E*cmc(2:1), \u0394E*cmc(1:1), \u0394E*00v, \u0394E(Hunter)<br \/>\nOther Colorimetric Index<br \/>\nWI(ASTM E313, CIE\/ISO, AATCC, Hunter),<br \/>\nYI(ASTM D1925, ASTM 313),<br \/>\nTI(ASTM E313, CIE\/ISO),<br \/>\nMetamerism Index MI, Staining Fastness, Color Fastness, Color Strength, Opacity, 8\u00b0 Glossiness<br \/>\nObserver Angle<br \/>\n2\u00b0\/10\u00b0<br \/>\nIlluminant<br \/>\nD65, A, C, D50, D55, D75, F1, F2, F3, F4, F5, F6, F7, F8, F9, F10, F11, F12<br \/>\nDisplayed Data<br \/>\nSpectrogram\/Values, Samples Chromaticity Values, Color Difference Values\/Graph, PASS\/FAIL Result, Color Offset<br \/>\nMeasuring Time<br \/>\n2.6s<br \/>\nRepeatability<br \/>\nMAV\/SCI: \u0394E*\u22640.03<br \/>\nInter-instrument Error<br \/>\nMAV\/SCI: \u0394E*\u22640.15<br \/>\nMeasurement Mode<br \/>\nSingle Measurement, Average Measurement<br \/>\nLocating Method<br \/>\nCamera View Finder Locating<br \/>\nBattery<br \/>\nLi-ion battery. 5000 measurements within 8 hours<br \/>\nDimension<br \/>\nL*W*H=184*77*105mm<br \/>\nWeight<br \/>\n600g<br \/>\nIlluminant Life Span<br \/>\n5 years, more than 3 million times measurements<br \/>\nDisplay<br \/>\n3.5-inch TFT color LCD, Capacitive Touch Screen<br \/>\nData Port<br \/>\nUSB, Bluetooth 4.0<br \/>\nData Storage<br \/>\nStandard 2000 Pcs, Sample 20000 Pcs<br \/>\nLanguage<br \/>\nEnglish, Chinese<br \/>\nOperating Environment<br \/>\n0~40\u2103, 0~85%RH (no condensing), Altitude < 2000m\nStorage Environment\n-20~50\u2103, 0~85%RH (no condensing)\nStandard Accessory\nPower Adapter, Built-In Li-ion Battery, User Guide, PC Software, White and Black Calibration Cavity, Dust Cover\nOptional Accessory\nMicro Printer, Powder Test Box\nNotes: The specifications are subject to change without notice.\n<\/p>\n","protected":false},"excerpt":{"rendered":"<p>\u63cf\u8ff0 Summary: NG-YS3060 Grating spectrophotometer, it features with stable performance, precise measurement and powerful functions in the leading position of the same industry. Comply with&#8230;<\/p>\n","protected":false},"featured_media":5256,"comment_status":"open","ping_status":"closed","template":"","meta":[],"etheme_brands":[{"term_id":67,"name":"Newgoer","slug":"newgoer","term_group":0,"term_taxonomy_id":67,"taxonomy":"brand","description":"","parent":0,"count":271,"filter":"raw"}],"product_cat":[64],"product_tag":[],"_links":{"self":[{"href":"https:\/\/www.cncmarketi.com\/index.php\/wp-json\/wp\/v2\/product\/5262"}],"collection":[{"href":"https:\/\/www.cncmarketi.com\/index.php\/wp-json\/wp\/v2\/product"}],"about":[{"href":"https:\/\/www.cncmarketi.com\/index.php\/wp-json\/wp\/v2\/types\/product"}],"replies":[{"embeddable":true,"href":"https:\/\/www.cncmarketi.com\/index.php\/wp-json\/wp\/v2\/comments?post=5262"}],"version-history":[{"count":0,"href":"https:\/\/www.cncmarketi.com\/index.php\/wp-json\/wp\/v2\/product\/5262\/revisions"}],"wp:featuredmedia":[{"embeddable":true,"href":"https:\/\/www.cncmarketi.com\/index.php\/wp-json\/wp\/v2\/media\/5256"}],"wp:attachment":[{"href":"https:\/\/www.cncmarketi.com\/index.php\/wp-json\/wp\/v2\/media?parent=5262"}],"wp:term":[{"taxonomy":"brand","embeddable":true,"href":"https:\/\/www.cncmarketi.com\/index.php\/wp-json\/wp\/v2\/etheme_brands?post=5262"},{"taxonomy":"product_cat","embeddable":true,"href":"https:\/\/www.cncmarketi.com\/index.php\/wp-json\/wp\/v2\/product_cat?post=5262"},{"taxonomy":"product_tag","embeddable":true,"href":"https:\/\/www.cncmarketi.com\/index.php\/wp-json\/wp\/v2\/product_tag?post=5262"}],"curies":[{"name":"wp","href":"https:\/\/api.w.org\/{rel}","templated":true}]}}