{"id":5255,"date":"2023-08-06T08:15:13","date_gmt":"2023-08-06T05:15:13","guid":{"rendered":"https:\/\/www.cncmarketi.com\/index.php\/product\/yuksek-ve-dusuk-sicaklik-dugmesi-anahtar-yasam-test-makinesi-dugme-nemi-termal-dongu-test-cihazi\/"},"modified":"2023-08-06T08:59:39","modified_gmt":"2023-08-06T05:59:39","slug":"yuksek-ve-dusuk-sicaklik-dugmesi-anahtar-yasam-test-makinesi-dugme-nemi-termal-dongu-test-cihazi","status":"publish","type":"product","link":"https:\/\/www.cncmarketi.com\/index.php\/product\/yuksek-ve-dusuk-sicaklik-dugmesi-anahtar-yasam-test-makinesi-dugme-nemi-termal-dongu-test-cihazi\/","title":{"rendered":"Y\u00fcksek ve D\u00fc\u015f\u00fck S\u0131cakl\u0131k D\u00fc\u011fmesi Anahtar Ya\u015fam Test Makinesi, D\u00fc\u011fme Nemi Termal D\u00f6ng\u00fc Test Cihaz\u0131"},"content":{"rendered":"<p>\u63cf\u8ff0<br \/>\nSummary:<br \/>\nThe high and low temperature keypad life testing machine is suitable for the beating life testing of the keypad of mobile phone, tablet computer, electronic dictionary, navigator, computer keyboard, car DVD\/CD, remote control and other products under the high temperature aging condition.<br \/>\nStructure:<br \/>\nThe machine divided into two main part: Button Life Test Part &#038; High Low Temperature Control Part.<br \/>\nMain parameters of Button Life Test Part<br \/>\nAction mode: The stepping motor drives the probe to reciprocate up and down.<br \/>\nNote: Both heads rise and fall at the same time.Do not alternate buttons<br \/>\nKey press head material: stainless steel head, surface cover silicone cover<br \/>\nTest speed: 10 ~ 60 times\/min, manually adjustable<br \/>\nTest product thickness: 50-80mm<br \/>\nHeight adjustment: manual direct adjustment<br \/>\nTest stroke: adjustable 0-50mm<br \/>\nTest product size :150X100X80mm<br \/>\nFeatures:<br \/>\nPress the device to prevent 2 samples at the same time;<br \/>\nThe fixture of the installation sample can be adjusted, disassembled and replaced. The upper and lower, left and right, front and back (0~10cm) positions of the fixture can be adjusted, and the holding width of the fixture can be adjusted to 0~10cm;<br \/>\nThe residence time and interval of pressing can be controlled. The minimum of residence time and interval of pressing is 1s and the maximum is unlimited;<br \/>\nThe displacement of the head can be adjusted, the adjustment range is 0~50mm, the accuracy is 10%, and the head is automatically reset every time it is raised;<br \/>\nIn addition to installing the panel to control the temperature of the temperature box, the device also needs to add a panel to control the pressing time and interval. The control interface (Model Bus control) shall be reserved and the communication protocol shall be provided for subsequent control by ourselves.<br \/>\nMain parameters of High Low Temperature Part:<br \/>\nChamber Capacity (L)<br \/>\n80, 150, 225, 408L(optional, or custom-made)<br \/>\nPerformance<br \/>\nControl Methods<br \/>\nBalanced temperature humidity control system (BTHC) PID intelligent adjust<br \/>\nTemperature and Humidity Range<br \/>\n-70\u00b0C~150\u00b0C; 20%-98%R.H<br \/>\nAccuracy<br \/>\n\u00b11.0\u00b0C, \u00b12%RH \/ \u00b10.5\u00b0C, \u00b12%RH<br \/>\nResolution<br \/>\n\u00b10.1\u00b0C, \u00b10.1%RH \/ \u00b11\u00b0C, \u00b13%RH<br \/>\nHeating Rate<br \/>\n\u22643\u00b0C\/min<br \/>\nCooling Rate<br \/>\nAverage 1\u00b0C\/min<br \/>\nInternal Material<br \/>\nSUS#304 stainless steel<br \/>\nExternal Material<br \/>\nSUS#304 stainless steel or Antirust processing cold-rolled steel sheet(Spray)<br \/>\nInsulation Material<br \/>\nSuperfine wool + polyurethane foam<br \/>\nRegulator<br \/>\nCooling Mode<br \/>\nMechanical binary refrigeration way<br \/>\nCompressor<br \/>\nClosed compressor (French Tecumseh or German Copeland )<br \/>\nRefrigerant<br \/>\nR23\/R404A<br \/>\nCondensing Way<br \/>\nAir-cooling and Water-cooling<br \/>\nHumidifier<br \/>\nStainless steel humidifying tube<br \/>\nAirflow Way<br \/>\nBroadband-type forced air circulation<br \/>\nController<br \/>\nOperate Interfaces<br \/>\nKorea TEMI 880 LCD touch screen<br \/>\nMemory capacity<br \/>\n120 groups, each program 100 segment<br \/>\nInput<br \/>\nPT100 or T thermocouple<br \/>\nCommunicate Interface<br \/>\nRS-232<br \/>\nSubsidiary function<br \/>\nUpper and lower alarm; self diagnosis ; alarm display(fault cause); time sequence protection (Automatic turn on or turn off )<br \/>\nWater supply<br \/>\nWater supply<br \/>\nCirculating water supply<br \/>\nWater tank<br \/>\nBuilt-in hand type(30Kg capacity)<br \/>\nWater quality<br \/>\nresistance >500\u03a9.m<br \/>\nStandard Configuration<br \/>\nOne observe window(Double hollow toughened glass);one test pattern D50mm(on the left); 2 layers sample frame; one floodlight(fluorescent lamp);one water feeding tank;<br \/>\nSafety device<br \/>\nPower leakage protection; Dry heating protection; Water protection Over-temperature protection switch; Temperature deviation alarm, Compressor Overpressure; overload; Water shortage; Phrase shortage, etc.<br \/>\nPower supply<br \/>\n220VAC \u00b110%50\/60Hz &#038; 380VAC \u00b110%50\/60Hz<\/p>\n","protected":false},"excerpt":{"rendered":"<p>\u63cf\u8ff0 Summary: The high and low temperature keypad life testing machine is suitable for the beating life testing of the keypad of mobile phone, tablet&#8230;<\/p>\n","protected":false},"featured_media":5249,"comment_status":"open","ping_status":"closed","template":"","meta":[],"etheme_brands":[{"term_id":67,"name":"Newgoer","slug":"newgoer","term_group":0,"term_taxonomy_id":67,"taxonomy":"brand","description":"","parent":0,"count":271,"filter":"raw"}],"product_cat":[64],"product_tag":[],"_links":{"self":[{"href":"https:\/\/www.cncmarketi.com\/index.php\/wp-json\/wp\/v2\/product\/5255"}],"collection":[{"href":"https:\/\/www.cncmarketi.com\/index.php\/wp-json\/wp\/v2\/product"}],"about":[{"href":"https:\/\/www.cncmarketi.com\/index.php\/wp-json\/wp\/v2\/types\/product"}],"replies":[{"embeddable":true,"href":"https:\/\/www.cncmarketi.com\/index.php\/wp-json\/wp\/v2\/comments?post=5255"}],"version-history":[{"count":0,"href":"https:\/\/www.cncmarketi.com\/index.php\/wp-json\/wp\/v2\/product\/5255\/revisions"}],"wp:featuredmedia":[{"embeddable":true,"href":"https:\/\/www.cncmarketi.com\/index.php\/wp-json\/wp\/v2\/media\/5249"}],"wp:attachment":[{"href":"https:\/\/www.cncmarketi.com\/index.php\/wp-json\/wp\/v2\/media?parent=5255"}],"wp:term":[{"taxonomy":"brand","embeddable":true,"href":"https:\/\/www.cncmarketi.com\/index.php\/wp-json\/wp\/v2\/etheme_brands?post=5255"},{"taxonomy":"product_cat","embeddable":true,"href":"https:\/\/www.cncmarketi.com\/index.php\/wp-json\/wp\/v2\/product_cat?post=5255"},{"taxonomy":"product_tag","embeddable":true,"href":"https:\/\/www.cncmarketi.com\/index.php\/wp-json\/wp\/v2\/product_tag?post=5255"}],"curies":[{"name":"wp","href":"https:\/\/api.w.org\/{rel}","templated":true}]}}