{"id":5241,"date":"2023-08-06T08:14:58","date_gmt":"2023-08-06T05:14:58","guid":{"rendered":"https:\/\/www.cncmarketi.com\/index.php\/product\/halojen-nem-olcer-gida-plastik-kaucuk-icin-nem-analizoru\/"},"modified":"2023-08-06T08:59:39","modified_gmt":"2023-08-06T05:59:39","slug":"halojen-nem-olcer-gida-plastik-kaucuk-icin-nem-analizoru","status":"publish","type":"product","link":"https:\/\/www.cncmarketi.com\/index.php\/product\/halojen-nem-olcer-gida-plastik-kaucuk-icin-nem-analizoru\/","title":{"rendered":"Halojen nem \u00f6l\u00e7er, g\u0131da plastik kau\u00e7uk i\u00e7in nem analiz\u00f6r\u00fc"},"content":{"rendered":"<p>Summary:<br \/>\nUniversal Halogen Moisture Meter is the most advanced new plastic fast moisture meter studied and in<br \/>\nlight of crack, bubbling and shrinking caused by much moisture in raw materials in the control of<br \/>\nproduction, injection molding and moulding technology in current plastic industry, which has no moveable parts outside and needs not to set measuring sample and time. Germany advanced technology is introduced in the weighing system so as to avoid instability and easy aging of domestic magnetic sensor. The heating system applies halogen heat device with humane operation so that experimenters can operate it without special training.<br \/>\nIts date is shown and the measurement result is visible and accurate. Instant printing function can<br \/>\nbe operated by a key; standard 232 interface and exclusive software can realize on-line operation;<br \/>\ndata is collected, analyzed, stored and printed at real time. At present, it has been extensively<br \/>\napplied to produce various raw materials, semi-finished products and finished products in the plastic<br \/>\nindustry; for example, polyethylene (PE), polypropylene (PP), polrvinyl chloride(PVC), polystyrene (PS)<br \/>\nABS resin (acrylonitrile-butadiene-styrene copolymer), polyamide (PA)(called nylon usually), makrolo<br \/>\n(PC), polyformaldehyde (POM), modified polyphenylene oxide, thermoplasticity (PET), polyphenylene<br \/>\nsulfide (PPS), liquid crystal polymer LCP, polyether-ether-ketone (PEEL), polyether ketone (PEK),<br \/>\npolyether sulfone (PES), PETG, engineering plastics \u2013 polysulfone (PSF), particles, auxiliaries, master<br \/>\nbatch, wooden plastic and wood flour and so on.<br \/>\nFeatures:<br \/>\nExclusively used in the plastic industry<br \/>\n2. Full-automatic test mode<br \/>\n3. Exclusive software and micro-printer with standard configuration<br \/>\n4. Fast test before and after dehumidification of samples<br \/>\n5. Stand-by operation of particle and powder<br \/>\n6. High efficiency, fast speed;<br \/>\nSpecifications:<br \/>\nModel<br \/>\nNG-MS31<br \/>\nNG-MS32<br \/>\nNG-MS35<br \/>\nNG-MS21<br \/>\nMax. weighing range<br \/>\n100g<br \/>\n100g<br \/>\n100g<br \/>\n100g<br \/>\nReading accuracy<br \/>\n0.001g<br \/>\n0.002g<br \/>\n0.005g<br \/>\n0.01g<br \/>\nReadability of Moisture ( >10g)<br \/>\n0.01%<br \/>\n0.02%<br \/>\n0.05%<br \/>\n0.10%<br \/>\nScope of Moisture Measurement<br \/>\n0.01~100%<br \/>\nPan size<br \/>\n\u03c6110 (mm)<br \/>\nHeat source<br \/>\nHALOGEN LAMP<br \/>\nTemperature heating range<br \/>\nRT~160\u00baC<br \/>\nCommunication interface<br \/>\nstandard RS232 interface<br \/>\nHeating time range<br \/>\n1-99min<br \/>\nOperation temperature<br \/>\n10\u00baC-30\u00baC<br \/>\nRelative humidity<br \/>\n\u226480%RH<br \/>\nPower supply<br \/>\n220V\u00b110%, 50HZ\u00b11HZ<br \/>\nNet weight<br \/>\n3.3kg<\/p>\n","protected":false},"excerpt":{"rendered":"<p>Summary: Universal Halogen Moisture Meter is the most advanced new plastic fast moisture meter studied and in light of crack, bubbling and shrinking caused by&#8230;<\/p>\n","protected":false},"featured_media":5235,"comment_status":"open","ping_status":"closed","template":"","meta":[],"etheme_brands":[{"term_id":67,"name":"Newgoer","slug":"newgoer","term_group":0,"term_taxonomy_id":67,"taxonomy":"brand","description":"","parent":0,"count":271,"filter":"raw"}],"product_cat":[64],"product_tag":[],"_links":{"self":[{"href":"https:\/\/www.cncmarketi.com\/index.php\/wp-json\/wp\/v2\/product\/5241"}],"collection":[{"href":"https:\/\/www.cncmarketi.com\/index.php\/wp-json\/wp\/v2\/product"}],"about":[{"href":"https:\/\/www.cncmarketi.com\/index.php\/wp-json\/wp\/v2\/types\/product"}],"replies":[{"embeddable":true,"href":"https:\/\/www.cncmarketi.com\/index.php\/wp-json\/wp\/v2\/comments?post=5241"}],"version-history":[{"count":0,"href":"https:\/\/www.cncmarketi.com\/index.php\/wp-json\/wp\/v2\/product\/5241\/revisions"}],"wp:featuredmedia":[{"embeddable":true,"href":"https:\/\/www.cncmarketi.com\/index.php\/wp-json\/wp\/v2\/media\/5235"}],"wp:attachment":[{"href":"https:\/\/www.cncmarketi.com\/index.php\/wp-json\/wp\/v2\/media?parent=5241"}],"wp:term":[{"taxonomy":"brand","embeddable":true,"href":"https:\/\/www.cncmarketi.com\/index.php\/wp-json\/wp\/v2\/etheme_brands?post=5241"},{"taxonomy":"product_cat","embeddable":true,"href":"https:\/\/www.cncmarketi.com\/index.php\/wp-json\/wp\/v2\/product_cat?post=5241"},{"taxonomy":"product_tag","embeddable":true,"href":"https:\/\/www.cncmarketi.com\/index.php\/wp-json\/wp\/v2\/product_tag?post=5241"}],"curies":[{"name":"wp","href":"https:\/\/api.w.org\/{rel}","templated":true}]}}