{"id":5234,"date":"2023-08-06T08:14:51","date_gmt":"2023-08-06T05:14:51","guid":{"rendered":"https:\/\/www.cncmarketi.com\/index.php\/product\/gurley-hava-gecirgenligi-test-makinesi-gurley-method-hava-gecirgenlik-test-cihazi\/"},"modified":"2023-08-06T08:59:40","modified_gmt":"2023-08-06T05:59:40","slug":"gurley-hava-gecirgenligi-test-makinesi-gurley-method-hava-gecirgenlik-test-cihazi","status":"publish","type":"product","link":"https:\/\/www.cncmarketi.com\/index.php\/product\/gurley-hava-gecirgenligi-test-makinesi-gurley-method-hava-gecirgenlik-test-cihazi\/","title":{"rendered":"Gurley Hava Ge\u00e7irgenli\u011fi Test Makinesi, Gurley Method Hava Ge\u00e7irgenlik Test Cihaz\u0131"},"content":{"rendered":"<p>GURLEY Air Permeability Testing Machine, Gurley Method Air Permeability Tester<br \/>\nModel<br \/>\nNG-622<br \/>\nMOQ<br \/>\n1 Set<br \/>\nLead Time<br \/>\n3-15 Working Days<br \/>\nCountry of Origin<br \/>\nChina<br \/>\nPackage<br \/>\nStandard Export Wooden Box<br \/>\nOEM &#038; ODM<br \/>\nSupport<br \/>\n\u63cf\u8ff0<br \/>\n\u7528\u6237\u8bc4\u8bba (0)<br \/>\n\u63cf\u8ff0<br \/>\nSummary:<br \/>\nThis Inclined Surface Coefficient of Friction Tester is a accurate instrument for determining the static friction coefficient of flat surfaces. It is professional applicable to the determination of static coefficients of friction of paper, paper board, plastic films, sheets, convey belts and other materials. By testing the frictional properties of materials, the open performance of packages, packing speed of packers and other indexes could be controlled to meet requirements for production.<br \/>\nThe COF is measured on an inclined plane of approximately 0 to 85\u00b0. This incline is increased at a rate of 1.5\u00b10.5\u00b0 per second by an electric motor until the sample bearing block begins to slide. At this point, the inclined plane is locked and the angle can be read. The tangent of this angle is the coefficient of friction (COF)<br \/>\nStandards:<br \/>\nTAPPI T 815: Coefficient of static friction (slide angle) of packaging and packaging materials (including shipping sack papers, corrugated and solid fiberboard) (inclined plane method)<br \/>\nASTM D 202: Standard Test Methods for Sampling and Testing Untreated Paper Used for Electrical Insulation<br \/>\nASTM D4918: Standard Test Method for Coefficient of Static Friction of Uncoated Writing and Printing Paper by Use of the Inclined Plane Method<br \/>\nETC..<br \/>\nParameters:<br \/>\nAngle range<br \/>\n0\u00b0\u201485\u00b0<br \/>\nAccuracy<br \/>\n0.01\u00b0<br \/>\nAngular speed<br \/>\n0.1\u00b0\/s\u201410.0\u00b0\/s<br \/>\nSlider weight<br \/>\n90mm x 100mm, 1300g (standard)<br \/>\n76mm x 63mm 235g (optional)<br \/>\n63.5mm x 63.5mm 200g (optional)<br \/>\nLoad<br \/>\n0-5N<br \/>\nEnvironment requires<br \/>\nTemperature: 23\u00b12\u2103<br \/>\nHumidity: 20%RH~70%RH<br \/>\nOutput<br \/>\nMini-Printer<br \/>\nSoftware to connect with PC (optional)<br \/>\nDimensions<br \/>\n470 mm(L)\u00d7320 mm(W)\u00d7240 mm(H)<br \/>\nPower supply<br \/>\nAC 220V 50Hz<br \/>\nFeatures:<br \/>\n\u203b Angular speed stepless speed change, automatic platform reset and other functions, easily realize the test requirements under different conditions<br \/>\n\u203b Professionally used to test the static friction coefficient of the sample on the inclined surface<br \/>\n\u203b Both the instrument test bench and the test slide have undergone demagnetization treatment and remanence detection, which effectively reduces the system test error<br \/>\n\u203b The equipment is controlled by a microcomputer with a menu-type operation interface<br \/>\n\u203b PVC control panel and LCD screen, convenient for users to perform test operation and data viewing<br \/>\n\u203b Equipped with a micro printer and a standard USB interface to facilitate the external connection and data transmission between the system and the computer<\/p>\n","protected":false},"excerpt":{"rendered":"<p>GURLEY Air Permeability Testing Machine, Gurley Method Air Permeability Tester Model NG-622 MOQ 1 Set Lead Time 3-15 Working Days Country of Origin China Package&#8230;<\/p>\n","protected":false},"featured_media":5232,"comment_status":"open","ping_status":"closed","template":"","meta":[],"etheme_brands":[{"term_id":67,"name":"Newgoer","slug":"newgoer","term_group":0,"term_taxonomy_id":67,"taxonomy":"brand","description":"","parent":0,"count":271,"filter":"raw"}],"product_cat":[64],"product_tag":[],"_links":{"self":[{"href":"https:\/\/www.cncmarketi.com\/index.php\/wp-json\/wp\/v2\/product\/5234"}],"collection":[{"href":"https:\/\/www.cncmarketi.com\/index.php\/wp-json\/wp\/v2\/product"}],"about":[{"href":"https:\/\/www.cncmarketi.com\/index.php\/wp-json\/wp\/v2\/types\/product"}],"replies":[{"embeddable":true,"href":"https:\/\/www.cncmarketi.com\/index.php\/wp-json\/wp\/v2\/comments?post=5234"}],"version-history":[{"count":0,"href":"https:\/\/www.cncmarketi.com\/index.php\/wp-json\/wp\/v2\/product\/5234\/revisions"}],"wp:featuredmedia":[{"embeddable":true,"href":"https:\/\/www.cncmarketi.com\/index.php\/wp-json\/wp\/v2\/media\/5232"}],"wp:attachment":[{"href":"https:\/\/www.cncmarketi.com\/index.php\/wp-json\/wp\/v2\/media?parent=5234"}],"wp:term":[{"taxonomy":"brand","embeddable":true,"href":"https:\/\/www.cncmarketi.com\/index.php\/wp-json\/wp\/v2\/etheme_brands?post=5234"},{"taxonomy":"product_cat","embeddable":true,"href":"https:\/\/www.cncmarketi.com\/index.php\/wp-json\/wp\/v2\/product_cat?post=5234"},{"taxonomy":"product_tag","embeddable":true,"href":"https:\/\/www.cncmarketi.com\/index.php\/wp-json\/wp\/v2\/product_tag?post=5234"}],"curies":[{"name":"wp","href":"https:\/\/api.w.org\/{rel}","templated":true}]}}