{"id":5226,"date":"2023-08-06T08:14:43","date_gmt":"2023-08-06T05:14:43","guid":{"rendered":"https:\/\/www.cncmarketi.com\/index.php\/product\/fpc-esnek-duz-kablo-bukme-test-cihazi-pcb-esnek-baskili-devre-karti-esnek-test-cihazi\/"},"modified":"2023-08-06T08:59:40","modified_gmt":"2023-08-06T05:59:40","slug":"fpc-esnek-duz-kablo-bukme-test-cihazi-pcb-esnek-baskili-devre-karti-esnek-test-cihazi","status":"publish","type":"product","link":"https:\/\/www.cncmarketi.com\/index.php\/product\/fpc-esnek-duz-kablo-bukme-test-cihazi-pcb-esnek-baskili-devre-karti-esnek-test-cihazi\/","title":{"rendered":"FPC Esnek D\u00fcz Kablo B\u00fckme Test Cihaz\u0131, PCB Esnek Bask\u0131l\u0131 Devre Kart\u0131 Esnek Test Cihaz\u0131"},"content":{"rendered":"<p>\u63cf\u8ff0<br \/>\nSummary:<br \/>\nFPC circuit board bending testing machine is mainly used for flexural testing of circuit board (commonly known as flexible circuit board), which can be called FPC bending testing machine, FPC flexural testing machine;It can be used for testing the flexure resistance and flexure resistance of electronic FPC soft board.The machine is made of crank shaft for reciprocating push and pull, the speed can be adjusted, bending Angle can be adjusted, automatic counting, automatic stop when reaching the set number.<br \/>\nStandards:<br \/>\nThe flexural fatigue tester for soft circuit board is made according to JIS C6471, JIS C5016, APPI-T423pm, ASTM-D2176, JIS-P8115, BG\/T2679.5 and other test standard<br \/>\nTest Principle:<br \/>\nOne end is fixed on the tension device at the upper end of the instrument, and the other end is fixed on the rotary fixture at the lower end. The tension device has an adjustable adjuster, which maintains the fixed force value during the test.<br \/>\nFeatures:<br \/>\nThe machine is driven by stepper motor, with high precision, accurate positioning, low noise, and can be used for a long time;<br \/>\nReset the program-controlled origin, no need to set the fixture in place by hand;<br \/>\nThe machine adopts touch screen display controller as program input;<br \/>\nThe test Angle, speed, test times, and motor return to the origin can be set and counted automatically. When the product is bent and broken and cannot be energized, the operation can be stopped automatically.<br \/>\nSpecifications:<br \/>\nTest station: 1<br \/>\nTest Angle: 10-150 (touch screen setting)<br \/>\nTest speed: 10-120 times\/min (touch screen setting)<br \/>\nTest stroke: 15-100mm (manual adjustable)<br \/>\nMaximum width and opening width of test fixture: 100mm<br \/>\nTest fixture: one set of lower end movable fixture and upper end movable fixture<br \/>\nTest times counter: 0~999999 times (can be preset, reach times and product break automatically stop)<br \/>\nTest function: the touch screen sets the Angle, frequency, speed, etc., with the unique conduction function, automatic stop counting function when disconnected, automatic origin finding and other functions<br \/>\nMachine size (L W H) : 450 * 380 * 700mm<br \/>\nMachine weight: 45kg<br \/>\nWorking power supply: AC220V, 50HZ<\/p>\n","protected":false},"excerpt":{"rendered":"<p>\u63cf\u8ff0 Summary: FPC circuit board bending testing machine is mainly used for flexural testing of circuit board (commonly known as flexible circuit board), which can&#8230;<\/p>\n","protected":false},"featured_media":5220,"comment_status":"open","ping_status":"closed","template":"","meta":[],"etheme_brands":[{"term_id":67,"name":"Newgoer","slug":"newgoer","term_group":0,"term_taxonomy_id":67,"taxonomy":"brand","description":"","parent":0,"count":271,"filter":"raw"}],"product_cat":[64],"product_tag":[],"_links":{"self":[{"href":"https:\/\/www.cncmarketi.com\/index.php\/wp-json\/wp\/v2\/product\/5226"}],"collection":[{"href":"https:\/\/www.cncmarketi.com\/index.php\/wp-json\/wp\/v2\/product"}],"about":[{"href":"https:\/\/www.cncmarketi.com\/index.php\/wp-json\/wp\/v2\/types\/product"}],"replies":[{"embeddable":true,"href":"https:\/\/www.cncmarketi.com\/index.php\/wp-json\/wp\/v2\/comments?post=5226"}],"version-history":[{"count":0,"href":"https:\/\/www.cncmarketi.com\/index.php\/wp-json\/wp\/v2\/product\/5226\/revisions"}],"wp:featuredmedia":[{"embeddable":true,"href":"https:\/\/www.cncmarketi.com\/index.php\/wp-json\/wp\/v2\/media\/5220"}],"wp:attachment":[{"href":"https:\/\/www.cncmarketi.com\/index.php\/wp-json\/wp\/v2\/media?parent=5226"}],"wp:term":[{"taxonomy":"brand","embeddable":true,"href":"https:\/\/www.cncmarketi.com\/index.php\/wp-json\/wp\/v2\/etheme_brands?post=5226"},{"taxonomy":"product_cat","embeddable":true,"href":"https:\/\/www.cncmarketi.com\/index.php\/wp-json\/wp\/v2\/product_cat?post=5226"},{"taxonomy":"product_tag","embeddable":true,"href":"https:\/\/www.cncmarketi.com\/index.php\/wp-json\/wp\/v2\/product_tag?post=5226"}],"curies":[{"name":"wp","href":"https:\/\/api.w.org\/{rel}","templated":true}]}}