{"id":5205,"date":"2023-08-06T08:14:18","date_gmt":"2023-08-06T05:14:18","guid":{"rendered":"https:\/\/www.cncmarketi.com\/index.php\/product\/kopuk-polimer-sikistirma-yasam-test-cihazi-sikistirma-deformasyon-orani-test-cihazi\/"},"modified":"2023-08-06T08:59:54","modified_gmt":"2023-08-06T05:59:54","slug":"kopuk-polimer-sikistirma-yasam-test-cihazi-sikistirma-deformasyon-orani-test-cihazi","status":"publish","type":"product","link":"https:\/\/www.cncmarketi.com\/index.php\/product\/kopuk-polimer-sikistirma-yasam-test-cihazi-sikistirma-deformasyon-orani-test-cihazi\/","title":{"rendered":"K\u00f6p\u00fck polimer s\u0131k\u0131\u015ft\u0131rma ya\u015fam test cihaz\u0131, s\u0131k\u0131\u015ft\u0131rma deformasyon oran\u0131 test cihaz\u0131"},"content":{"rendered":"<p>Foam Polymer Compression Life Tester, Compression Deformation Rate Tester<br \/>\nModel<br \/>\nNG-172<br \/>\nMOQ<br \/>\n1 Set<br \/>\nLead Time<br \/>\n3-15 Working Days<br \/>\nCountry of Origin<br \/>\nChina<br \/>\nPackage<br \/>\nStandard Export Wooden Box<br \/>\nOEM &#038; ODM<br \/>\nSupport<br \/>\n\u63cf\u8ff0<br \/>\n\u7528\u6237\u8bc4\u8bba (0)<br \/>\n\u63cf\u8ff0<br \/>\nSummary:<br \/>\nThe Sponge repeated compression tester is mainly used for the reciprocating impact compression test of the foam polymer material, to measure the thickness reduction value and hardness reduction value (residual deformation rate) of the sample, and thus to understand the dynamic fatigue characteristics of the material.<br \/>\nThis test method provides a means to evaluate the performance of porous elastic materials of latex and polypeptide types used for bearing decoration.The measured thickness and hardness reduction values are related to the possible loss in use, but not necessarily the same.This specification is applicable to standard size samples taken from finished materials as well as to moulded parts.<br \/>\nTest Theory:<br \/>\nSpecimen accurately measure the thickness, the compression plate, place the specimen in the testing machine with the frequency of 60 beats per minute, the compression specimens 60 times, compressed specimen height was 50%.<br \/>\nThe reciprocating compression after 80000 times, put on the specimen at room temperature down after 30 minutes, measuring the thickness of the conversion of compression deformation rate, the calculating formula for the thickness of the specimen before compression minus the thickness of the sample after compression, divided by the thickness of the specimen before compression multiplied by one hundred percent.<br \/>\nTest Standards:<br \/>\nISO-7214\uff0cJIS K6767\uff0cK6382 ect.<br \/>\nSpecifications:<br \/>\nModel<br \/>\nNG-172<br \/>\nItem<br \/>\nSponge repeated compression test machine<br \/>\nCompression stroke<br \/>\n0~50mm (adjustable)<br \/>\nPressure plate spacing<br \/>\n100mm (adjustable)<br \/>\nArea of press board<br \/>\n30*30cm<br \/>\nCompression rate<br \/>\n60cpm<br \/>\nMotor<br \/>\n1\/3 HP<br \/>\nCounter<br \/>\nLCD, 0~999,999<br \/>\nTest film<br \/>\n(50X50)mm\/(100X100)mm thick 20mm<br \/>\nWeight<br \/>\n102 kg<br \/>\nPower supply<br \/>\nAC220V,5A<\/p>\n","protected":false},"excerpt":{"rendered":"<p>Foam Polymer Compression Life Tester, Compression Deformation Rate Tester Model NG-172 MOQ 1 Set Lead Time 3-15 Working Days Country of Origin China Package Standard&#8230;<\/p>\n","protected":false},"featured_media":5199,"comment_status":"open","ping_status":"closed","template":"","meta":[],"etheme_brands":[{"term_id":67,"name":"Newgoer","slug":"newgoer","term_group":0,"term_taxonomy_id":67,"taxonomy":"brand","description":"","parent":0,"count":271,"filter":"raw"}],"product_cat":[64],"product_tag":[],"_links":{"self":[{"href":"https:\/\/www.cncmarketi.com\/index.php\/wp-json\/wp\/v2\/product\/5205"}],"collection":[{"href":"https:\/\/www.cncmarketi.com\/index.php\/wp-json\/wp\/v2\/product"}],"about":[{"href":"https:\/\/www.cncmarketi.com\/index.php\/wp-json\/wp\/v2\/types\/product"}],"replies":[{"embeddable":true,"href":"https:\/\/www.cncmarketi.com\/index.php\/wp-json\/wp\/v2\/comments?post=5205"}],"version-history":[{"count":0,"href":"https:\/\/www.cncmarketi.com\/index.php\/wp-json\/wp\/v2\/product\/5205\/revisions"}],"wp:featuredmedia":[{"embeddable":true,"href":"https:\/\/www.cncmarketi.com\/index.php\/wp-json\/wp\/v2\/media\/5199"}],"wp:attachment":[{"href":"https:\/\/www.cncmarketi.com\/index.php\/wp-json\/wp\/v2\/media?parent=5205"}],"wp:term":[{"taxonomy":"brand","embeddable":true,"href":"https:\/\/www.cncmarketi.com\/index.php\/wp-json\/wp\/v2\/etheme_brands?post=5205"},{"taxonomy":"product_cat","embeddable":true,"href":"https:\/\/www.cncmarketi.com\/index.php\/wp-json\/wp\/v2\/product_cat?post=5205"},{"taxonomy":"product_tag","embeddable":true,"href":"https:\/\/www.cncmarketi.com\/index.php\/wp-json\/wp\/v2\/product_tag?post=5205"}],"curies":[{"name":"wp","href":"https:\/\/api.w.org\/{rel}","templated":true}]}}